{"id":29923,"date":"2021-11-15T21:52:39","date_gmt":"2021-11-16T01:52:39","guid":{"rendered":"https:\/\/www.avantage-plus.com\/achievements\/store\/quartz-co\/"},"modified":"2023-03-09T15:02:13","modified_gmt":"2023-03-09T19:02:13","slug":"quartz-co","status":"publish","type":"page","link":"https:\/\/www.avantage-plus.com\/en\/projects\/retail\/quartz-co\/","title":{"rendered":"Quartz Co."},"content":{"rendered":"<div class=\"wpb-content-wrapper\"><p>[vc_row unlock_row_content=&#8221;yes&#8221; row_height_percent=&#8221;0&#8243; back_image=&#8221;29905&#8243; overlay_alpha=&#8221;50&#8243; gutter_size=&#8221;3&#8243; shift_y=&#8221;0&#8243; row_name=&#8221;row-full-realisation-bg&#8221;][vc_column width=&#8221;1\/1&#8243;][\/vc_column][\/vc_row][vc_row row_height_percent=&#8221;0&#8243; overlay_alpha=&#8221;50&#8243; gutter_size=&#8221;3&#8243; shift_y=&#8221;0&#8243; el_class=&#8221;row-title&#8221; row_name=&#8221;row-title&#8221;][vc_column width=&#8221;1\/1&#8243;][vc_column_text]<\/p>\n<h1>Quartz Co.<\/h1>\n<hr class=\"relalisation-separator\" \/>\n<p>[\/vc_column_text][\/vc_column][\/vc_row][vc_row row_height_percent=&#8221;0&#8243; overlay_alpha=&#8221;50&#8243; equal_height=&#8221;yes&#8221; gutter_size=&#8221;4&#8243; shift_y=&#8221;0&#8243; row_name=&#8221;row-realisation-content&#8221;][vc_column column_width_percent=&#8221;100&#8243; override_padding=&#8221;yes&#8221; column_padding=&#8221;3&#8243; overlay_alpha=&#8221;50&#8243; gutter_size=&#8221;3&#8243; medium_width=&#8221;0&#8243; shift_x=&#8221;0&#8243; shift_y=&#8221;0&#8243; z_index=&#8221;0&#8243; width=&#8221;3\/4&#8243; el_class=&#8221;realisation-col-content&#8221;][vc_column_text]<strong>Opening a brand new store for a globally recognized brand!<\/strong><\/p>\n<p>The Quartz Co. brand known for its high-end winter coats opted for our agile management approach to turnkey projects when launching its brand new store in Montreal. This Canadian company has enjoyed remarkable growth in recent years, which is why it required an intelligently designed multifunctional space for its needs.<\/p>\n<p>In this project, the A+ team successfully managed the renovation of an over 10,000-square-foot space housing a showroom, a store and a design studio. This project had its share of challenges like any other, but we always managed to find a range of solutions for them.<\/p>\n<p>The space was designed so that the studio is situated next to the street on one side of the building to proudly advertise the Quartz Co. brand as a local manufacturer, while the store is located on the other side of the building and features lighting effects, mirrors, grating and a system of racks developed by Blanchette Architectes in addition to custom-built furnishings by Rainville Sangar\u00e9.[\/vc_column_text][vc_column_text css=&#8221;.vc_custom_1642191285909{padding-top: 20px !important;}&#8221;]<\/p>\n<blockquote><p><em>\u00a0<\/em><em>\u00ab A+ team members were extremely responsive to the unforeseen events that typically arise in this kind of project. They were also able to effectively coordinate and communicate with the many different professionals involved to deliver a quality product within the promised period of time. The highlights of our experience: They were effective communicators, always available to the client, and never avoided difficult questions \u00bb<\/em> \u2013 <strong>Fran\u00e7ois-Xavier Robert, Chief Operating at Quartz Co.<\/strong><\/p><\/blockquote>\n<p>[\/vc_column_text][vc_column_text el_class=&#8221;credits&#8221;]<u>Credits<\/u><br \/>\nProject management : A+ | Architects &amp; Designers : Blanchette Architecte, Rainville Sangar\u00e9 and Quartz Co. | Photographer : Quartz Co. Rainville Sangar\u00e9[\/vc_column_text][\/vc_column][vc_column column_width_percent=&#8221;100&#8243; position_vertical=&#8221;middle&#8221; expand_height=&#8221;yes&#8221; overlay_alpha=&#8221;50&#8243; gutter_size=&#8221;3&#8243; medium_width=&#8221;0&#8243; shift_x=&#8221;0&#8243; shift_y=&#8221;0&#8243; z_index=&#8221;0&#8243; width=&#8221;1\/4&#8243; el_class=&#8221;col-realisation-extra-info&#8221;][vc_column_text]<strong>Type :<br \/>\n<\/strong>Retail<\/p>\n<p><strong>Surface area :<br \/>\n<\/strong>10,000 ft<sup>2<\/sup>[\/vc_column_text][\/vc_column][\/vc_row][vc_row unlock_row_content=&#8221;yes&#8221; row_height_percent=&#8221;0&#8243; overlay_alpha=&#8221;50&#8243; gutter_size=&#8221;3&#8243; shift_y=&#8221;0&#8243;][vc_column width=&#8221;1\/1&#8243;][vc_column_text]<link rel=\"preload\" as=\"image\" href=\"https:\/\/eadn-wc05-5238924.nxedge.io\/wp-content\/uploads\/2021\/11\/Quartz_BlanchetteArchitectes_Quartz_RainvilleSangare_13-1024x576.jpg\">\n<link rel=\"preload\" as=\"image\" href=\"https:\/\/eadn-wc05-5238924.nxedge.io\/wp-content\/uploads\/2021\/11\/001_QUARTZCO_FLAGSHIP_\u00a9rainvillesangare-1020x680-1.jpeg\">\n<link rel=\"preload\" as=\"image\" href=\"https:\/\/eadn-wc05-5238924.nxedge.io\/wp-content\/uploads\/2015\/12\/QUARTZ-1-678x1024.jpg\">\n<link rel=\"preload\" as=\"image\" href=\"https:\/\/eadn-wc05-5238924.nxedge.io\/wp-content\/uploads\/2021\/11\/e69938_b668b9a0dc124ae6aeed9d022351f155_mv2.webp\">\n<link rel=\"preload\" as=\"image\" href=\"https:\/\/eadn-wc05-5238924.nxedge.io\/wp-content\/uploads\/2015\/12\/QUARTZ3-677x1024.jpg\">\n<link rel=\"preload\" as=\"image\" href=\"https:\/\/eadn-wc05-5238924.nxedge.io\/wp-content\/uploads\/2015\/12\/2CE5F8D9-A8D7-4C56-A910-66CDFB98F69D_Copy-1024x711.jpg\">\n<div class=\"image-gallery\" id=\"myImageGallery_69d8f91a3f496\"><\/div>[\/vc_column_text][\/vc_column][\/vc_row]<\/p>\n<\/div>","protected":false},"excerpt":{"rendered":"<p>[vc_row unlock_row_content=&#8221;yes&#8221; row_height_percent=&#8221;0&#8243; back_image=&#8221;29905&#8243; overlay_alpha=&#8221;50&#8243; gutter_size=&#8221;3&#8243; shift_y=&#8221;0&#8243; row_name=&#8221;row-full-realisation-bg&#8221;][vc_column width=&#8221;1\/1&#8243;][\/vc_column][\/vc_row][vc_row row_height_percent=&#8221;0&#8243; overlay_alpha=&#8221;50&#8243; gutter_size=&#8221;3&#8243; shift_y=&#8221;0&#8243; el_class=&#8221;row-title&#8221; row_name=&#8221;row-title&#8221;][vc_column width=&#8221;1\/1&#8243;][vc_column_text] Quartz Co. [\/vc_column_text][\/vc_column][\/vc_row][vc_row row_height_percent=&#8221;0&#8243;<a class=\"moretag\" href=\"https:\/\/www.avantage-plus.com\/en\/projects\/retail\/quartz-co\/\"> Read the full article patate&#8230;<\/a><\/p>\n","protected":false},"author":14,"featured_media":0,"parent":29366,"menu_order":0,"comment_status":"closed","ping_status":"closed","template":"","meta":{"_acf_changed":false,"footnotes":""},"class_list":["post-29923","page","type-page","status-publish","hentry"],"acf":[],"yoast_head":"<!-- This site is optimized with the Yoast SEO plugin v26.9 - https:\/\/yoast.com\/product\/yoast-seo-wordpress\/ -->\n<title>Quartz Co. - Une toute premi\u00e8re boutique \u00e0 Montr\u00e9al!<\/title>\n<meta name=\"description\" content=\"Connaissant une croissance remarquable ces derni\u00e8res ann\u00e9es, cette entreprise canadienne avait besoin d\u2019un espace multifonctionnel avec un design intelligent afin de pouvoir correspondre \u00e0 tous ses besoins.\" \/>\n<meta name=\"robots\" content=\"index, follow, max-snippet:-1, max-image-preview:large, max-video-preview:-1\" \/>\n<link rel=\"canonical\" href=\"https:\/\/www.avantage-plus.com\/en\/projects\/retail\/quartz-co\/\" \/>\n<meta property=\"og:locale\" content=\"en_US\" \/>\n<meta property=\"og:type\" content=\"article\" \/>\n<meta property=\"og:title\" content=\"Quartz Co. - Une toute premi\u00e8re boutique \u00e0 Montr\u00e9al!\" \/>\n<meta property=\"og:description\" content=\"Connaissant une croissance remarquable ces derni\u00e8res ann\u00e9es, cette entreprise canadienne avait besoin d\u2019un espace multifonctionnel avec un design intelligent afin de pouvoir correspondre \u00e0 tous ses besoins.\" \/>\n<meta property=\"og:url\" content=\"https:\/\/www.avantage-plus.com\/en\/projects\/retail\/quartz-co\/\" \/>\n<meta property=\"og:site_name\" content=\"A+\" \/>\n<meta property=\"article:publisher\" content=\"https:\/\/www.facebook.com\/avantageplus\/\" \/>\n<meta property=\"article:modified_time\" content=\"2023-03-09T19:02:13+00:00\" \/>\n<meta name=\"twitter:card\" content=\"summary_large_image\" \/>\n<meta name=\"twitter:label1\" content=\"Est. reading time\" \/>\n\t<meta name=\"twitter:data1\" content=\"2 minutes\" \/>\n<script type=\"application\/ld+json\" class=\"yoast-schema-graph\">{\"@context\":\"https:\/\/schema.org\",\"@graph\":[{\"@type\":\"WebPage\",\"@id\":\"https:\/\/www.avantage-plus.com\/en\/projects\/retail\/quartz-co\/\",\"url\":\"https:\/\/www.avantage-plus.com\/en\/projects\/retail\/quartz-co\/\",\"name\":\"Quartz Co. - Une toute premi\u00e8re boutique \u00e0 Montr\u00e9al!\",\"isPartOf\":{\"@id\":\"https:\/\/www.avantage-plus.com\/en\/#website\"},\"datePublished\":\"2021-11-16T01:52:39+00:00\",\"dateModified\":\"2023-03-09T19:02:13+00:00\",\"description\":\"Connaissant une croissance remarquable ces derni\u00e8res ann\u00e9es, cette entreprise canadienne avait besoin d\u2019un espace multifonctionnel avec un design intelligent afin de pouvoir correspondre \u00e0 tous ses besoins.\",\"breadcrumb\":{\"@id\":\"https:\/\/www.avantage-plus.com\/en\/projects\/retail\/quartz-co\/#breadcrumb\"},\"inLanguage\":\"en-US\",\"potentialAction\":[{\"@type\":\"ReadAction\",\"target\":[\"https:\/\/www.avantage-plus.com\/en\/projects\/retail\/quartz-co\/\"]}]},{\"@type\":\"BreadcrumbList\",\"@id\":\"https:\/\/www.avantage-plus.com\/en\/projects\/retail\/quartz-co\/#breadcrumb\",\"itemListElement\":[{\"@type\":\"ListItem\",\"position\":1,\"name\":\"Home\",\"item\":\"https:\/\/www.avantage-plus.com\/en\/\"},{\"@type\":\"ListItem\",\"position\":2,\"name\":\"Projects\",\"item\":\"https:\/\/www.avantage-plus.com\/en\/projects\/\"},{\"@type\":\"ListItem\",\"position\":3,\"name\":\"Retail\",\"item\":\"https:\/\/www.avantage-plus.com\/en\/projects\/retail\/\"},{\"@type\":\"ListItem\",\"position\":4,\"name\":\"Quartz Co.\"}]},{\"@type\":\"WebSite\",\"@id\":\"https:\/\/www.avantage-plus.com\/en\/#website\",\"url\":\"https:\/\/www.avantage-plus.com\/en\/\",\"name\":\"A+\",\"description\":\"Entreprise en construction\",\"potentialAction\":[{\"@type\":\"SearchAction\",\"target\":{\"@type\":\"EntryPoint\",\"urlTemplate\":\"https:\/\/www.avantage-plus.com\/en\/?s={search_term_string}\"},\"query-input\":{\"@type\":\"PropertyValueSpecification\",\"valueRequired\":true,\"valueName\":\"search_term_string\"}}],\"inLanguage\":\"en-US\"}]}<\/script>\n<!-- \/ Yoast SEO plugin. -->","yoast_head_json":{"title":"Quartz Co. - Une toute premi\u00e8re boutique \u00e0 Montr\u00e9al!","description":"Connaissant une croissance remarquable ces derni\u00e8res ann\u00e9es, cette entreprise canadienne avait besoin d\u2019un espace multifonctionnel avec un design intelligent afin de pouvoir correspondre \u00e0 tous ses besoins.","robots":{"index":"index","follow":"follow","max-snippet":"max-snippet:-1","max-image-preview":"max-image-preview:large","max-video-preview":"max-video-preview:-1"},"canonical":"https:\/\/www.avantage-plus.com\/en\/projects\/retail\/quartz-co\/","og_locale":"en_US","og_type":"article","og_title":"Quartz Co. - Une toute premi\u00e8re boutique \u00e0 Montr\u00e9al!","og_description":"Connaissant une croissance remarquable ces derni\u00e8res ann\u00e9es, cette entreprise canadienne avait besoin d\u2019un espace multifonctionnel avec un design intelligent afin de pouvoir correspondre \u00e0 tous ses besoins.","og_url":"https:\/\/www.avantage-plus.com\/en\/projects\/retail\/quartz-co\/","og_site_name":"A+","article_publisher":"https:\/\/www.facebook.com\/avantageplus\/","article_modified_time":"2023-03-09T19:02:13+00:00","twitter_card":"summary_large_image","twitter_misc":{"Est. reading time":"2 minutes"},"schema":{"@context":"https:\/\/schema.org","@graph":[{"@type":"WebPage","@id":"https:\/\/www.avantage-plus.com\/en\/projects\/retail\/quartz-co\/","url":"https:\/\/www.avantage-plus.com\/en\/projects\/retail\/quartz-co\/","name":"Quartz Co. - Une toute premi\u00e8re boutique \u00e0 Montr\u00e9al!","isPartOf":{"@id":"https:\/\/www.avantage-plus.com\/en\/#website"},"datePublished":"2021-11-16T01:52:39+00:00","dateModified":"2023-03-09T19:02:13+00:00","description":"Connaissant une croissance remarquable ces derni\u00e8res ann\u00e9es, cette entreprise canadienne avait besoin d\u2019un espace multifonctionnel avec un design intelligent afin de pouvoir correspondre \u00e0 tous ses besoins.","breadcrumb":{"@id":"https:\/\/www.avantage-plus.com\/en\/projects\/retail\/quartz-co\/#breadcrumb"},"inLanguage":"en-US","potentialAction":[{"@type":"ReadAction","target":["https:\/\/www.avantage-plus.com\/en\/projects\/retail\/quartz-co\/"]}]},{"@type":"BreadcrumbList","@id":"https:\/\/www.avantage-plus.com\/en\/projects\/retail\/quartz-co\/#breadcrumb","itemListElement":[{"@type":"ListItem","position":1,"name":"Home","item":"https:\/\/www.avantage-plus.com\/en\/"},{"@type":"ListItem","position":2,"name":"Projects","item":"https:\/\/www.avantage-plus.com\/en\/projects\/"},{"@type":"ListItem","position":3,"name":"Retail","item":"https:\/\/www.avantage-plus.com\/en\/projects\/retail\/"},{"@type":"ListItem","position":4,"name":"Quartz Co."}]},{"@type":"WebSite","@id":"https:\/\/www.avantage-plus.com\/en\/#website","url":"https:\/\/www.avantage-plus.com\/en\/","name":"A+","description":"Entreprise en construction","potentialAction":[{"@type":"SearchAction","target":{"@type":"EntryPoint","urlTemplate":"https:\/\/www.avantage-plus.com\/en\/?s={search_term_string}"},"query-input":{"@type":"PropertyValueSpecification","valueRequired":true,"valueName":"search_term_string"}}],"inLanguage":"en-US"}]}},"_links":{"self":[{"href":"https:\/\/www.avantage-plus.com\/en\/wp-json\/wp\/v2\/pages\/29923","targetHints":{"allow":["GET"]}}],"collection":[{"href":"https:\/\/www.avantage-plus.com\/en\/wp-json\/wp\/v2\/pages"}],"about":[{"href":"https:\/\/www.avantage-plus.com\/en\/wp-json\/wp\/v2\/types\/page"}],"author":[{"embeddable":true,"href":"https:\/\/www.avantage-plus.com\/en\/wp-json\/wp\/v2\/users\/14"}],"replies":[{"embeddable":true,"href":"https:\/\/www.avantage-plus.com\/en\/wp-json\/wp\/v2\/comments?post=29923"}],"version-history":[{"count":7,"href":"https:\/\/www.avantage-plus.com\/en\/wp-json\/wp\/v2\/pages\/29923\/revisions"}],"predecessor-version":[{"id":36316,"href":"https:\/\/www.avantage-plus.com\/en\/wp-json\/wp\/v2\/pages\/29923\/revisions\/36316"}],"up":[{"embeddable":true,"href":"https:\/\/www.avantage-plus.com\/en\/wp-json\/wp\/v2\/pages\/29366"}],"wp:attachment":[{"href":"https:\/\/www.avantage-plus.com\/en\/wp-json\/wp\/v2\/media?parent=29923"}],"curies":[{"name":"wp","href":"https:\/\/api.w.org\/{rel}","templated":true}]}}