{"id":29925,"date":"2021-11-15T21:52:39","date_gmt":"2021-11-16T01:52:39","guid":{"rendered":"https:\/\/www.avantage-plus.com\/achievements\/office\/brio-conseils\/"},"modified":"2023-03-09T11:58:10","modified_gmt":"2023-03-09T15:58:10","slug":"brio-conseils","status":"publish","type":"page","link":"https:\/\/www.avantage-plus.com\/en\/projects\/office\/brio-conseils\/","title":{"rendered":"Brio Conseils"},"content":{"rendered":"<div class=\"wpb-content-wrapper\"><p>[vc_row unlock_row_content=&#8221;yes&#8221; row_height_percent=&#8221;0&#8243; back_image=&#8221;27462&#8243; overlay_alpha=&#8221;50&#8243; gutter_size=&#8221;3&#8243; shift_y=&#8221;0&#8243; row_name=&#8221;row-full-realisation-bg&#8221;][vc_column width=&#8221;1\/1&#8243;][\/vc_column][\/vc_row][vc_row row_height_percent=&#8221;0&#8243; overlay_alpha=&#8221;50&#8243; gutter_size=&#8221;3&#8243; shift_y=&#8221;0&#8243; el_class=&#8221;row-title&#8221; row_name=&#8221;row-title&#8221;][vc_column width=&#8221;1\/1&#8243;][vc_column_text]<\/p>\n<h1>Brio Conseils<\/h1>\n<hr class=\"relalisation-separator\" \/>\n<p>[\/vc_column_text][\/vc_column][\/vc_row][vc_row row_height_percent=&#8221;0&#8243; overlay_alpha=&#8221;50&#8243; equal_height=&#8221;yes&#8221; gutter_size=&#8221;4&#8243; shift_y=&#8221;0&#8243; row_name=&#8221;row-realisation-content&#8221;][vc_column column_width_percent=&#8221;100&#8243; override_padding=&#8221;yes&#8221; column_padding=&#8221;3&#8243; overlay_alpha=&#8221;50&#8243; gutter_size=&#8221;3&#8243; medium_width=&#8221;0&#8243; shift_x=&#8221;0&#8243; shift_y=&#8221;0&#8243; z_index=&#8221;0&#8243; width=&#8221;3\/4&#8243; el_class=&#8221;realisation-col-content&#8221;][vc_column_text]<strong>Successfully facilitating and fast-tracking a project<\/strong><\/p>\n<p>When Brio Conseils approached us about renovating its new office space in an extremely short period of time, we were up for the challenge! This management boutique assists leaders with their organizations\u2019 continuous evolution initiatives and wanted to provide a welcoming, professional space for its 60 strategy consultants. With this in mind, we teamed up with Inside Studio design firm to design and deliver a flexible yet user-friendly workplace in less than 3 months.<\/p>\n<p>Just like in any other project, we had to overcome several obstacles, but as the facilitator, we were able to come up with appropriate alternatives in keeping with the initial plans and budget. And once again, we worked effectively with all other professionals involved to achieve the final result, which reflected Brio Conseils\u2019 new look and corporate direction.[\/vc_column_text][vc_column_text css=&#8221;.vc_custom_1642189038444{padding-top: 20px !important;}&#8221;]<\/p>\n<blockquote><p><em>\u00ab Working with a team that shares the same values as our company makes all the difference! The project was executed seamlessly and we appreciated the numerous follow-ups. Meetings with the team were always efficient and enthusiastic. \u00bb<\/em>\u00a0<strong>\u2013<\/strong> <strong>Michel Drouin, Partner at Brio Conseils.<\/strong><\/p><\/blockquote>\n<p>[\/vc_column_text][vc_column_text el_class=&#8221;credits&#8221;]<u>Credits<\/u><br \/>\nProject management and construction : A+ | Architects &amp; Designers : Inside Studio | Photographer : Maxime Brouillet[\/vc_column_text][\/vc_column][vc_column column_width_percent=&#8221;100&#8243; position_vertical=&#8221;middle&#8221; expand_height=&#8221;yes&#8221; overlay_alpha=&#8221;50&#8243; gutter_size=&#8221;3&#8243; medium_width=&#8221;0&#8243; shift_x=&#8221;0&#8243; shift_y=&#8221;0&#8243; z_index=&#8221;0&#8243; width=&#8221;1\/4&#8243; el_class=&#8221;col-realisation-extra-info&#8221;][vc_column_text]<strong>Type :<br \/>\n<\/strong>Office<\/p>\n<p><strong>Surface area :<br \/>\n<\/strong>8,000 ft2[\/vc_column_text][\/vc_column][\/vc_row][vc_row unlock_row_content=&#8221;yes&#8221; row_height_percent=&#8221;0&#8243; overlay_alpha=&#8221;50&#8243; gutter_size=&#8221;3&#8243; shift_y=&#8221;0&#8243;][vc_column width=&#8221;1\/1&#8243;][vc_column_text]<link rel=\"preload\" as=\"image\" href=\"https:\/\/eadn-wc05-5238924.nxedge.io\/wp-content\/uploads\/2017\/11\/Brio-6-2-1024x683.jpg\">\n<link rel=\"preload\" as=\"image\" href=\"https:\/\/eadn-wc05-5238924.nxedge.io\/wp-content\/uploads\/2017\/11\/Brio-11-2-1024x683.jpg\">\n<link rel=\"preload\" as=\"image\" href=\"https:\/\/eadn-wc05-5238924.nxedge.io\/wp-content\/uploads\/2017\/11\/Brio-2-2-683x1024.jpg\">\n<link rel=\"preload\" as=\"image\" href=\"https:\/\/eadn-wc05-5238924.nxedge.io\/wp-content\/uploads\/2017\/11\/Brio-7-2-1024x683.jpg\">\n<link rel=\"preload\" as=\"image\" href=\"https:\/\/eadn-wc05-5238924.nxedge.io\/wp-content\/uploads\/2017\/11\/Brio-3-2-1024x683.jpg\">\n<link rel=\"preload\" as=\"image\" href=\"https:\/\/eadn-wc05-5238924.nxedge.io\/wp-content\/uploads\/2017\/11\/Brio-9-2-1024x683.jpg\">\n<link rel=\"preload\" as=\"image\" href=\"https:\/\/eadn-wc05-5238924.nxedge.io\/wp-content\/uploads\/2017\/11\/Brio-12-2-1024x683.jpg\">\n<link rel=\"preload\" as=\"image\" href=\"https:\/\/eadn-wc05-5238924.nxedge.io\/wp-content\/uploads\/2017\/11\/Brio-13-2-1024x683.jpg\">\n<div class=\"image-gallery\" id=\"myImageGallery_69d8f9216a35d\"><\/div>[\/vc_column_text][\/vc_column][\/vc_row]<\/p>\n<\/div>","protected":false},"excerpt":{"rendered":"<p>[vc_row unlock_row_content=&#8221;yes&#8221; row_height_percent=&#8221;0&#8243; back_image=&#8221;27462&#8243; overlay_alpha=&#8221;50&#8243; gutter_size=&#8221;3&#8243; shift_y=&#8221;0&#8243; row_name=&#8221;row-full-realisation-bg&#8221;][vc_column width=&#8221;1\/1&#8243;][\/vc_column][\/vc_row][vc_row row_height_percent=&#8221;0&#8243; overlay_alpha=&#8221;50&#8243; gutter_size=&#8221;3&#8243; shift_y=&#8221;0&#8243; el_class=&#8221;row-title&#8221; row_name=&#8221;row-title&#8221;][vc_column width=&#8221;1\/1&#8243;][vc_column_text] Brio Conseils [\/vc_column_text][\/vc_column][\/vc_row][vc_row row_height_percent=&#8221;0&#8243;<a class=\"moretag\" href=\"https:\/\/www.avantage-plus.com\/en\/projects\/office\/brio-conseils\/\"> Read the full article patate&#8230;<\/a><\/p>\n","protected":false},"author":14,"featured_media":0,"parent":29356,"menu_order":0,"comment_status":"closed","ping_status":"closed","template":"","meta":{"_acf_changed":false,"footnotes":""},"class_list":["post-29925","page","type-page","status-publish","hentry"],"acf":[],"yoast_head":"<!-- This site is optimized with the Yoast SEO plugin v26.9 - https:\/\/yoast.com\/product\/yoast-seo-wordpress\/ -->\n<title>Brio Conseils - R\u00e9aliser en 3 mois un lieu de travail flexible et convivial<\/title>\n<meta name=\"description\" content=\"Brio Conseils voulait offrir un tout nouvel espace \u00e0 ses 60 conseillers strat\u00e9giques. Nous avons donc fait \u00e9quipe avec la firme de design Inside Studio afin d&#039;offrir un nouvel am\u00e9nagement de bureau \u00e0 leur image.\" \/>\n<meta name=\"robots\" content=\"index, follow, max-snippet:-1, max-image-preview:large, max-video-preview:-1\" \/>\n<link rel=\"canonical\" href=\"https:\/\/www.avantage-plus.com\/en\/projects\/office\/brio-conseils\/\" \/>\n<meta property=\"og:locale\" content=\"en_US\" \/>\n<meta property=\"og:type\" content=\"article\" \/>\n<meta property=\"og:title\" content=\"Brio Conseils - R\u00e9aliser en 3 mois un lieu de travail flexible et convivial\" \/>\n<meta property=\"og:description\" content=\"Brio Conseils voulait offrir un tout nouvel espace \u00e0 ses 60 conseillers strat\u00e9giques. Nous avons donc fait \u00e9quipe avec la firme de design Inside Studio afin d&#039;offrir un nouvel am\u00e9nagement de bureau \u00e0 leur image.\" \/>\n<meta property=\"og:url\" content=\"https:\/\/www.avantage-plus.com\/en\/projects\/office\/brio-conseils\/\" \/>\n<meta property=\"og:site_name\" content=\"A+\" \/>\n<meta property=\"article:publisher\" content=\"https:\/\/www.facebook.com\/avantageplus\/\" \/>\n<meta property=\"article:modified_time\" content=\"2023-03-09T15:58:10+00:00\" \/>\n<meta name=\"twitter:card\" content=\"summary_large_image\" \/>\n<meta name=\"twitter:label1\" content=\"Est. reading time\" \/>\n\t<meta name=\"twitter:data1\" content=\"2 minutes\" \/>\n<script type=\"application\/ld+json\" class=\"yoast-schema-graph\">{\"@context\":\"https:\/\/schema.org\",\"@graph\":[{\"@type\":\"WebPage\",\"@id\":\"https:\/\/www.avantage-plus.com\/en\/projects\/office\/brio-conseils\/\",\"url\":\"https:\/\/www.avantage-plus.com\/en\/projects\/office\/brio-conseils\/\",\"name\":\"Brio Conseils - R\u00e9aliser en 3 mois un lieu de travail flexible et convivial\",\"isPartOf\":{\"@id\":\"https:\/\/www.avantage-plus.com\/en\/#website\"},\"datePublished\":\"2021-11-16T01:52:39+00:00\",\"dateModified\":\"2023-03-09T15:58:10+00:00\",\"description\":\"Brio Conseils voulait offrir un tout nouvel espace \u00e0 ses 60 conseillers strat\u00e9giques. Nous avons donc fait \u00e9quipe avec la firme de design Inside Studio afin d'offrir un nouvel am\u00e9nagement de bureau \u00e0 leur image.\",\"breadcrumb\":{\"@id\":\"https:\/\/www.avantage-plus.com\/en\/projects\/office\/brio-conseils\/#breadcrumb\"},\"inLanguage\":\"en-US\",\"potentialAction\":[{\"@type\":\"ReadAction\",\"target\":[\"https:\/\/www.avantage-plus.com\/en\/projects\/office\/brio-conseils\/\"]}]},{\"@type\":\"BreadcrumbList\",\"@id\":\"https:\/\/www.avantage-plus.com\/en\/projects\/office\/brio-conseils\/#breadcrumb\",\"itemListElement\":[{\"@type\":\"ListItem\",\"position\":1,\"name\":\"Home\",\"item\":\"https:\/\/www.avantage-plus.com\/en\/\"},{\"@type\":\"ListItem\",\"position\":2,\"name\":\"Projects\",\"item\":\"https:\/\/www.avantage-plus.com\/en\/projects\/\"},{\"@type\":\"ListItem\",\"position\":3,\"name\":\"Office\",\"item\":\"https:\/\/www.avantage-plus.com\/en\/projects\/office\/\"},{\"@type\":\"ListItem\",\"position\":4,\"name\":\"Brio Conseils\"}]},{\"@type\":\"WebSite\",\"@id\":\"https:\/\/www.avantage-plus.com\/en\/#website\",\"url\":\"https:\/\/www.avantage-plus.com\/en\/\",\"name\":\"A+\",\"description\":\"Entreprise en construction\",\"potentialAction\":[{\"@type\":\"SearchAction\",\"target\":{\"@type\":\"EntryPoint\",\"urlTemplate\":\"https:\/\/www.avantage-plus.com\/en\/?s={search_term_string}\"},\"query-input\":{\"@type\":\"PropertyValueSpecification\",\"valueRequired\":true,\"valueName\":\"search_term_string\"}}],\"inLanguage\":\"en-US\"}]}<\/script>\n<!-- \/ Yoast SEO plugin. -->","yoast_head_json":{"title":"Brio Conseils - R\u00e9aliser en 3 mois un lieu de travail flexible et convivial","description":"Brio Conseils voulait offrir un tout nouvel espace \u00e0 ses 60 conseillers strat\u00e9giques. Nous avons donc fait \u00e9quipe avec la firme de design Inside Studio afin d'offrir un nouvel am\u00e9nagement de bureau \u00e0 leur image.","robots":{"index":"index","follow":"follow","max-snippet":"max-snippet:-1","max-image-preview":"max-image-preview:large","max-video-preview":"max-video-preview:-1"},"canonical":"https:\/\/www.avantage-plus.com\/en\/projects\/office\/brio-conseils\/","og_locale":"en_US","og_type":"article","og_title":"Brio Conseils - R\u00e9aliser en 3 mois un lieu de travail flexible et convivial","og_description":"Brio Conseils voulait offrir un tout nouvel espace \u00e0 ses 60 conseillers strat\u00e9giques. Nous avons donc fait \u00e9quipe avec la firme de design Inside Studio afin d'offrir un nouvel am\u00e9nagement de bureau \u00e0 leur image.","og_url":"https:\/\/www.avantage-plus.com\/en\/projects\/office\/brio-conseils\/","og_site_name":"A+","article_publisher":"https:\/\/www.facebook.com\/avantageplus\/","article_modified_time":"2023-03-09T15:58:10+00:00","twitter_card":"summary_large_image","twitter_misc":{"Est. reading time":"2 minutes"},"schema":{"@context":"https:\/\/schema.org","@graph":[{"@type":"WebPage","@id":"https:\/\/www.avantage-plus.com\/en\/projects\/office\/brio-conseils\/","url":"https:\/\/www.avantage-plus.com\/en\/projects\/office\/brio-conseils\/","name":"Brio Conseils - R\u00e9aliser en 3 mois un lieu de travail flexible et convivial","isPartOf":{"@id":"https:\/\/www.avantage-plus.com\/en\/#website"},"datePublished":"2021-11-16T01:52:39+00:00","dateModified":"2023-03-09T15:58:10+00:00","description":"Brio Conseils voulait offrir un tout nouvel espace \u00e0 ses 60 conseillers strat\u00e9giques. Nous avons donc fait \u00e9quipe avec la firme de design Inside Studio afin d'offrir un nouvel am\u00e9nagement de bureau \u00e0 leur image.","breadcrumb":{"@id":"https:\/\/www.avantage-plus.com\/en\/projects\/office\/brio-conseils\/#breadcrumb"},"inLanguage":"en-US","potentialAction":[{"@type":"ReadAction","target":["https:\/\/www.avantage-plus.com\/en\/projects\/office\/brio-conseils\/"]}]},{"@type":"BreadcrumbList","@id":"https:\/\/www.avantage-plus.com\/en\/projects\/office\/brio-conseils\/#breadcrumb","itemListElement":[{"@type":"ListItem","position":1,"name":"Home","item":"https:\/\/www.avantage-plus.com\/en\/"},{"@type":"ListItem","position":2,"name":"Projects","item":"https:\/\/www.avantage-plus.com\/en\/projects\/"},{"@type":"ListItem","position":3,"name":"Office","item":"https:\/\/www.avantage-plus.com\/en\/projects\/office\/"},{"@type":"ListItem","position":4,"name":"Brio Conseils"}]},{"@type":"WebSite","@id":"https:\/\/www.avantage-plus.com\/en\/#website","url":"https:\/\/www.avantage-plus.com\/en\/","name":"A+","description":"Entreprise en construction","potentialAction":[{"@type":"SearchAction","target":{"@type":"EntryPoint","urlTemplate":"https:\/\/www.avantage-plus.com\/en\/?s={search_term_string}"},"query-input":{"@type":"PropertyValueSpecification","valueRequired":true,"valueName":"search_term_string"}}],"inLanguage":"en-US"}]}},"_links":{"self":[{"href":"https:\/\/www.avantage-plus.com\/en\/wp-json\/wp\/v2\/pages\/29925","targetHints":{"allow":["GET"]}}],"collection":[{"href":"https:\/\/www.avantage-plus.com\/en\/wp-json\/wp\/v2\/pages"}],"about":[{"href":"https:\/\/www.avantage-plus.com\/en\/wp-json\/wp\/v2\/types\/page"}],"author":[{"embeddable":true,"href":"https:\/\/www.avantage-plus.com\/en\/wp-json\/wp\/v2\/users\/14"}],"replies":[{"embeddable":true,"href":"https:\/\/www.avantage-plus.com\/en\/wp-json\/wp\/v2\/comments?post=29925"}],"version-history":[{"count":6,"href":"https:\/\/www.avantage-plus.com\/en\/wp-json\/wp\/v2\/pages\/29925\/revisions"}],"predecessor-version":[{"id":36275,"href":"https:\/\/www.avantage-plus.com\/en\/wp-json\/wp\/v2\/pages\/29925\/revisions\/36275"}],"up":[{"embeddable":true,"href":"https:\/\/www.avantage-plus.com\/en\/wp-json\/wp\/v2\/pages\/29356"}],"wp:attachment":[{"href":"https:\/\/www.avantage-plus.com\/en\/wp-json\/wp\/v2\/media?parent=29925"}],"curies":[{"name":"wp","href":"https:\/\/api.w.org\/{rel}","templated":true}]}}