{"id":29927,"date":"2021-11-15T21:52:39","date_gmt":"2021-11-16T01:52:39","guid":{"rendered":"https:\/\/www.avantage-plus.com\/achievements\/office\/dialogue\/"},"modified":"2023-05-19T13:58:32","modified_gmt":"2023-05-19T17:58:32","slug":"dialogue","status":"publish","type":"page","link":"https:\/\/www.avantage-plus.com\/en\/projects\/office\/dialogue\/","title":{"rendered":"Dialogue"},"content":{"rendered":"<div class=\"wpb-content-wrapper\"><p>[vc_row unlock_row_content=&#8221;yes&#8221; row_height_percent=&#8221;0&#8243; back_image=&#8221;29379&#8243; overlay_alpha=&#8221;50&#8243; gutter_size=&#8221;3&#8243; shift_y=&#8221;0&#8243; row_name=&#8221;row-full-realisation-bg&#8221;][vc_column width=&#8221;1\/1&#8243;][\/vc_column][\/vc_row][vc_row row_height_percent=&#8221;0&#8243; overlay_alpha=&#8221;50&#8243; gutter_size=&#8221;3&#8243; shift_y=&#8221;0&#8243; el_class=&#8221;row-title&#8221; row_name=&#8221;row-title&#8221;][vc_column width=&#8221;1\/1&#8243;][vc_column_text]<\/p>\n<h1>Dialogue<\/h1>\n<hr class=\"relalisation-separator\" \/>\n<p>[\/vc_column_text][\/vc_column][\/vc_row][vc_row row_height_percent=&#8221;0&#8243; overlay_alpha=&#8221;50&#8243; equal_height=&#8221;yes&#8221; gutter_size=&#8221;4&#8243; shift_y=&#8221;0&#8243; row_name=&#8221;row-realisation-content&#8221;][vc_column column_width_percent=&#8221;100&#8243; override_padding=&#8221;yes&#8221; column_padding=&#8221;3&#8243; overlay_alpha=&#8221;50&#8243; gutter_size=&#8221;3&#8243; medium_width=&#8221;0&#8243; shift_x=&#8221;0&#8243; shift_y=&#8221;0&#8243; z_index=&#8221;0&#8243; width=&#8221;3\/4&#8243; el_class=&#8221;realisation-col-content&#8221;][vc_column_text]<strong>A race against the clock won thanks to our ICPM approach<\/strong><\/p>\n<p><a href=\"https:\/\/www.dialogue.co\/fr\/\">Dialogue<\/a>, a Montreal-based telemedicine platform, experienced rapid growth and doubled its workforce within a span of 6 months. As a result, the company needed to find a suitable space to accommodate this new reality and chose to entrust us with the overall project management to design their future offices.<\/p>\n<p>The mandate: Create an attractive and creative space within a 15,000 sq. ft. area in a heritage building while adhering to a tight schedule. The design and construction phases overlapped with the assistance of various teams involved to achieve this! Thanks to our agility and the collaboration of all, we successfully won this race against the clock and delivered a project that meets expectations, providing an environment where Dialogue&#8217;s employees can thrive!<\/p>\n<p>This project also won several industry awards for its unique design: 2021 German Design Award, 2020 Loop Design Award as well as a 2019 Grand Prix du Design Award.[\/vc_column_text][vc_column_text css=&#8221;.vc_custom_1642188593185{padding-top: 20px !important;}&#8221;]<\/p>\n<blockquote><p><em>\u00ab We decided to put our trust in a partner as part of our general management approach in this project. A+ provided us with effective assistance, kept us updated on the smallest details, and quickly adjusted to changes in the situation of our project \u00bb<strong>\u00a0\u2013 <\/strong><\/em><strong>Cherif Habib, Co-Founder and CEO of Dialogue.<\/strong><\/p><\/blockquote>\n<p>[\/vc_column_text][vc_column_text el_class=&#8221;credits&#8221;]<u>Credits<\/u><br \/>\nProject management &#8211; design and construction : A+ | Architects &amp; Designers : Blanchette Architectes | Photographer : Agence Welldone[\/vc_column_text][\/vc_column][vc_column column_width_percent=&#8221;100&#8243; position_vertical=&#8221;middle&#8221; expand_height=&#8221;yes&#8221; overlay_alpha=&#8221;50&#8243; gutter_size=&#8221;3&#8243; medium_width=&#8221;0&#8243; shift_x=&#8221;0&#8243; shift_y=&#8221;0&#8243; z_index=&#8221;0&#8243; width=&#8221;1\/4&#8243; el_class=&#8221;col-realisation-extra-info&#8221;][vc_column_text]<strong>Type :<br \/>\n<\/strong>Office<\/p>\n<p><strong>Surface area :<br \/>\n<\/strong>15,000 ft2[\/vc_column_text][\/vc_column][\/vc_row][vc_row unlock_row_content=&#8221;yes&#8221; row_height_percent=&#8221;0&#8243; overlay_alpha=&#8221;50&#8243; gutter_size=&#8221;3&#8243; shift_y=&#8221;0&#8243;][vc_column width=&#8221;1\/1&#8243;][vc_column_text]<link rel=\"preload\" as=\"image\" href=\"https:\/\/eadn-wc05-5238924.nxedge.io\/wp-content\/uploads\/2016\/03\/DSC09854-1-3-1024x683.jpg\">\n<link rel=\"preload\" as=\"image\" href=\"https:\/\/eadn-wc05-5238924.nxedge.io\/wp-content\/uploads\/2016\/03\/DSC08842-Lightstreaks-2-1-3-697x1024.jpg\">\n<link rel=\"preload\" as=\"image\" href=\"https:\/\/eadn-wc05-5238924.nxedge.io\/wp-content\/uploads\/2021\/11\/Dialogue3-copie-1024x646.jpg\">\n<link rel=\"preload\" as=\"image\" href=\"https:\/\/eadn-wc05-5238924.nxedge.io\/wp-content\/uploads\/2021\/11\/Dialogue6VF-1024x683.jpg\">\n<link rel=\"preload\" as=\"image\" href=\"https:\/\/eadn-wc05-5238924.nxedge.io\/wp-content\/uploads\/2016\/03\/Dialogue7-3-1024x683.jpg\">\n<link rel=\"preload\" as=\"image\" href=\"https:\/\/eadn-wc05-5238924.nxedge.io\/wp-content\/uploads\/2016\/03\/DSC09737-1-reception-3-683x1024.jpg\">\n<link rel=\"preload\" as=\"image\" href=\"https:\/\/eadn-wc05-5238924.nxedge.io\/wp-content\/uploads\/2016\/03\/Dialogue1-3-1024x682.jpg\">\n<link rel=\"preload\" as=\"image\" href=\"https:\/\/eadn-wc05-5238924.nxedge.io\/wp-content\/uploads\/2016\/03\/Dialogue2-3-1024x683.jpg\">\n<link rel=\"preload\" as=\"image\" href=\"https:\/\/eadn-wc05-5238924.nxedge.io\/wp-content\/uploads\/2016\/03\/Dialogue5-3-1024x683.jpg\">\n<div class=\"image-gallery\" id=\"myImageGallery_69d8f920e5977\"><\/div>[\/vc_column_text][\/vc_column][\/vc_row]<\/p>\n<\/div>","protected":false},"excerpt":{"rendered":"<p>[vc_row unlock_row_content=&#8221;yes&#8221; row_height_percent=&#8221;0&#8243; back_image=&#8221;29379&#8243; overlay_alpha=&#8221;50&#8243; gutter_size=&#8221;3&#8243; shift_y=&#8221;0&#8243; row_name=&#8221;row-full-realisation-bg&#8221;][vc_column width=&#8221;1\/1&#8243;][\/vc_column][\/vc_row][vc_row row_height_percent=&#8221;0&#8243; overlay_alpha=&#8221;50&#8243; gutter_size=&#8221;3&#8243; shift_y=&#8221;0&#8243; el_class=&#8221;row-title&#8221; row_name=&#8221;row-title&#8221;][vc_column width=&#8221;1\/1&#8243;][vc_column_text] Dialogue [\/vc_column_text][\/vc_column][\/vc_row][vc_row row_height_percent=&#8221;0&#8243; overlay_alpha=&#8221;50&#8243;<a class=\"moretag\" href=\"https:\/\/www.avantage-plus.com\/en\/projects\/office\/dialogue\/\"> Read the full article patate&#8230;<\/a><\/p>\n","protected":false},"author":14,"featured_media":0,"parent":29356,"menu_order":0,"comment_status":"closed","ping_status":"closed","template":"","meta":{"_acf_changed":false,"footnotes":""},"class_list":["post-29927","page","type-page","status-publish","hentry"],"acf":[],"yoast_head":"<!-- This site is optimized with the Yoast SEO plugin v26.9 - https:\/\/yoast.com\/product\/yoast-seo-wordpress\/ -->\n<title>Dialogue - Des bureaux inspirants pour cette entreprise en croissance!<\/title>\n<meta name=\"description\" content=\"Pour r\u00e9aliser l\u2019am\u00e9nagement de ses futurs bureaux, Dialogue a choisi de confier la gestion globale du projet \u00e0 A+ en Gestion de Projet Collaborative Int\u00e9gr\u00e9e. En collaboration avec l\u2019\u00e9quipe de Blanchette Architectes, notre \u00e9quipe a donc travaill\u00e9 d\u2019arrache-pied pour cr\u00e9er un endroit correspondant aux besoins de ce client.\" \/>\n<meta name=\"robots\" content=\"index, follow, max-snippet:-1, max-image-preview:large, max-video-preview:-1\" \/>\n<link rel=\"canonical\" href=\"https:\/\/www.avantage-plus.com\/en\/projects\/office\/dialogue\/\" \/>\n<meta property=\"og:locale\" content=\"en_US\" \/>\n<meta property=\"og:type\" content=\"article\" \/>\n<meta property=\"og:title\" content=\"Dialogue - Des bureaux inspirants pour cette entreprise en croissance!\" \/>\n<meta property=\"og:description\" content=\"Pour r\u00e9aliser l\u2019am\u00e9nagement de ses futurs bureaux, Dialogue a choisi de confier la gestion globale du projet \u00e0 A+ en Gestion de Projet Collaborative Int\u00e9gr\u00e9e. En collaboration avec l\u2019\u00e9quipe de Blanchette Architectes, notre \u00e9quipe a donc travaill\u00e9 d\u2019arrache-pied pour cr\u00e9er un endroit correspondant aux besoins de ce client.\" \/>\n<meta property=\"og:url\" content=\"https:\/\/www.avantage-plus.com\/en\/projects\/office\/dialogue\/\" \/>\n<meta property=\"og:site_name\" content=\"A+\" \/>\n<meta property=\"article:publisher\" content=\"https:\/\/www.facebook.com\/avantageplus\/\" \/>\n<meta property=\"article:modified_time\" content=\"2023-05-19T17:58:32+00:00\" \/>\n<meta name=\"twitter:card\" content=\"summary_large_image\" \/>\n<meta name=\"twitter:label1\" content=\"Est. reading time\" \/>\n\t<meta name=\"twitter:data1\" content=\"2 minutes\" \/>\n<script type=\"application\/ld+json\" class=\"yoast-schema-graph\">{\"@context\":\"https:\/\/schema.org\",\"@graph\":[{\"@type\":\"WebPage\",\"@id\":\"https:\/\/www.avantage-plus.com\/en\/projects\/office\/dialogue\/\",\"url\":\"https:\/\/www.avantage-plus.com\/en\/projects\/office\/dialogue\/\",\"name\":\"Dialogue - Des bureaux inspirants pour cette entreprise en croissance!\",\"isPartOf\":{\"@id\":\"https:\/\/www.avantage-plus.com\/en\/#website\"},\"datePublished\":\"2021-11-16T01:52:39+00:00\",\"dateModified\":\"2023-05-19T17:58:32+00:00\",\"description\":\"Pour r\u00e9aliser l\u2019am\u00e9nagement de ses futurs bureaux, Dialogue a choisi de confier la gestion globale du projet \u00e0 A+ en Gestion de Projet Collaborative Int\u00e9gr\u00e9e. En collaboration avec l\u2019\u00e9quipe de Blanchette Architectes, notre \u00e9quipe a donc travaill\u00e9 d\u2019arrache-pied pour cr\u00e9er un endroit correspondant aux besoins de ce client.\",\"breadcrumb\":{\"@id\":\"https:\/\/www.avantage-plus.com\/en\/projects\/office\/dialogue\/#breadcrumb\"},\"inLanguage\":\"en-US\",\"potentialAction\":[{\"@type\":\"ReadAction\",\"target\":[\"https:\/\/www.avantage-plus.com\/en\/projects\/office\/dialogue\/\"]}]},{\"@type\":\"BreadcrumbList\",\"@id\":\"https:\/\/www.avantage-plus.com\/en\/projects\/office\/dialogue\/#breadcrumb\",\"itemListElement\":[{\"@type\":\"ListItem\",\"position\":1,\"name\":\"Home\",\"item\":\"https:\/\/www.avantage-plus.com\/en\/\"},{\"@type\":\"ListItem\",\"position\":2,\"name\":\"Projects\",\"item\":\"https:\/\/www.avantage-plus.com\/en\/projects\/\"},{\"@type\":\"ListItem\",\"position\":3,\"name\":\"Office\",\"item\":\"https:\/\/www.avantage-plus.com\/en\/projects\/office\/\"},{\"@type\":\"ListItem\",\"position\":4,\"name\":\"Dialogue\"}]},{\"@type\":\"WebSite\",\"@id\":\"https:\/\/www.avantage-plus.com\/en\/#website\",\"url\":\"https:\/\/www.avantage-plus.com\/en\/\",\"name\":\"A+\",\"description\":\"Entreprise en construction\",\"potentialAction\":[{\"@type\":\"SearchAction\",\"target\":{\"@type\":\"EntryPoint\",\"urlTemplate\":\"https:\/\/www.avantage-plus.com\/en\/?s={search_term_string}\"},\"query-input\":{\"@type\":\"PropertyValueSpecification\",\"valueRequired\":true,\"valueName\":\"search_term_string\"}}],\"inLanguage\":\"en-US\"}]}<\/script>\n<!-- \/ Yoast SEO plugin. -->","yoast_head_json":{"title":"Dialogue - Des bureaux inspirants pour cette entreprise en croissance!","description":"Pour r\u00e9aliser l\u2019am\u00e9nagement de ses futurs bureaux, Dialogue a choisi de confier la gestion globale du projet \u00e0 A+ en Gestion de Projet Collaborative Int\u00e9gr\u00e9e. En collaboration avec l\u2019\u00e9quipe de Blanchette Architectes, notre \u00e9quipe a donc travaill\u00e9 d\u2019arrache-pied pour cr\u00e9er un endroit correspondant aux besoins de ce client.","robots":{"index":"index","follow":"follow","max-snippet":"max-snippet:-1","max-image-preview":"max-image-preview:large","max-video-preview":"max-video-preview:-1"},"canonical":"https:\/\/www.avantage-plus.com\/en\/projects\/office\/dialogue\/","og_locale":"en_US","og_type":"article","og_title":"Dialogue - Des bureaux inspirants pour cette entreprise en croissance!","og_description":"Pour r\u00e9aliser l\u2019am\u00e9nagement de ses futurs bureaux, Dialogue a choisi de confier la gestion globale du projet \u00e0 A+ en Gestion de Projet Collaborative Int\u00e9gr\u00e9e. En collaboration avec l\u2019\u00e9quipe de Blanchette Architectes, notre \u00e9quipe a donc travaill\u00e9 d\u2019arrache-pied pour cr\u00e9er un endroit correspondant aux besoins de ce client.","og_url":"https:\/\/www.avantage-plus.com\/en\/projects\/office\/dialogue\/","og_site_name":"A+","article_publisher":"https:\/\/www.facebook.com\/avantageplus\/","article_modified_time":"2023-05-19T17:58:32+00:00","twitter_card":"summary_large_image","twitter_misc":{"Est. reading time":"2 minutes"},"schema":{"@context":"https:\/\/schema.org","@graph":[{"@type":"WebPage","@id":"https:\/\/www.avantage-plus.com\/en\/projects\/office\/dialogue\/","url":"https:\/\/www.avantage-plus.com\/en\/projects\/office\/dialogue\/","name":"Dialogue - Des bureaux inspirants pour cette entreprise en croissance!","isPartOf":{"@id":"https:\/\/www.avantage-plus.com\/en\/#website"},"datePublished":"2021-11-16T01:52:39+00:00","dateModified":"2023-05-19T17:58:32+00:00","description":"Pour r\u00e9aliser l\u2019am\u00e9nagement de ses futurs bureaux, Dialogue a choisi de confier la gestion globale du projet \u00e0 A+ en Gestion de Projet Collaborative Int\u00e9gr\u00e9e. En collaboration avec l\u2019\u00e9quipe de Blanchette Architectes, notre \u00e9quipe a donc travaill\u00e9 d\u2019arrache-pied pour cr\u00e9er un endroit correspondant aux besoins de ce client.","breadcrumb":{"@id":"https:\/\/www.avantage-plus.com\/en\/projects\/office\/dialogue\/#breadcrumb"},"inLanguage":"en-US","potentialAction":[{"@type":"ReadAction","target":["https:\/\/www.avantage-plus.com\/en\/projects\/office\/dialogue\/"]}]},{"@type":"BreadcrumbList","@id":"https:\/\/www.avantage-plus.com\/en\/projects\/office\/dialogue\/#breadcrumb","itemListElement":[{"@type":"ListItem","position":1,"name":"Home","item":"https:\/\/www.avantage-plus.com\/en\/"},{"@type":"ListItem","position":2,"name":"Projects","item":"https:\/\/www.avantage-plus.com\/en\/projects\/"},{"@type":"ListItem","position":3,"name":"Office","item":"https:\/\/www.avantage-plus.com\/en\/projects\/office\/"},{"@type":"ListItem","position":4,"name":"Dialogue"}]},{"@type":"WebSite","@id":"https:\/\/www.avantage-plus.com\/en\/#website","url":"https:\/\/www.avantage-plus.com\/en\/","name":"A+","description":"Entreprise en construction","potentialAction":[{"@type":"SearchAction","target":{"@type":"EntryPoint","urlTemplate":"https:\/\/www.avantage-plus.com\/en\/?s={search_term_string}"},"query-input":{"@type":"PropertyValueSpecification","valueRequired":true,"valueName":"search_term_string"}}],"inLanguage":"en-US"}]}},"_links":{"self":[{"href":"https:\/\/www.avantage-plus.com\/en\/wp-json\/wp\/v2\/pages\/29927","targetHints":{"allow":["GET"]}}],"collection":[{"href":"https:\/\/www.avantage-plus.com\/en\/wp-json\/wp\/v2\/pages"}],"about":[{"href":"https:\/\/www.avantage-plus.com\/en\/wp-json\/wp\/v2\/types\/page"}],"author":[{"embeddable":true,"href":"https:\/\/www.avantage-plus.com\/en\/wp-json\/wp\/v2\/users\/14"}],"replies":[{"embeddable":true,"href":"https:\/\/www.avantage-plus.com\/en\/wp-json\/wp\/v2\/comments?post=29927"}],"version-history":[{"count":8,"href":"https:\/\/www.avantage-plus.com\/en\/wp-json\/wp\/v2\/pages\/29927\/revisions"}],"predecessor-version":[{"id":38540,"href":"https:\/\/www.avantage-plus.com\/en\/wp-json\/wp\/v2\/pages\/29927\/revisions\/38540"}],"up":[{"embeddable":true,"href":"https:\/\/www.avantage-plus.com\/en\/wp-json\/wp\/v2\/pages\/29356"}],"wp:attachment":[{"href":"https:\/\/www.avantage-plus.com\/en\/wp-json\/wp\/v2\/media?parent=29927"}],"curies":[{"name":"wp","href":"https:\/\/api.w.org\/{rel}","templated":true}]}}