{"id":29928,"date":"2021-11-15T21:52:39","date_gmt":"2021-11-16T01:52:39","guid":{"rendered":"https:\/\/www.avantage-plus.com\/achievements\/office\/havas\/"},"modified":"2023-05-19T15:04:18","modified_gmt":"2023-05-19T19:04:18","slug":"havas","status":"publish","type":"page","link":"https:\/\/www.avantage-plus.com\/en\/projects\/office\/havas\/","title":{"rendered":"Havas"},"content":{"rendered":"<div class=\"wpb-content-wrapper\"><p>[vc_row unlock_row_content=&#8221;yes&#8221; row_height_percent=&#8221;0&#8243; back_image=&#8221;26573&#8243; overlay_alpha=&#8221;50&#8243; gutter_size=&#8221;3&#8243; shift_y=&#8221;0&#8243; row_name=&#8221;row-full-realisation-bg&#8221;][vc_column width=&#8221;1\/1&#8243;][\/vc_column][\/vc_row][vc_row row_height_percent=&#8221;0&#8243; overlay_alpha=&#8221;50&#8243; gutter_size=&#8221;3&#8243; shift_y=&#8221;0&#8243; el_class=&#8221;row-title&#8221; row_name=&#8221;row-title&#8221;][vc_column width=&#8221;1\/1&#8243;][vc_column_text]<\/p>\n<h1>Havas<\/h1>\n<hr class=\"relalisation-separator\" \/>\n<p>[\/vc_column_text][\/vc_column][\/vc_row][vc_row row_height_percent=&#8221;0&#8243; overlay_alpha=&#8221;50&#8243; equal_height=&#8221;yes&#8221; gutter_size=&#8221;4&#8243; shift_y=&#8221;0&#8243; row_name=&#8221;row-realisation-content&#8221;][vc_column column_width_percent=&#8221;100&#8243; override_padding=&#8221;yes&#8221; column_padding=&#8221;3&#8243; overlay_alpha=&#8221;50&#8243; gutter_size=&#8221;3&#8243; medium_width=&#8221;0&#8243; shift_x=&#8221;0&#8243; shift_y=&#8221;0&#8243; z_index=&#8221;0&#8243; width=&#8221;3\/4&#8243; el_class=&#8221;realisation-col-content&#8221;][vc_column_text]<strong>An exceptional office space for a Montreal agency<\/strong><\/p>\n<p>A+ was mandated to undertake an office design project for the communications agency <a href=\"https:\/\/mtl.havas.com\/\">Havas<\/a> in Montreal, working in a shared environment with their employees.<\/p>\n<p>For three months, A+ managed this project, which posed a major challenge due to the complexity of the building&#8217;s electromechanical elements and the reinforced carbon concrete structure that could not be modified.<\/p>\n<p>The final result is impressive: modern, sleek, and bright offices that provide a pleasant and inspiring workspace for Havas&#8217; team. Despite the technical challenges and the need to work closely with the client, A+ successfully created an exceptional environment that meets the needs and expectations of Havas[\/vc_column_text][vc_column_text css=&#8221;.vc_custom_1642191442214{padding-top: 20px !important;}&#8221;]<\/p>\n<blockquote><p><em>\u00ab As the client, we felt like we had a real partner in our project, people who cared about the quality of the final result and every step of the process.<i>\u00a0\u00bb<\/i> <\/em><strong>\u2013 Marie-Genevi\u00e8ve Parent, Office Manager, Havas Montr\u00e9al <\/strong><\/p><\/blockquote>\n<p>[\/vc_column_text][vc_column_text el_class=&#8221;credits&#8221;]<u>Credits<\/u><br \/>\nProject management &amp; Construction : A+ | Architects &amp; Designers : Provencher_Roy | Photographer : Maxime Brouillet[\/vc_column_text][\/vc_column][vc_column column_width_percent=&#8221;100&#8243; position_vertical=&#8221;middle&#8221; expand_height=&#8221;yes&#8221; overlay_alpha=&#8221;50&#8243; gutter_size=&#8221;3&#8243; medium_width=&#8221;0&#8243; shift_x=&#8221;0&#8243; shift_y=&#8221;0&#8243; z_index=&#8221;0&#8243; width=&#8221;1\/4&#8243; el_class=&#8221;col-realisation-extra-info&#8221;][vc_column_text]<strong>Type :<br \/>\n<\/strong>Office<\/p>\n<p><strong>Surface area :<br \/>\n<\/strong>17,000 ft<sup>2<\/sup>[\/vc_column_text][\/vc_column][\/vc_row][vc_row unlock_row_content=&#8221;yes&#8221; row_height_percent=&#8221;0&#8243; overlay_alpha=&#8221;50&#8243; gutter_size=&#8221;3&#8243; shift_y=&#8221;0&#8243;][vc_column width=&#8221;1\/1&#8243;][vc_column_text]<link rel=\"preload\" as=\"image\" href=\"https:\/\/eadn-wc05-5238924.nxedge.io\/wp-content\/uploads\/2017\/12\/Havas-15-1024x683.jpg\">\n<link rel=\"preload\" as=\"image\" href=\"https:\/\/eadn-wc05-5238924.nxedge.io\/wp-content\/uploads\/2017\/12\/Havas-10-1024x650.jpg\">\n<link rel=\"preload\" as=\"image\" href=\"https:\/\/eadn-wc05-5238924.nxedge.io\/wp-content\/uploads\/2017\/12\/Havas-9-1024x753.jpg\">\n<link rel=\"preload\" as=\"image\" href=\"https:\/\/eadn-wc05-5238924.nxedge.io\/wp-content\/uploads\/2017\/12\/Havas-4-1024x683.jpg\">\n<link rel=\"preload\" as=\"image\" href=\"https:\/\/eadn-wc05-5238924.nxedge.io\/wp-content\/uploads\/2017\/12\/Havas-7-1024x683.jpg\">\n<link rel=\"preload\" as=\"image\" href=\"https:\/\/eadn-wc05-5238924.nxedge.io\/wp-content\/uploads\/2017\/12\/Havas-13-1024x683.jpg\">\n<link rel=\"preload\" as=\"image\" href=\"https:\/\/eadn-wc05-5238924.nxedge.io\/wp-content\/uploads\/2017\/12\/Havas-1-1024x683.jpg\">\n<link rel=\"preload\" as=\"image\" href=\"https:\/\/eadn-wc05-5238924.nxedge.io\/wp-content\/uploads\/2017\/12\/Havas-17-1024x683.jpg\">\n<link rel=\"preload\" as=\"image\" href=\"https:\/\/eadn-wc05-5238924.nxedge.io\/wp-content\/uploads\/2017\/12\/Havas-18-1024x683.jpg\">\n<div class=\"image-gallery\" id=\"myImageGallery_69d8f903eef71\"><\/div>[\/vc_column_text][\/vc_column][\/vc_row]<\/p>\n<\/div>","protected":false},"excerpt":{"rendered":"<p>[vc_row unlock_row_content=&#8221;yes&#8221; row_height_percent=&#8221;0&#8243; back_image=&#8221;26573&#8243; overlay_alpha=&#8221;50&#8243; gutter_size=&#8221;3&#8243; shift_y=&#8221;0&#8243; row_name=&#8221;row-full-realisation-bg&#8221;][vc_column width=&#8221;1\/1&#8243;][\/vc_column][\/vc_row][vc_row row_height_percent=&#8221;0&#8243; overlay_alpha=&#8221;50&#8243; gutter_size=&#8221;3&#8243; shift_y=&#8221;0&#8243; el_class=&#8221;row-title&#8221; row_name=&#8221;row-title&#8221;][vc_column width=&#8221;1\/1&#8243;][vc_column_text] Havas [\/vc_column_text][\/vc_column][\/vc_row][vc_row row_height_percent=&#8221;0&#8243; overlay_alpha=&#8221;50&#8243;<a class=\"moretag\" href=\"https:\/\/www.avantage-plus.com\/en\/projects\/office\/havas\/\"> Read the full article patate&#8230;<\/a><\/p>\n","protected":false},"author":14,"featured_media":0,"parent":29356,"menu_order":0,"comment_status":"closed","ping_status":"closed","template":"","meta":{"_acf_changed":false,"footnotes":""},"class_list":["post-29928","page","type-page","status-publish","hentry"],"acf":[],"yoast_head":"<!-- This site is optimized with the Yoast SEO plugin v26.9 - https:\/\/yoast.com\/product\/yoast-seo-wordpress\/ -->\n<title>Havas - Une agence moderne, \u00e9pur\u00e9e et lumineuse r\u00e9alis\u00e9e par A+!<\/title>\n<meta name=\"description\" content=\"La r\u00e9alisation de ces lieux repr\u00e9sentait tout un d\u00e9fi puisqu\u2019ils devaient \u00eatre ex\u00e9cut\u00e9s dans un b\u00e2timent existant et complexe, dont la structure de b\u00e9ton renforc\u00e9e au carbone ne pouvait \u00eatre modifi\u00e9e.\" \/>\n<meta name=\"robots\" content=\"index, follow, max-snippet:-1, max-image-preview:large, max-video-preview:-1\" \/>\n<link rel=\"canonical\" href=\"https:\/\/www.avantage-plus.com\/en\/projects\/office\/havas\/\" \/>\n<meta property=\"og:locale\" content=\"en_US\" \/>\n<meta property=\"og:type\" content=\"article\" \/>\n<meta property=\"og:title\" content=\"Havas - Une agence moderne, \u00e9pur\u00e9e et lumineuse r\u00e9alis\u00e9e par A+!\" \/>\n<meta property=\"og:description\" content=\"La r\u00e9alisation de ces lieux repr\u00e9sentait tout un d\u00e9fi puisqu\u2019ils devaient \u00eatre ex\u00e9cut\u00e9s dans un b\u00e2timent existant et complexe, dont la structure de b\u00e9ton renforc\u00e9e au carbone ne pouvait \u00eatre modifi\u00e9e.\" \/>\n<meta property=\"og:url\" content=\"https:\/\/www.avantage-plus.com\/en\/projects\/office\/havas\/\" \/>\n<meta property=\"og:site_name\" content=\"A+\" \/>\n<meta property=\"article:publisher\" content=\"https:\/\/www.facebook.com\/avantageplus\/\" \/>\n<meta property=\"article:modified_time\" content=\"2023-05-19T19:04:18+00:00\" \/>\n<meta name=\"twitter:card\" content=\"summary_large_image\" \/>\n<meta name=\"twitter:label1\" content=\"Est. reading time\" \/>\n\t<meta name=\"twitter:data1\" content=\"2 minutes\" \/>\n<script type=\"application\/ld+json\" class=\"yoast-schema-graph\">{\"@context\":\"https:\/\/schema.org\",\"@graph\":[{\"@type\":\"WebPage\",\"@id\":\"https:\/\/www.avantage-plus.com\/en\/projects\/office\/havas\/\",\"url\":\"https:\/\/www.avantage-plus.com\/en\/projects\/office\/havas\/\",\"name\":\"Havas - Une agence moderne, \u00e9pur\u00e9e et lumineuse r\u00e9alis\u00e9e par A+!\",\"isPartOf\":{\"@id\":\"https:\/\/www.avantage-plus.com\/en\/#website\"},\"datePublished\":\"2021-11-16T01:52:39+00:00\",\"dateModified\":\"2023-05-19T19:04:18+00:00\",\"description\":\"La r\u00e9alisation de ces lieux repr\u00e9sentait tout un d\u00e9fi puisqu\u2019ils devaient \u00eatre ex\u00e9cut\u00e9s dans un b\u00e2timent existant et complexe, dont la structure de b\u00e9ton renforc\u00e9e au carbone ne pouvait \u00eatre modifi\u00e9e.\",\"breadcrumb\":{\"@id\":\"https:\/\/www.avantage-plus.com\/en\/projects\/office\/havas\/#breadcrumb\"},\"inLanguage\":\"en-US\",\"potentialAction\":[{\"@type\":\"ReadAction\",\"target\":[\"https:\/\/www.avantage-plus.com\/en\/projects\/office\/havas\/\"]}]},{\"@type\":\"BreadcrumbList\",\"@id\":\"https:\/\/www.avantage-plus.com\/en\/projects\/office\/havas\/#breadcrumb\",\"itemListElement\":[{\"@type\":\"ListItem\",\"position\":1,\"name\":\"Home\",\"item\":\"https:\/\/www.avantage-plus.com\/en\/\"},{\"@type\":\"ListItem\",\"position\":2,\"name\":\"Projects\",\"item\":\"https:\/\/www.avantage-plus.com\/en\/projects\/\"},{\"@type\":\"ListItem\",\"position\":3,\"name\":\"Office\",\"item\":\"https:\/\/www.avantage-plus.com\/en\/projects\/office\/\"},{\"@type\":\"ListItem\",\"position\":4,\"name\":\"Havas\"}]},{\"@type\":\"WebSite\",\"@id\":\"https:\/\/www.avantage-plus.com\/en\/#website\",\"url\":\"https:\/\/www.avantage-plus.com\/en\/\",\"name\":\"A+\",\"description\":\"Entreprise en construction\",\"potentialAction\":[{\"@type\":\"SearchAction\",\"target\":{\"@type\":\"EntryPoint\",\"urlTemplate\":\"https:\/\/www.avantage-plus.com\/en\/?s={search_term_string}\"},\"query-input\":{\"@type\":\"PropertyValueSpecification\",\"valueRequired\":true,\"valueName\":\"search_term_string\"}}],\"inLanguage\":\"en-US\"}]}<\/script>\n<!-- \/ Yoast SEO plugin. -->","yoast_head_json":{"title":"Havas - Une agence moderne, \u00e9pur\u00e9e et lumineuse r\u00e9alis\u00e9e par A+!","description":"La r\u00e9alisation de ces lieux repr\u00e9sentait tout un d\u00e9fi puisqu\u2019ils devaient \u00eatre ex\u00e9cut\u00e9s dans un b\u00e2timent existant et complexe, dont la structure de b\u00e9ton renforc\u00e9e au carbone ne pouvait \u00eatre modifi\u00e9e.","robots":{"index":"index","follow":"follow","max-snippet":"max-snippet:-1","max-image-preview":"max-image-preview:large","max-video-preview":"max-video-preview:-1"},"canonical":"https:\/\/www.avantage-plus.com\/en\/projects\/office\/havas\/","og_locale":"en_US","og_type":"article","og_title":"Havas - Une agence moderne, \u00e9pur\u00e9e et lumineuse r\u00e9alis\u00e9e par A+!","og_description":"La r\u00e9alisation de ces lieux repr\u00e9sentait tout un d\u00e9fi puisqu\u2019ils devaient \u00eatre ex\u00e9cut\u00e9s dans un b\u00e2timent existant et complexe, dont la structure de b\u00e9ton renforc\u00e9e au carbone ne pouvait \u00eatre modifi\u00e9e.","og_url":"https:\/\/www.avantage-plus.com\/en\/projects\/office\/havas\/","og_site_name":"A+","article_publisher":"https:\/\/www.facebook.com\/avantageplus\/","article_modified_time":"2023-05-19T19:04:18+00:00","twitter_card":"summary_large_image","twitter_misc":{"Est. reading time":"2 minutes"},"schema":{"@context":"https:\/\/schema.org","@graph":[{"@type":"WebPage","@id":"https:\/\/www.avantage-plus.com\/en\/projects\/office\/havas\/","url":"https:\/\/www.avantage-plus.com\/en\/projects\/office\/havas\/","name":"Havas - Une agence moderne, \u00e9pur\u00e9e et lumineuse r\u00e9alis\u00e9e par A+!","isPartOf":{"@id":"https:\/\/www.avantage-plus.com\/en\/#website"},"datePublished":"2021-11-16T01:52:39+00:00","dateModified":"2023-05-19T19:04:18+00:00","description":"La r\u00e9alisation de ces lieux repr\u00e9sentait tout un d\u00e9fi puisqu\u2019ils devaient \u00eatre ex\u00e9cut\u00e9s dans un b\u00e2timent existant et complexe, dont la structure de b\u00e9ton renforc\u00e9e au carbone ne pouvait \u00eatre modifi\u00e9e.","breadcrumb":{"@id":"https:\/\/www.avantage-plus.com\/en\/projects\/office\/havas\/#breadcrumb"},"inLanguage":"en-US","potentialAction":[{"@type":"ReadAction","target":["https:\/\/www.avantage-plus.com\/en\/projects\/office\/havas\/"]}]},{"@type":"BreadcrumbList","@id":"https:\/\/www.avantage-plus.com\/en\/projects\/office\/havas\/#breadcrumb","itemListElement":[{"@type":"ListItem","position":1,"name":"Home","item":"https:\/\/www.avantage-plus.com\/en\/"},{"@type":"ListItem","position":2,"name":"Projects","item":"https:\/\/www.avantage-plus.com\/en\/projects\/"},{"@type":"ListItem","position":3,"name":"Office","item":"https:\/\/www.avantage-plus.com\/en\/projects\/office\/"},{"@type":"ListItem","position":4,"name":"Havas"}]},{"@type":"WebSite","@id":"https:\/\/www.avantage-plus.com\/en\/#website","url":"https:\/\/www.avantage-plus.com\/en\/","name":"A+","description":"Entreprise en construction","potentialAction":[{"@type":"SearchAction","target":{"@type":"EntryPoint","urlTemplate":"https:\/\/www.avantage-plus.com\/en\/?s={search_term_string}"},"query-input":{"@type":"PropertyValueSpecification","valueRequired":true,"valueName":"search_term_string"}}],"inLanguage":"en-US"}]}},"_links":{"self":[{"href":"https:\/\/www.avantage-plus.com\/en\/wp-json\/wp\/v2\/pages\/29928","targetHints":{"allow":["GET"]}}],"collection":[{"href":"https:\/\/www.avantage-plus.com\/en\/wp-json\/wp\/v2\/pages"}],"about":[{"href":"https:\/\/www.avantage-plus.com\/en\/wp-json\/wp\/v2\/types\/page"}],"author":[{"embeddable":true,"href":"https:\/\/www.avantage-plus.com\/en\/wp-json\/wp\/v2\/users\/14"}],"replies":[{"embeddable":true,"href":"https:\/\/www.avantage-plus.com\/en\/wp-json\/wp\/v2\/comments?post=29928"}],"version-history":[{"count":7,"href":"https:\/\/www.avantage-plus.com\/en\/wp-json\/wp\/v2\/pages\/29928\/revisions"}],"predecessor-version":[{"id":38549,"href":"https:\/\/www.avantage-plus.com\/en\/wp-json\/wp\/v2\/pages\/29928\/revisions\/38549"}],"up":[{"embeddable":true,"href":"https:\/\/www.avantage-plus.com\/en\/wp-json\/wp\/v2\/pages\/29356"}],"wp:attachment":[{"href":"https:\/\/www.avantage-plus.com\/en\/wp-json\/wp\/v2\/media?parent=29928"}],"curies":[{"name":"wp","href":"https:\/\/api.w.org\/{rel}","templated":true}]}}