{"id":29932,"date":"2021-11-15T21:52:39","date_gmt":"2021-11-16T01:52:39","guid":{"rendered":"https:\/\/www.avantage-plus.com\/achievements\/office\/tec-energy\/"},"modified":"2025-09-03T15:27:18","modified_gmt":"2025-09-03T19:27:18","slug":"tec-energy","status":"publish","type":"page","link":"https:\/\/www.avantage-plus.com\/en\/projects\/office\/tec-energy\/","title":{"rendered":"TEC Energy"},"content":{"rendered":"<div class=\"wpb-content-wrapper\"><p>[vc_row unlock_row_content=&#8221;yes&#8221; row_height_percent=&#8221;0&#8243; back_image=&#8221;29118&#8243; overlay_alpha=&#8221;50&#8243; gutter_size=&#8221;3&#8243; shift_y=&#8221;0&#8243; row_name=&#8221;row-full-realisation-bg&#8221;][vc_column width=&#8221;1\/1&#8243;][\/vc_column][\/vc_row][vc_row row_height_percent=&#8221;0&#8243; overlay_alpha=&#8221;50&#8243; gutter_size=&#8221;3&#8243; shift_y=&#8221;0&#8243; el_class=&#8221;row-title&#8221; row_name=&#8221;row-title&#8221;][vc_column width=&#8221;1\/1&#8243;][vc_column_text]<\/p>\n<h1>TEC Energy<\/h1>\n<hr class=\"relalisation-separator\" \/>\n<p>[\/vc_column_text][\/vc_column][\/vc_row][vc_row row_height_percent=&#8221;0&#8243; overlay_alpha=&#8221;50&#8243; equal_height=&#8221;yes&#8221; gutter_size=&#8221;4&#8243; shift_y=&#8221;0&#8243; row_name=&#8221;row-realisation-content&#8221;][vc_column column_width_percent=&#8221;100&#8243; override_padding=&#8221;yes&#8221; column_padding=&#8221;3&#8243; overlay_alpha=&#8221;50&#8243; gutter_size=&#8221;3&#8243; medium_width=&#8221;0&#8243; shift_x=&#8221;0&#8243; shift_y=&#8221;0&#8243; z_index=&#8221;0&#8243; width=&#8221;3\/4&#8243; el_class=&#8221;realisation-col-content&#8221;][vc_column_text]<strong>A project management approach that met expectations!<\/strong><\/p>\n<p>This boldly elegant workplace located in 3,000 ft2 of an industrial building in Montreal is a noteworthy example of an office renovation project that was delivered using our ICPM (Integrated Collaborative Project Management) approach. Our client, a data science firm specializing in the electricity business, actually opted for this management approach because all professionals (architect, designer, project manager and estimate team) would form one and the same team to facilitate the delivery of its new space. The result: a metamorphosis completed on schedule and within the planned budget.<\/p>\n<p>This new design also stands out for its refined and welcoming atmosphere. The pervasive use of butternut wood, in both the divisions and the fully custom-built furnishings, blends well with the large black steel-framed glass panels. Finally, our designer\u2019s creativity combined with the technical expertise of our project manager made it possible to develop a realistic yet idealistic project without ever compromising the design or the client\u2019s budget, of course.[\/vc_column_text][vc_column_text css=&#8221;.vc_custom_1642189254517{padding-top: 20px !important;}&#8221;]<\/p>\n<blockquote><p><em>\u00ab A+ was able to gain our confidence from the very beginning thanks to their transparent approach and ability to communicate the good and not so good news at every step of the project. They were available at all times, paid attention to details, and provided a service that was truly customized to our needs. Working with A+ was a pleasure from start to finish. \u00bb \u2013<\/em><strong>\u00a0<\/strong><strong>\u00c9tienne Lapointe, CEO of TEC Energy<\/strong><\/p><\/blockquote>\n<p>[\/vc_column_text][vc_column_text el_class=&#8221;credits&#8221;]<u>Credits<\/u><br \/>\nProject management &#8211; design and construction : A+ | \u00a0Designers : A+ | Architects : Blanchette architectes | Photographer : Maxime Brouillet[\/vc_column_text][\/vc_column][vc_column column_width_percent=&#8221;100&#8243; position_vertical=&#8221;middle&#8221; expand_height=&#8221;yes&#8221; overlay_alpha=&#8221;50&#8243; gutter_size=&#8221;3&#8243; medium_width=&#8221;0&#8243; shift_x=&#8221;0&#8243; shift_y=&#8221;0&#8243; z_index=&#8221;0&#8243; width=&#8221;1\/4&#8243; el_class=&#8221;col-realisation-extra-info&#8221;][vc_column_text]<strong>Type :<br \/>\n<\/strong>Office<\/p>\n<p><strong>Surface area :<br \/>\n<\/strong>3,000 ft<sup>2<\/sup>[\/vc_column_text][\/vc_column][\/vc_row][vc_row unlock_row_content=&#8221;yes&#8221; row_height_percent=&#8221;0&#8243; overlay_alpha=&#8221;50&#8243; gutter_size=&#8221;3&#8243; shift_y=&#8221;0&#8243;][vc_column width=&#8221;1\/1&#8243;][vc_column_text]<link rel=\"preload\" as=\"image\" href=\"https:\/\/eadn-wc05-5238924.nxedge.io\/wp-content\/uploads\/2021\/11\/Tec-Energy-3-1-1-1-1024x683.jpg\">\n<link rel=\"preload\" as=\"image\" href=\"https:\/\/eadn-wc05-5238924.nxedge.io\/wp-content\/uploads\/2021\/11\/Tec-Energy-7-1-1-1-1024x683.jpg\">\n<link rel=\"preload\" as=\"image\" href=\"https:\/\/eadn-wc05-5238924.nxedge.io\/wp-content\/uploads\/2021\/11\/Tec-Energy-10-1-1-1-683x1024.jpg\">\n<link rel=\"preload\" as=\"image\" href=\"https:\/\/eadn-wc05-5238924.nxedge.io\/wp-content\/uploads\/2021\/11\/Tec-Energy-9-1-1-1-1024x683.jpg\">\n<link rel=\"preload\" as=\"image\" href=\"https:\/\/eadn-wc05-5238924.nxedge.io\/wp-content\/uploads\/2021\/11\/Tec-Energy-8-1-1-1-1024x683.jpg\">\n<link rel=\"preload\" as=\"image\" href=\"https:\/\/eadn-wc05-5238924.nxedge.io\/wp-content\/uploads\/2021\/11\/Tec-Energy-1-1-1-1-1024x683.jpg\">\n<link rel=\"preload\" as=\"image\" href=\"https:\/\/eadn-wc05-5238924.nxedge.io\/wp-content\/uploads\/2021\/11\/Tec-Energy-5-1-1-1-1024x683.jpg\">\n<link rel=\"preload\" as=\"image\" href=\"https:\/\/eadn-wc05-5238924.nxedge.io\/wp-content\/uploads\/2021\/11\/Tec-Energy-4-1-1-1-1024x683.jpg\">\n<link rel=\"preload\" as=\"image\" href=\"https:\/\/eadn-wc05-5238924.nxedge.io\/wp-content\/uploads\/2021\/11\/Tec-Energy-6-1-1-1-1024x683.jpg\">\n<div class=\"image-gallery\" id=\"myImageGallery_69d8f904eae4b\"><\/div>[\/vc_column_text][\/vc_column][\/vc_row]<\/p>\n<\/div>","protected":false},"excerpt":{"rendered":"<p>[vc_row unlock_row_content=&#8221;yes&#8221; row_height_percent=&#8221;0&#8243; back_image=&#8221;29118&#8243; overlay_alpha=&#8221;50&#8243; gutter_size=&#8221;3&#8243; shift_y=&#8221;0&#8243; row_name=&#8221;row-full-realisation-bg&#8221;][vc_column width=&#8221;1\/1&#8243;][\/vc_column][\/vc_row][vc_row row_height_percent=&#8221;0&#8243; overlay_alpha=&#8221;50&#8243; gutter_size=&#8221;3&#8243; shift_y=&#8221;0&#8243; el_class=&#8221;row-title&#8221; row_name=&#8221;row-title&#8221;][vc_column width=&#8221;1\/1&#8243;][vc_column_text] TEC Energy [\/vc_column_text][\/vc_column][\/vc_row][vc_row row_height_percent=&#8221;0&#8243;<a class=\"moretag\" href=\"https:\/\/www.avantage-plus.com\/en\/projects\/office\/tec-energy\/\"> Read the full article patate&#8230;<\/a><\/p>\n","protected":false},"author":14,"featured_media":0,"parent":29356,"menu_order":0,"comment_status":"closed","ping_status":"closed","template":"","meta":{"_acf_changed":false,"footnotes":""},"class_list":["post-29932","page","type-page","status-publish","hentry"],"acf":[],"yoast_head":"<!-- This site is optimized with the Yoast SEO plugin v26.9 - https:\/\/yoast.com\/product\/yoast-seo-wordpress\/ -->\n<title>TEC Energy - Une approche de gestion de projet \u00e0 la hauteur des attentes!<\/title>\n<meta name=\"description\" content=\"Ce lieu de travail qui s\u2019\u00e9tale sur 3000 pi2 dans un immeuble industriel montr\u00e9alais repr\u00e9sente un projet remarquable d\u2019am\u00e9nagement de bureau r\u00e9alis\u00e9 en Gestion de projet collaborative int\u00e9gr\u00e9e. En effet, cette firme de data science sp\u00e9cialis\u00e9e dans le commerce de l\u2019\u00e9lectricit\u00e9\" \/>\n<meta name=\"robots\" content=\"index, follow, max-snippet:-1, max-image-preview:large, max-video-preview:-1\" \/>\n<link rel=\"canonical\" href=\"https:\/\/www.avantage-plus.com\/en\/projects\/office\/tec-energy\/\" \/>\n<meta property=\"og:locale\" content=\"en_US\" \/>\n<meta property=\"og:type\" content=\"article\" \/>\n<meta property=\"og:title\" content=\"TEC Energy - Une approche de gestion de projet \u00e0 la hauteur des attentes!\" \/>\n<meta property=\"og:description\" content=\"Ce lieu de travail qui s\u2019\u00e9tale sur 3000 pi2 dans un immeuble industriel montr\u00e9alais repr\u00e9sente un projet remarquable d\u2019am\u00e9nagement de bureau r\u00e9alis\u00e9 en Gestion de projet collaborative int\u00e9gr\u00e9e. En effet, cette firme de data science sp\u00e9cialis\u00e9e dans le commerce de l\u2019\u00e9lectricit\u00e9\" \/>\n<meta property=\"og:url\" content=\"https:\/\/www.avantage-plus.com\/en\/projects\/office\/tec-energy\/\" \/>\n<meta property=\"og:site_name\" content=\"A+\" \/>\n<meta property=\"article:publisher\" content=\"https:\/\/www.facebook.com\/avantageplus\/\" \/>\n<meta property=\"article:modified_time\" content=\"2025-09-03T19:27:18+00:00\" \/>\n<meta name=\"twitter:card\" content=\"summary_large_image\" \/>\n<meta name=\"twitter:label1\" content=\"Est. reading time\" \/>\n\t<meta name=\"twitter:data1\" content=\"2 minutes\" \/>\n<script type=\"application\/ld+json\" class=\"yoast-schema-graph\">{\"@context\":\"https:\/\/schema.org\",\"@graph\":[{\"@type\":\"WebPage\",\"@id\":\"https:\/\/www.avantage-plus.com\/en\/projects\/office\/tec-energy\/\",\"url\":\"https:\/\/www.avantage-plus.com\/en\/projects\/office\/tec-energy\/\",\"name\":\"TEC Energy - Une approche de gestion de projet \u00e0 la hauteur des attentes!\",\"isPartOf\":{\"@id\":\"https:\/\/www.avantage-plus.com\/en\/#website\"},\"datePublished\":\"2021-11-16T01:52:39+00:00\",\"dateModified\":\"2025-09-03T19:27:18+00:00\",\"description\":\"Ce lieu de travail qui s\u2019\u00e9tale sur 3000 pi2 dans un immeuble industriel montr\u00e9alais repr\u00e9sente un projet remarquable d\u2019am\u00e9nagement de bureau r\u00e9alis\u00e9 en Gestion de projet collaborative int\u00e9gr\u00e9e. En effet, cette firme de data science sp\u00e9cialis\u00e9e dans le commerce de l\u2019\u00e9lectricit\u00e9\",\"breadcrumb\":{\"@id\":\"https:\/\/www.avantage-plus.com\/en\/projects\/office\/tec-energy\/#breadcrumb\"},\"inLanguage\":\"en-US\",\"potentialAction\":[{\"@type\":\"ReadAction\",\"target\":[\"https:\/\/www.avantage-plus.com\/en\/projects\/office\/tec-energy\/\"]}]},{\"@type\":\"BreadcrumbList\",\"@id\":\"https:\/\/www.avantage-plus.com\/en\/projects\/office\/tec-energy\/#breadcrumb\",\"itemListElement\":[{\"@type\":\"ListItem\",\"position\":1,\"name\":\"Home\",\"item\":\"https:\/\/www.avantage-plus.com\/en\/\"},{\"@type\":\"ListItem\",\"position\":2,\"name\":\"Projects\",\"item\":\"https:\/\/www.avantage-plus.com\/en\/projects\/\"},{\"@type\":\"ListItem\",\"position\":3,\"name\":\"Office\",\"item\":\"https:\/\/www.avantage-plus.com\/en\/projects\/office\/\"},{\"@type\":\"ListItem\",\"position\":4,\"name\":\"TEC Energy\"}]},{\"@type\":\"WebSite\",\"@id\":\"https:\/\/www.avantage-plus.com\/en\/#website\",\"url\":\"https:\/\/www.avantage-plus.com\/en\/\",\"name\":\"A+\",\"description\":\"Entreprise en construction\",\"potentialAction\":[{\"@type\":\"SearchAction\",\"target\":{\"@type\":\"EntryPoint\",\"urlTemplate\":\"https:\/\/www.avantage-plus.com\/en\/?s={search_term_string}\"},\"query-input\":{\"@type\":\"PropertyValueSpecification\",\"valueRequired\":true,\"valueName\":\"search_term_string\"}}],\"inLanguage\":\"en-US\"}]}<\/script>\n<!-- \/ Yoast SEO plugin. -->","yoast_head_json":{"title":"TEC Energy - Une approche de gestion de projet \u00e0 la hauteur des attentes!","description":"Ce lieu de travail qui s\u2019\u00e9tale sur 3000 pi2 dans un immeuble industriel montr\u00e9alais repr\u00e9sente un projet remarquable d\u2019am\u00e9nagement de bureau r\u00e9alis\u00e9 en Gestion de projet collaborative int\u00e9gr\u00e9e. En effet, cette firme de data science sp\u00e9cialis\u00e9e dans le commerce de l\u2019\u00e9lectricit\u00e9","robots":{"index":"index","follow":"follow","max-snippet":"max-snippet:-1","max-image-preview":"max-image-preview:large","max-video-preview":"max-video-preview:-1"},"canonical":"https:\/\/www.avantage-plus.com\/en\/projects\/office\/tec-energy\/","og_locale":"en_US","og_type":"article","og_title":"TEC Energy - Une approche de gestion de projet \u00e0 la hauteur des attentes!","og_description":"Ce lieu de travail qui s\u2019\u00e9tale sur 3000 pi2 dans un immeuble industriel montr\u00e9alais repr\u00e9sente un projet remarquable d\u2019am\u00e9nagement de bureau r\u00e9alis\u00e9 en Gestion de projet collaborative int\u00e9gr\u00e9e. En effet, cette firme de data science sp\u00e9cialis\u00e9e dans le commerce de l\u2019\u00e9lectricit\u00e9","og_url":"https:\/\/www.avantage-plus.com\/en\/projects\/office\/tec-energy\/","og_site_name":"A+","article_publisher":"https:\/\/www.facebook.com\/avantageplus\/","article_modified_time":"2025-09-03T19:27:18+00:00","twitter_card":"summary_large_image","twitter_misc":{"Est. reading time":"2 minutes"},"schema":{"@context":"https:\/\/schema.org","@graph":[{"@type":"WebPage","@id":"https:\/\/www.avantage-plus.com\/en\/projects\/office\/tec-energy\/","url":"https:\/\/www.avantage-plus.com\/en\/projects\/office\/tec-energy\/","name":"TEC Energy - Une approche de gestion de projet \u00e0 la hauteur des attentes!","isPartOf":{"@id":"https:\/\/www.avantage-plus.com\/en\/#website"},"datePublished":"2021-11-16T01:52:39+00:00","dateModified":"2025-09-03T19:27:18+00:00","description":"Ce lieu de travail qui s\u2019\u00e9tale sur 3000 pi2 dans un immeuble industriel montr\u00e9alais repr\u00e9sente un projet remarquable d\u2019am\u00e9nagement de bureau r\u00e9alis\u00e9 en Gestion de projet collaborative int\u00e9gr\u00e9e. En effet, cette firme de data science sp\u00e9cialis\u00e9e dans le commerce de l\u2019\u00e9lectricit\u00e9","breadcrumb":{"@id":"https:\/\/www.avantage-plus.com\/en\/projects\/office\/tec-energy\/#breadcrumb"},"inLanguage":"en-US","potentialAction":[{"@type":"ReadAction","target":["https:\/\/www.avantage-plus.com\/en\/projects\/office\/tec-energy\/"]}]},{"@type":"BreadcrumbList","@id":"https:\/\/www.avantage-plus.com\/en\/projects\/office\/tec-energy\/#breadcrumb","itemListElement":[{"@type":"ListItem","position":1,"name":"Home","item":"https:\/\/www.avantage-plus.com\/en\/"},{"@type":"ListItem","position":2,"name":"Projects","item":"https:\/\/www.avantage-plus.com\/en\/projects\/"},{"@type":"ListItem","position":3,"name":"Office","item":"https:\/\/www.avantage-plus.com\/en\/projects\/office\/"},{"@type":"ListItem","position":4,"name":"TEC Energy"}]},{"@type":"WebSite","@id":"https:\/\/www.avantage-plus.com\/en\/#website","url":"https:\/\/www.avantage-plus.com\/en\/","name":"A+","description":"Entreprise en construction","potentialAction":[{"@type":"SearchAction","target":{"@type":"EntryPoint","urlTemplate":"https:\/\/www.avantage-plus.com\/en\/?s={search_term_string}"},"query-input":{"@type":"PropertyValueSpecification","valueRequired":true,"valueName":"search_term_string"}}],"inLanguage":"en-US"}]}},"_links":{"self":[{"href":"https:\/\/www.avantage-plus.com\/en\/wp-json\/wp\/v2\/pages\/29932","targetHints":{"allow":["GET"]}}],"collection":[{"href":"https:\/\/www.avantage-plus.com\/en\/wp-json\/wp\/v2\/pages"}],"about":[{"href":"https:\/\/www.avantage-plus.com\/en\/wp-json\/wp\/v2\/types\/page"}],"author":[{"embeddable":true,"href":"https:\/\/www.avantage-plus.com\/en\/wp-json\/wp\/v2\/users\/14"}],"replies":[{"embeddable":true,"href":"https:\/\/www.avantage-plus.com\/en\/wp-json\/wp\/v2\/comments?post=29932"}],"version-history":[{"count":8,"href":"https:\/\/www.avantage-plus.com\/en\/wp-json\/wp\/v2\/pages\/29932\/revisions"}],"predecessor-version":[{"id":68641,"href":"https:\/\/www.avantage-plus.com\/en\/wp-json\/wp\/v2\/pages\/29932\/revisions\/68641"}],"up":[{"embeddable":true,"href":"https:\/\/www.avantage-plus.com\/en\/wp-json\/wp\/v2\/pages\/29356"}],"wp:attachment":[{"href":"https:\/\/www.avantage-plus.com\/en\/wp-json\/wp\/v2\/media?parent=29932"}],"curies":[{"name":"wp","href":"https:\/\/api.w.org\/{rel}","templated":true}]}}