{"id":29933,"date":"2021-11-15T21:52:39","date_gmt":"2021-11-16T01:52:39","guid":{"rendered":"https:\/\/www.avantage-plus.com\/achievements\/office\/tribal\/"},"modified":"2023-05-15T16:09:18","modified_gmt":"2023-05-15T20:09:18","slug":"tribal","status":"publish","type":"page","link":"https:\/\/www.avantage-plus.com\/en\/projects\/office\/tribal\/","title":{"rendered":"Tribal"},"content":{"rendered":"<div class=\"wpb-content-wrapper\"><p>[vc_row unlock_row_content=&#8221;yes&#8221; row_height_percent=&#8221;0&#8243; back_image=&#8221;24783&#8243; overlay_alpha=&#8221;50&#8243; gutter_size=&#8221;3&#8243; shift_y=&#8221;0&#8243; row_name=&#8221;row-full-realisation-bg&#8221;][vc_column width=&#8221;1\/1&#8243;][\/vc_column][\/vc_row][vc_row row_height_percent=&#8221;0&#8243; overlay_alpha=&#8221;50&#8243; gutter_size=&#8221;3&#8243; shift_y=&#8221;0&#8243; el_class=&#8221;row-title&#8221; row_name=&#8221;row-title&#8221;][vc_column width=&#8221;1\/1&#8243;][vc_column_text]<\/p>\n<h1>Tribal<\/h1>\n<hr class=\"relalisation-separator\" \/>\n<p>[\/vc_column_text][\/vc_column][\/vc_row][vc_row row_height_percent=&#8221;0&#8243; overlay_alpha=&#8221;50&#8243; equal_height=&#8221;yes&#8221; gutter_size=&#8221;4&#8243; shift_y=&#8221;0&#8243; row_name=&#8221;row-realisation-content&#8221;][vc_column column_width_percent=&#8221;100&#8243; override_padding=&#8221;yes&#8221; column_padding=&#8221;3&#8243; overlay_alpha=&#8221;50&#8243; gutter_size=&#8221;3&#8243; medium_width=&#8221;0&#8243; shift_x=&#8221;0&#8243; shift_y=&#8221;0&#8243; z_index=&#8221;0&#8243; width=&#8221;3\/4&#8243; el_class=&#8221;realisation-col-content&#8221;][vc_column_text]<strong>Rehabilitation of an industrial warehouse into a modern headquarters for Tribal<\/strong><\/p>\n<p>A+ was mandated to transform a massive abandoned industrial warehouse into a new headquarters for Tribal, a renowned company in the fashion industry. Our mission was clear: to breathe new life into this abandoned space by renovating and designing it in a way that creates a modern and functional environment reflecting our client&#8217;s identity and needs.<\/p>\n<p>This rehabilitation project was approached with a customer-centric mindset. Our team enthusiastically embraced the challenge, working closely with Tribal to deliver the project within budget and on schedule. The result was a resounding success. This space, which received a special mention at the 12th edition of the Grand Design Awards, now offers a modern and welcoming environment for Tribal&#8217;s employees and clients. We take pride in having accomplished this exceptional project with the diverse teams involved, combining adaptive reuse, innovative design, and fruitful collaboration with our client.[\/vc_column_text][vc_column_text css=&#8221;.vc_custom_1684180905957{padding-top: 20px !important;}&#8221;]<\/p>\n<blockquote><p><em>\u00ab &#8220;A project of such magnitude, size, and complexity could not have been accomplished without genuine collaboration. The A+ team consistently brought forth ideas and solutions. If given the chance, I would undoubtedly choose A+ again!&#8221;\u00bb<\/em>\u00a0\u2013 <strong>Steven Richman, President of Tribal<\/strong><\/p><\/blockquote>\n<p>[\/vc_column_text][vc_column_text el_class=&#8221;credits&#8221;]<u>Credits<\/u><br \/>\nProject management &#8211; design and construction : A+ | Architects &amp; Designers : Inside Studio | Photographer : Maxime Brouillet[\/vc_column_text][\/vc_column][vc_column column_width_percent=&#8221;100&#8243; position_vertical=&#8221;middle&#8221; expand_height=&#8221;yes&#8221; overlay_alpha=&#8221;50&#8243; gutter_size=&#8221;3&#8243; medium_width=&#8221;0&#8243; shift_x=&#8221;0&#8243; shift_y=&#8221;0&#8243; z_index=&#8221;0&#8243; width=&#8221;1\/4&#8243; el_class=&#8221;col-realisation-extra-info&#8221;][vc_column_text]<strong>Type :<br \/>\n<\/strong>Office<\/p>\n<p><strong>Surface Area:<br \/>\n<\/strong>30,000 ft2[\/vc_column_text][\/vc_column][\/vc_row][vc_row unlock_row_content=&#8221;yes&#8221; row_height_percent=&#8221;0&#8243; overlay_alpha=&#8221;50&#8243; gutter_size=&#8221;3&#8243; shift_y=&#8221;0&#8243;][vc_column width=&#8221;1\/1&#8243;][vc_column_text]<link rel=\"preload\" as=\"image\" href=\"https:\/\/eadn-wc05-5238924.nxedge.io\/wp-content\/uploads\/2016\/03\/Tribal-2-1024x686.jpg\">\n<link rel=\"preload\" as=\"image\" href=\"https:\/\/eadn-wc05-5238924.nxedge.io\/wp-content\/uploads\/2016\/03\/Tribal-12-682x1024.jpg\">\n<link rel=\"preload\" as=\"image\" href=\"https:\/\/eadn-wc05-5238924.nxedge.io\/wp-content\/uploads\/2016\/03\/Tribal-14-1024x682.jpg\">\n<link rel=\"preload\" as=\"image\" href=\"https:\/\/eadn-wc05-5238924.nxedge.io\/wp-content\/uploads\/2016\/03\/Tribal-8-682x1024.jpg\">\n<link rel=\"preload\" as=\"image\" href=\"https:\/\/eadn-wc05-5238924.nxedge.io\/wp-content\/uploads\/2016\/03\/Tribal-7-1024x682.jpg\">\n<link rel=\"preload\" as=\"image\" href=\"https:\/\/eadn-wc05-5238924.nxedge.io\/wp-content\/uploads\/2016\/03\/Tribal-9-1024x682.jpg\">\n<link rel=\"preload\" as=\"image\" href=\"https:\/\/eadn-wc05-5238924.nxedge.io\/wp-content\/uploads\/2016\/03\/Tribal-3-1024x682.jpg\">\n<link rel=\"preload\" as=\"image\" href=\"https:\/\/eadn-wc05-5238924.nxedge.io\/wp-content\/uploads\/2016\/03\/Tribal-6-1024x682.jpg\">\n<link rel=\"preload\" as=\"image\" href=\"https:\/\/eadn-wc05-5238924.nxedge.io\/wp-content\/uploads\/2016\/03\/Tribal-5-1024x683.jpg\">\n<div class=\"image-gallery\" id=\"myImageGallery_69d8f90572638\"><\/div>[\/vc_column_text][\/vc_column][\/vc_row]<\/p>\n<\/div>","protected":false},"excerpt":{"rendered":"<p>[vc_row unlock_row_content=&#8221;yes&#8221; row_height_percent=&#8221;0&#8243; back_image=&#8221;24783&#8243; overlay_alpha=&#8221;50&#8243; gutter_size=&#8221;3&#8243; shift_y=&#8221;0&#8243; row_name=&#8221;row-full-realisation-bg&#8221;][vc_column width=&#8221;1\/1&#8243;][\/vc_column][\/vc_row][vc_row row_height_percent=&#8221;0&#8243; overlay_alpha=&#8221;50&#8243; gutter_size=&#8221;3&#8243; shift_y=&#8221;0&#8243; el_class=&#8221;row-title&#8221; row_name=&#8221;row-title&#8221;][vc_column width=&#8221;1\/1&#8243;][vc_column_text] Tribal [\/vc_column_text][\/vc_column][\/vc_row][vc_row row_height_percent=&#8221;0&#8243; overlay_alpha=&#8221;50&#8243;<a class=\"moretag\" href=\"https:\/\/www.avantage-plus.com\/en\/projects\/office\/tribal\/\"> Read the full article patate&#8230;<\/a><\/p>\n","protected":false},"author":14,"featured_media":0,"parent":29356,"menu_order":0,"comment_status":"closed","ping_status":"closed","template":"","meta":{"_acf_changed":false,"footnotes":""},"class_list":["post-29933","page","type-page","status-publish","hentry"],"acf":[],"yoast_head":"<!-- This site is optimized with the Yoast SEO plugin v26.9 - https:\/\/yoast.com\/product\/yoast-seo-wordpress\/ -->\n<title>Tribal - Transformation d&#039;un vieil entrep\u00f4t pour concevoir un si\u00e8ge social<\/title>\n<meta name=\"description\" content=\"R\u00e9habilitation d\u2019un ancien entrep\u00f4t d\u00e9saffect\u00e9 - Cet immense entrep\u00f4t industriel \u00e0 l\u2019abandon a \u00e9t\u00e9 enti\u00e8rement refait et am\u00e9nag\u00e9 pour accueillir le si\u00e8ge social de Tribal, une entreprise oeuvrant dans le secteur de la mode. Un am\u00e9nagement de bureau exceptionnel!\" \/>\n<meta name=\"robots\" content=\"index, follow, max-snippet:-1, max-image-preview:large, max-video-preview:-1\" \/>\n<link rel=\"canonical\" href=\"https:\/\/www.avantage-plus.com\/en\/projects\/office\/tribal\/\" \/>\n<meta property=\"og:locale\" content=\"en_US\" \/>\n<meta property=\"og:type\" content=\"article\" \/>\n<meta property=\"og:title\" content=\"Tribal - Transformation d&#039;un vieil entrep\u00f4t pour concevoir un si\u00e8ge social\" \/>\n<meta property=\"og:description\" content=\"R\u00e9habilitation d\u2019un ancien entrep\u00f4t d\u00e9saffect\u00e9 - Cet immense entrep\u00f4t industriel \u00e0 l\u2019abandon a \u00e9t\u00e9 enti\u00e8rement refait et am\u00e9nag\u00e9 pour accueillir le si\u00e8ge social de Tribal, une entreprise oeuvrant dans le secteur de la mode. Un am\u00e9nagement de bureau exceptionnel!\" \/>\n<meta property=\"og:url\" content=\"https:\/\/www.avantage-plus.com\/en\/projects\/office\/tribal\/\" \/>\n<meta property=\"og:site_name\" content=\"A+\" \/>\n<meta property=\"article:publisher\" content=\"https:\/\/www.facebook.com\/avantageplus\/\" \/>\n<meta property=\"article:modified_time\" content=\"2023-05-15T20:09:18+00:00\" \/>\n<meta name=\"twitter:card\" content=\"summary_large_image\" \/>\n<meta name=\"twitter:label1\" content=\"Est. reading time\" \/>\n\t<meta name=\"twitter:data1\" content=\"2 minutes\" \/>\n<script type=\"application\/ld+json\" class=\"yoast-schema-graph\">{\"@context\":\"https:\/\/schema.org\",\"@graph\":[{\"@type\":\"WebPage\",\"@id\":\"https:\/\/www.avantage-plus.com\/en\/projects\/office\/tribal\/\",\"url\":\"https:\/\/www.avantage-plus.com\/en\/projects\/office\/tribal\/\",\"name\":\"Tribal - Transformation d'un vieil entrep\u00f4t pour concevoir un si\u00e8ge social\",\"isPartOf\":{\"@id\":\"https:\/\/www.avantage-plus.com\/en\/#website\"},\"datePublished\":\"2021-11-16T01:52:39+00:00\",\"dateModified\":\"2023-05-15T20:09:18+00:00\",\"description\":\"R\u00e9habilitation d\u2019un ancien entrep\u00f4t d\u00e9saffect\u00e9 - Cet immense entrep\u00f4t industriel \u00e0 l\u2019abandon a \u00e9t\u00e9 enti\u00e8rement refait et am\u00e9nag\u00e9 pour accueillir le si\u00e8ge social de Tribal, une entreprise oeuvrant dans le secteur de la mode. Un am\u00e9nagement de bureau exceptionnel!\",\"breadcrumb\":{\"@id\":\"https:\/\/www.avantage-plus.com\/en\/projects\/office\/tribal\/#breadcrumb\"},\"inLanguage\":\"en-US\",\"potentialAction\":[{\"@type\":\"ReadAction\",\"target\":[\"https:\/\/www.avantage-plus.com\/en\/projects\/office\/tribal\/\"]}]},{\"@type\":\"BreadcrumbList\",\"@id\":\"https:\/\/www.avantage-plus.com\/en\/projects\/office\/tribal\/#breadcrumb\",\"itemListElement\":[{\"@type\":\"ListItem\",\"position\":1,\"name\":\"Home\",\"item\":\"https:\/\/www.avantage-plus.com\/en\/\"},{\"@type\":\"ListItem\",\"position\":2,\"name\":\"Projects\",\"item\":\"https:\/\/www.avantage-plus.com\/en\/projects\/\"},{\"@type\":\"ListItem\",\"position\":3,\"name\":\"Office\",\"item\":\"https:\/\/www.avantage-plus.com\/en\/projects\/office\/\"},{\"@type\":\"ListItem\",\"position\":4,\"name\":\"Tribal\"}]},{\"@type\":\"WebSite\",\"@id\":\"https:\/\/www.avantage-plus.com\/en\/#website\",\"url\":\"https:\/\/www.avantage-plus.com\/en\/\",\"name\":\"A+\",\"description\":\"Entreprise en construction\",\"potentialAction\":[{\"@type\":\"SearchAction\",\"target\":{\"@type\":\"EntryPoint\",\"urlTemplate\":\"https:\/\/www.avantage-plus.com\/en\/?s={search_term_string}\"},\"query-input\":{\"@type\":\"PropertyValueSpecification\",\"valueRequired\":true,\"valueName\":\"search_term_string\"}}],\"inLanguage\":\"en-US\"}]}<\/script>\n<!-- \/ Yoast SEO plugin. -->","yoast_head_json":{"title":"Tribal - Transformation d'un vieil entrep\u00f4t pour concevoir un si\u00e8ge social","description":"R\u00e9habilitation d\u2019un ancien entrep\u00f4t d\u00e9saffect\u00e9 - Cet immense entrep\u00f4t industriel \u00e0 l\u2019abandon a \u00e9t\u00e9 enti\u00e8rement refait et am\u00e9nag\u00e9 pour accueillir le si\u00e8ge social de Tribal, une entreprise oeuvrant dans le secteur de la mode. Un am\u00e9nagement de bureau exceptionnel!","robots":{"index":"index","follow":"follow","max-snippet":"max-snippet:-1","max-image-preview":"max-image-preview:large","max-video-preview":"max-video-preview:-1"},"canonical":"https:\/\/www.avantage-plus.com\/en\/projects\/office\/tribal\/","og_locale":"en_US","og_type":"article","og_title":"Tribal - Transformation d'un vieil entrep\u00f4t pour concevoir un si\u00e8ge social","og_description":"R\u00e9habilitation d\u2019un ancien entrep\u00f4t d\u00e9saffect\u00e9 - Cet immense entrep\u00f4t industriel \u00e0 l\u2019abandon a \u00e9t\u00e9 enti\u00e8rement refait et am\u00e9nag\u00e9 pour accueillir le si\u00e8ge social de Tribal, une entreprise oeuvrant dans le secteur de la mode. Un am\u00e9nagement de bureau exceptionnel!","og_url":"https:\/\/www.avantage-plus.com\/en\/projects\/office\/tribal\/","og_site_name":"A+","article_publisher":"https:\/\/www.facebook.com\/avantageplus\/","article_modified_time":"2023-05-15T20:09:18+00:00","twitter_card":"summary_large_image","twitter_misc":{"Est. reading time":"2 minutes"},"schema":{"@context":"https:\/\/schema.org","@graph":[{"@type":"WebPage","@id":"https:\/\/www.avantage-plus.com\/en\/projects\/office\/tribal\/","url":"https:\/\/www.avantage-plus.com\/en\/projects\/office\/tribal\/","name":"Tribal - Transformation d'un vieil entrep\u00f4t pour concevoir un si\u00e8ge social","isPartOf":{"@id":"https:\/\/www.avantage-plus.com\/en\/#website"},"datePublished":"2021-11-16T01:52:39+00:00","dateModified":"2023-05-15T20:09:18+00:00","description":"R\u00e9habilitation d\u2019un ancien entrep\u00f4t d\u00e9saffect\u00e9 - Cet immense entrep\u00f4t industriel \u00e0 l\u2019abandon a \u00e9t\u00e9 enti\u00e8rement refait et am\u00e9nag\u00e9 pour accueillir le si\u00e8ge social de Tribal, une entreprise oeuvrant dans le secteur de la mode. Un am\u00e9nagement de bureau exceptionnel!","breadcrumb":{"@id":"https:\/\/www.avantage-plus.com\/en\/projects\/office\/tribal\/#breadcrumb"},"inLanguage":"en-US","potentialAction":[{"@type":"ReadAction","target":["https:\/\/www.avantage-plus.com\/en\/projects\/office\/tribal\/"]}]},{"@type":"BreadcrumbList","@id":"https:\/\/www.avantage-plus.com\/en\/projects\/office\/tribal\/#breadcrumb","itemListElement":[{"@type":"ListItem","position":1,"name":"Home","item":"https:\/\/www.avantage-plus.com\/en\/"},{"@type":"ListItem","position":2,"name":"Projects","item":"https:\/\/www.avantage-plus.com\/en\/projects\/"},{"@type":"ListItem","position":3,"name":"Office","item":"https:\/\/www.avantage-plus.com\/en\/projects\/office\/"},{"@type":"ListItem","position":4,"name":"Tribal"}]},{"@type":"WebSite","@id":"https:\/\/www.avantage-plus.com\/en\/#website","url":"https:\/\/www.avantage-plus.com\/en\/","name":"A+","description":"Entreprise en construction","potentialAction":[{"@type":"SearchAction","target":{"@type":"EntryPoint","urlTemplate":"https:\/\/www.avantage-plus.com\/en\/?s={search_term_string}"},"query-input":{"@type":"PropertyValueSpecification","valueRequired":true,"valueName":"search_term_string"}}],"inLanguage":"en-US"}]}},"_links":{"self":[{"href":"https:\/\/www.avantage-plus.com\/en\/wp-json\/wp\/v2\/pages\/29933","targetHints":{"allow":["GET"]}}],"collection":[{"href":"https:\/\/www.avantage-plus.com\/en\/wp-json\/wp\/v2\/pages"}],"about":[{"href":"https:\/\/www.avantage-plus.com\/en\/wp-json\/wp\/v2\/types\/page"}],"author":[{"embeddable":true,"href":"https:\/\/www.avantage-plus.com\/en\/wp-json\/wp\/v2\/users\/14"}],"replies":[{"embeddable":true,"href":"https:\/\/www.avantage-plus.com\/en\/wp-json\/wp\/v2\/comments?post=29933"}],"version-history":[{"count":13,"href":"https:\/\/www.avantage-plus.com\/en\/wp-json\/wp\/v2\/pages\/29933\/revisions"}],"predecessor-version":[{"id":38513,"href":"https:\/\/www.avantage-plus.com\/en\/wp-json\/wp\/v2\/pages\/29933\/revisions\/38513"}],"up":[{"embeddable":true,"href":"https:\/\/www.avantage-plus.com\/en\/wp-json\/wp\/v2\/pages\/29356"}],"wp:attachment":[{"href":"https:\/\/www.avantage-plus.com\/en\/wp-json\/wp\/v2\/media?parent=29933"}],"curies":[{"name":"wp","href":"https:\/\/api.w.org\/{rel}","templated":true}]}}