{"id":29934,"date":"2021-11-15T21:52:39","date_gmt":"2021-11-16T01:52:39","guid":{"rendered":"https:\/\/www.avantage-plus.com\/achievements\/office\/xrm-vision\/"},"modified":"2023-03-09T11:56:13","modified_gmt":"2023-03-09T15:56:13","slug":"xrm-vision","status":"publish","type":"page","link":"https:\/\/www.avantage-plus.com\/en\/projects\/office\/xrm-vision\/","title":{"rendered":"XRM Vision"},"content":{"rendered":"<div class=\"wpb-content-wrapper\"><p>[vc_row unlock_row_content=&#8221;yes&#8221; row_height_percent=&#8221;0&#8243; back_image=&#8221;25039&#8243; overlay_alpha=&#8221;50&#8243; gutter_size=&#8221;3&#8243; shift_y=&#8221;0&#8243; row_name=&#8221;row-full-realisation-bg&#8221;][vc_column width=&#8221;1\/1&#8243;][\/vc_column][\/vc_row][vc_row row_height_percent=&#8221;0&#8243; overlay_alpha=&#8221;50&#8243; gutter_size=&#8221;3&#8243; shift_y=&#8221;0&#8243; el_class=&#8221;row-title&#8221; row_name=&#8221;row-title&#8221;][vc_column width=&#8221;1\/1&#8243;][vc_column_text]<\/p>\n<h1>XRM Vision<\/h1>\n<hr class=\"relalisation-separator\" \/>\n<p>[\/vc_column_text][\/vc_column][\/vc_row][vc_row row_height_percent=&#8221;0&#8243; overlay_alpha=&#8221;50&#8243; equal_height=&#8221;yes&#8221; gutter_size=&#8221;4&#8243; shift_y=&#8221;0&#8243; row_name=&#8221;row-realisation-content&#8221;][vc_column column_width_percent=&#8221;100&#8243; override_padding=&#8221;yes&#8221; column_padding=&#8221;3&#8243; overlay_alpha=&#8221;50&#8243; gutter_size=&#8221;3&#8243; medium_width=&#8221;0&#8243; shift_x=&#8221;0&#8243; shift_y=&#8221;0&#8243; z_index=&#8221;0&#8243; width=&#8221;3\/4&#8243; el_class=&#8221;realisation-col-content&#8221;][vc_column_text]<strong>Focusing on collaboration and agility to achieve success!<\/strong><\/p>\n<p>XRM Vision, a consulting firm that specializes in customer relationship management (CRM) solutions, wanted to expand and rethink the layout of its office space in Montreal\u2019s hip Mile End neighbourhood.<\/p>\n<p>In partnership with La Shed Architecture, we created a dynamic, inviting and open space that integrated natural light, foliage and much more.<\/p>\n<p>Throughout the transformation, we worked closely with the architectural designer and applied agile cooperation principles when working with the different teams of professionals involved to deliver an effective project that met the client&#8217;s expectations. This achievement also earned a Grand Prix du Design Award in 2020.[\/vc_column_text][vc_column_text css=&#8221;.vc_custom_1642188900119{padding-top: 20px !important;}&#8221;]<\/p>\n<blockquote><p><em>\u00a0\u00ab The entire A+ team was dedicated to delivering our project based on our quality, scheduling and cost success factors. It showed us time and again its unfailing commitment to find creative solutions to the various challenges we faced. It was exceedingly efficient in assisting us with this adventure. \u00bb<\/em>\u00a0<strong>\u2013 F\u00e9lix Robitaille, President and CEO of XRM Vision.<\/strong><\/p><\/blockquote>\n<p>[\/vc_column_text][vc_column_text el_class=&#8221;credits&#8221;]<u>Credits<\/u><br \/>\nProject management &#8211; design and construction : A+ | Architects &amp; Designers : La SHED Architecture | Photographer : Maxime Brouillet[\/vc_column_text][\/vc_column][vc_column column_width_percent=&#8221;100&#8243; position_vertical=&#8221;middle&#8221; expand_height=&#8221;yes&#8221; overlay_alpha=&#8221;50&#8243; gutter_size=&#8221;3&#8243; medium_width=&#8221;0&#8243; shift_x=&#8221;0&#8243; shift_y=&#8221;0&#8243; z_index=&#8221;0&#8243; width=&#8221;1\/4&#8243; el_class=&#8221;col-realisation-extra-info&#8221;][vc_column_text]<strong>Type :<br \/>\n<\/strong>Office<\/p>\n<p><strong>Surface area :<br \/>\n<\/strong>5,000 ft2[\/vc_column_text][\/vc_column][\/vc_row][vc_row unlock_row_content=&#8221;yes&#8221; row_height_percent=&#8221;0&#8243; overlay_alpha=&#8221;50&#8243; gutter_size=&#8221;3&#8243; shift_y=&#8221;0&#8243;][vc_column width=&#8221;1\/1&#8243;][vc_column_text]<link rel=\"preload\" as=\"image\" href=\"https:\/\/eadn-wc05-5238924.nxedge.io\/wp-content\/uploads\/2018\/06\/XRM-3-1024x683.jpg\">\n<link rel=\"preload\" as=\"image\" href=\"https:\/\/eadn-wc05-5238924.nxedge.io\/wp-content\/uploads\/2018\/06\/XRM-15-1024x683.jpg\">\n<link rel=\"preload\" as=\"image\" href=\"https:\/\/eadn-wc05-5238924.nxedge.io\/wp-content\/uploads\/2018\/06\/XRM-2-1024x683.jpg\">\n<link rel=\"preload\" as=\"image\" href=\"https:\/\/eadn-wc05-5238924.nxedge.io\/wp-content\/uploads\/2018\/06\/XRM-18-1024x683.jpg\">\n<link rel=\"preload\" as=\"image\" href=\"https:\/\/eadn-wc05-5238924.nxedge.io\/wp-content\/uploads\/2018\/06\/XRM-16-683x1024.jpg\">\n<link rel=\"preload\" as=\"image\" href=\"https:\/\/eadn-wc05-5238924.nxedge.io\/wp-content\/uploads\/2018\/06\/XRM-14-1024x657.jpg\">\n<link rel=\"preload\" as=\"image\" href=\"https:\/\/eadn-wc05-5238924.nxedge.io\/wp-content\/uploads\/2018\/06\/XRM-17-683x1024.jpg\">\n<link rel=\"preload\" as=\"image\" href=\"https:\/\/eadn-wc05-5238924.nxedge.io\/wp-content\/uploads\/2018\/06\/XRM-5-683x1024.jpg\">\n<div class=\"image-gallery\" id=\"myImageGallery_69d8f91ac1a22\"><\/div>[\/vc_column_text][\/vc_column][\/vc_row]<\/p>\n<\/div>","protected":false},"excerpt":{"rendered":"<p>[vc_row unlock_row_content=&#8221;yes&#8221; row_height_percent=&#8221;0&#8243; back_image=&#8221;25039&#8243; overlay_alpha=&#8221;50&#8243; gutter_size=&#8221;3&#8243; shift_y=&#8221;0&#8243; row_name=&#8221;row-full-realisation-bg&#8221;][vc_column width=&#8221;1\/1&#8243;][\/vc_column][\/vc_row][vc_row row_height_percent=&#8221;0&#8243; overlay_alpha=&#8221;50&#8243; gutter_size=&#8221;3&#8243; shift_y=&#8221;0&#8243; el_class=&#8221;row-title&#8221; row_name=&#8221;row-title&#8221;][vc_column width=&#8221;1\/1&#8243;][vc_column_text] XRM Vision [\/vc_column_text][\/vc_column][\/vc_row][vc_row row_height_percent=&#8221;0&#8243;<a class=\"moretag\" href=\"https:\/\/www.avantage-plus.com\/en\/projects\/office\/xrm-vision\/\"> Read the full article patate&#8230;<\/a><\/p>\n","protected":false},"author":14,"featured_media":0,"parent":29356,"menu_order":0,"comment_status":"closed","ping_status":"closed","template":"","meta":{"_acf_changed":false,"footnotes":""},"class_list":["post-29934","page","type-page","status-publish","hentry"],"acf":[],"yoast_head":"<!-- This site is optimized with the Yoast SEO plugin v26.9 - https:\/\/yoast.com\/product\/yoast-seo-wordpress\/ -->\n<title>XRM Vision - Un am\u00e9nagement de bureau r\u00e9ussi gr\u00e2ce \u00e0 la collaboration!<\/title>\n<meta name=\"description\" content=\"XRM Vision avait un d\u00e9sir d\u2019agrandissement et de revoir l\u2019am\u00e9nagement pour ses bureaux situ\u00e9s dans le quartier branch\u00e9 du Mile End, \u00e0 Montr\u00e9al. En partenariat avec La Shed Architecture, nous leur avons cr\u00e9\u00e9 un espace dynamique \u00e0 la hauteur des leurs attentes!\" \/>\n<meta name=\"robots\" content=\"index, follow, max-snippet:-1, max-image-preview:large, max-video-preview:-1\" \/>\n<link rel=\"canonical\" href=\"https:\/\/www.avantage-plus.com\/en\/projects\/office\/xrm-vision\/\" \/>\n<meta property=\"og:locale\" content=\"en_US\" \/>\n<meta property=\"og:type\" content=\"article\" \/>\n<meta property=\"og:title\" content=\"XRM Vision - Un am\u00e9nagement de bureau r\u00e9ussi gr\u00e2ce \u00e0 la collaboration!\" \/>\n<meta property=\"og:description\" content=\"XRM Vision avait un d\u00e9sir d\u2019agrandissement et de revoir l\u2019am\u00e9nagement pour ses bureaux situ\u00e9s dans le quartier branch\u00e9 du Mile End, \u00e0 Montr\u00e9al. En partenariat avec La Shed Architecture, nous leur avons cr\u00e9\u00e9 un espace dynamique \u00e0 la hauteur des leurs attentes!\" \/>\n<meta property=\"og:url\" content=\"https:\/\/www.avantage-plus.com\/en\/projects\/office\/xrm-vision\/\" \/>\n<meta property=\"og:site_name\" content=\"A+\" \/>\n<meta property=\"article:publisher\" content=\"https:\/\/www.facebook.com\/avantageplus\/\" \/>\n<meta property=\"article:modified_time\" content=\"2023-03-09T15:56:13+00:00\" \/>\n<meta name=\"twitter:card\" content=\"summary_large_image\" \/>\n<meta name=\"twitter:label1\" content=\"Est. reading time\" \/>\n\t<meta name=\"twitter:data1\" content=\"2 minutes\" \/>\n<script type=\"application\/ld+json\" class=\"yoast-schema-graph\">{\"@context\":\"https:\/\/schema.org\",\"@graph\":[{\"@type\":\"WebPage\",\"@id\":\"https:\/\/www.avantage-plus.com\/en\/projects\/office\/xrm-vision\/\",\"url\":\"https:\/\/www.avantage-plus.com\/en\/projects\/office\/xrm-vision\/\",\"name\":\"XRM Vision - Un am\u00e9nagement de bureau r\u00e9ussi gr\u00e2ce \u00e0 la collaboration!\",\"isPartOf\":{\"@id\":\"https:\/\/www.avantage-plus.com\/en\/#website\"},\"datePublished\":\"2021-11-16T01:52:39+00:00\",\"dateModified\":\"2023-03-09T15:56:13+00:00\",\"description\":\"XRM Vision avait un d\u00e9sir d\u2019agrandissement et de revoir l\u2019am\u00e9nagement pour ses bureaux situ\u00e9s dans le quartier branch\u00e9 du Mile End, \u00e0 Montr\u00e9al. En partenariat avec La Shed Architecture, nous leur avons cr\u00e9\u00e9 un espace dynamique \u00e0 la hauteur des leurs attentes!\",\"breadcrumb\":{\"@id\":\"https:\/\/www.avantage-plus.com\/en\/projects\/office\/xrm-vision\/#breadcrumb\"},\"inLanguage\":\"en-US\",\"potentialAction\":[{\"@type\":\"ReadAction\",\"target\":[\"https:\/\/www.avantage-plus.com\/en\/projects\/office\/xrm-vision\/\"]}]},{\"@type\":\"BreadcrumbList\",\"@id\":\"https:\/\/www.avantage-plus.com\/en\/projects\/office\/xrm-vision\/#breadcrumb\",\"itemListElement\":[{\"@type\":\"ListItem\",\"position\":1,\"name\":\"Home\",\"item\":\"https:\/\/www.avantage-plus.com\/en\/\"},{\"@type\":\"ListItem\",\"position\":2,\"name\":\"Projects\",\"item\":\"https:\/\/www.avantage-plus.com\/en\/projects\/\"},{\"@type\":\"ListItem\",\"position\":3,\"name\":\"Office\",\"item\":\"https:\/\/www.avantage-plus.com\/en\/projects\/office\/\"},{\"@type\":\"ListItem\",\"position\":4,\"name\":\"XRM Vision\"}]},{\"@type\":\"WebSite\",\"@id\":\"https:\/\/www.avantage-plus.com\/en\/#website\",\"url\":\"https:\/\/www.avantage-plus.com\/en\/\",\"name\":\"A+\",\"description\":\"Entreprise en construction\",\"potentialAction\":[{\"@type\":\"SearchAction\",\"target\":{\"@type\":\"EntryPoint\",\"urlTemplate\":\"https:\/\/www.avantage-plus.com\/en\/?s={search_term_string}\"},\"query-input\":{\"@type\":\"PropertyValueSpecification\",\"valueRequired\":true,\"valueName\":\"search_term_string\"}}],\"inLanguage\":\"en-US\"}]}<\/script>\n<!-- \/ Yoast SEO plugin. -->","yoast_head_json":{"title":"XRM Vision - Un am\u00e9nagement de bureau r\u00e9ussi gr\u00e2ce \u00e0 la collaboration!","description":"XRM Vision avait un d\u00e9sir d\u2019agrandissement et de revoir l\u2019am\u00e9nagement pour ses bureaux situ\u00e9s dans le quartier branch\u00e9 du Mile End, \u00e0 Montr\u00e9al. En partenariat avec La Shed Architecture, nous leur avons cr\u00e9\u00e9 un espace dynamique \u00e0 la hauteur des leurs attentes!","robots":{"index":"index","follow":"follow","max-snippet":"max-snippet:-1","max-image-preview":"max-image-preview:large","max-video-preview":"max-video-preview:-1"},"canonical":"https:\/\/www.avantage-plus.com\/en\/projects\/office\/xrm-vision\/","og_locale":"en_US","og_type":"article","og_title":"XRM Vision - Un am\u00e9nagement de bureau r\u00e9ussi gr\u00e2ce \u00e0 la collaboration!","og_description":"XRM Vision avait un d\u00e9sir d\u2019agrandissement et de revoir l\u2019am\u00e9nagement pour ses bureaux situ\u00e9s dans le quartier branch\u00e9 du Mile End, \u00e0 Montr\u00e9al. En partenariat avec La Shed Architecture, nous leur avons cr\u00e9\u00e9 un espace dynamique \u00e0 la hauteur des leurs attentes!","og_url":"https:\/\/www.avantage-plus.com\/en\/projects\/office\/xrm-vision\/","og_site_name":"A+","article_publisher":"https:\/\/www.facebook.com\/avantageplus\/","article_modified_time":"2023-03-09T15:56:13+00:00","twitter_card":"summary_large_image","twitter_misc":{"Est. reading time":"2 minutes"},"schema":{"@context":"https:\/\/schema.org","@graph":[{"@type":"WebPage","@id":"https:\/\/www.avantage-plus.com\/en\/projects\/office\/xrm-vision\/","url":"https:\/\/www.avantage-plus.com\/en\/projects\/office\/xrm-vision\/","name":"XRM Vision - Un am\u00e9nagement de bureau r\u00e9ussi gr\u00e2ce \u00e0 la collaboration!","isPartOf":{"@id":"https:\/\/www.avantage-plus.com\/en\/#website"},"datePublished":"2021-11-16T01:52:39+00:00","dateModified":"2023-03-09T15:56:13+00:00","description":"XRM Vision avait un d\u00e9sir d\u2019agrandissement et de revoir l\u2019am\u00e9nagement pour ses bureaux situ\u00e9s dans le quartier branch\u00e9 du Mile End, \u00e0 Montr\u00e9al. En partenariat avec La Shed Architecture, nous leur avons cr\u00e9\u00e9 un espace dynamique \u00e0 la hauteur des leurs attentes!","breadcrumb":{"@id":"https:\/\/www.avantage-plus.com\/en\/projects\/office\/xrm-vision\/#breadcrumb"},"inLanguage":"en-US","potentialAction":[{"@type":"ReadAction","target":["https:\/\/www.avantage-plus.com\/en\/projects\/office\/xrm-vision\/"]}]},{"@type":"BreadcrumbList","@id":"https:\/\/www.avantage-plus.com\/en\/projects\/office\/xrm-vision\/#breadcrumb","itemListElement":[{"@type":"ListItem","position":1,"name":"Home","item":"https:\/\/www.avantage-plus.com\/en\/"},{"@type":"ListItem","position":2,"name":"Projects","item":"https:\/\/www.avantage-plus.com\/en\/projects\/"},{"@type":"ListItem","position":3,"name":"Office","item":"https:\/\/www.avantage-plus.com\/en\/projects\/office\/"},{"@type":"ListItem","position":4,"name":"XRM Vision"}]},{"@type":"WebSite","@id":"https:\/\/www.avantage-plus.com\/en\/#website","url":"https:\/\/www.avantage-plus.com\/en\/","name":"A+","description":"Entreprise en construction","potentialAction":[{"@type":"SearchAction","target":{"@type":"EntryPoint","urlTemplate":"https:\/\/www.avantage-plus.com\/en\/?s={search_term_string}"},"query-input":{"@type":"PropertyValueSpecification","valueRequired":true,"valueName":"search_term_string"}}],"inLanguage":"en-US"}]}},"_links":{"self":[{"href":"https:\/\/www.avantage-plus.com\/en\/wp-json\/wp\/v2\/pages\/29934","targetHints":{"allow":["GET"]}}],"collection":[{"href":"https:\/\/www.avantage-plus.com\/en\/wp-json\/wp\/v2\/pages"}],"about":[{"href":"https:\/\/www.avantage-plus.com\/en\/wp-json\/wp\/v2\/types\/page"}],"author":[{"embeddable":true,"href":"https:\/\/www.avantage-plus.com\/en\/wp-json\/wp\/v2\/users\/14"}],"replies":[{"embeddable":true,"href":"https:\/\/www.avantage-plus.com\/en\/wp-json\/wp\/v2\/comments?post=29934"}],"version-history":[{"count":6,"href":"https:\/\/www.avantage-plus.com\/en\/wp-json\/wp\/v2\/pages\/29934\/revisions"}],"predecessor-version":[{"id":36273,"href":"https:\/\/www.avantage-plus.com\/en\/wp-json\/wp\/v2\/pages\/29934\/revisions\/36273"}],"up":[{"embeddable":true,"href":"https:\/\/www.avantage-plus.com\/en\/wp-json\/wp\/v2\/pages\/29356"}],"wp:attachment":[{"href":"https:\/\/www.avantage-plus.com\/en\/wp-json\/wp\/v2\/media?parent=29934"}],"curies":[{"name":"wp","href":"https:\/\/api.w.org\/{rel}","templated":true}]}}