{"id":29937,"date":"2021-11-15T21:52:39","date_gmt":"2021-11-16T01:52:39","guid":{"rendered":"https:\/\/www.avantage-plus.com\/achievements\/clinic\/clinique-go-orthodontistes-montreal\/"},"modified":"2023-05-19T15:56:46","modified_gmt":"2023-05-19T19:56:46","slug":"clinique-go-orthodontistes-montreal","status":"publish","type":"page","link":"https:\/\/www.avantage-plus.com\/en\/projects\/clinic\/clinique-go-orthodontistes-montreal\/","title":{"rendered":"Clinique Go Orthodontistes &#8211; Montr\u00e9al"},"content":{"rendered":"<div class=\"wpb-content-wrapper\"><p>[vc_row unlock_row_content=&#8221;yes&#8221; row_height_percent=&#8221;0&#8243; back_image=&#8221;26047&#8243; overlay_alpha=&#8221;50&#8243; gutter_size=&#8221;3&#8243; shift_y=&#8221;0&#8243; row_name=&#8221;row-full-realisation-bg&#8221;][vc_column width=&#8221;1\/1&#8243;][\/vc_column][\/vc_row][vc_row row_height_percent=&#8221;0&#8243; overlay_alpha=&#8221;50&#8243; gutter_size=&#8221;3&#8243; shift_y=&#8221;0&#8243; el_class=&#8221;row-title&#8221; row_name=&#8221;row-title&#8221;][vc_column width=&#8221;1\/1&#8243;][vc_column_text]<\/p>\n<h1>Clinique Go Orthodontistes &#8211; Montr\u00e9al<\/h1>\n<hr class=\"relalisation-separator\" \/>\n<p>[\/vc_column_text][\/vc_column][\/vc_row][vc_row row_height_percent=&#8221;0&#8243; overlay_alpha=&#8221;50&#8243; equal_height=&#8221;yes&#8221; gutter_size=&#8221;4&#8243; shift_y=&#8221;0&#8243; row_name=&#8221;row-realisation-content&#8221;][vc_column column_width_percent=&#8221;100&#8243; override_padding=&#8221;yes&#8221; column_padding=&#8221;3&#8243; overlay_alpha=&#8221;50&#8243; gutter_size=&#8221;3&#8243; medium_width=&#8221;0&#8243; shift_x=&#8221;0&#8243; shift_y=&#8221;0&#8243; z_index=&#8221;0&#8243; width=&#8221;3\/4&#8243; el_class=&#8221;realisation-col-content&#8221;][vc_column_text]<strong>Building an intricately designed clinic that wins a Grand Prix du Design Award<\/strong><\/p>\n<p>With one clinic in Brossard, <a href=\"https:\/\/goorthodontistes.com\/\">Go Orthodontistes<\/a> Clinic decided that it wanted to open a second clinic in downtown Montreal. Since it offers high-end orthodontic services, our client opted for a unique design that would provide its patients with a luxurious yet welcoming environment. Not only was the project&#8217;s design intricate and challenging, but its schedule had to be closely followed so that the clinic could be inaugurated few months after.<\/p>\n<p>Using our Integrated Collaborative Project Management (ICPM) approach, we worked closely with the designer to deliver this exceptional project, which was extremely detailed and required special finishes.<\/p>\n<p>As the project facilitator, we successfully coordinated the various specialized contractors involved and made sure that they executed and complied with the design expectations on schedule.[\/vc_column_text][vc_column_text css=&#8221;.vc_custom_1642190744053{padding-top: 20px !important;}&#8221;]<\/p>\n<blockquote><p><em>\u00ab Their structured and professional approach never sacrifices quality in their interpersonal relations with clients. The perfect mix of ingredients for a successful recipe! <i>\u00bb<\/i>\u00a0<\/em><strong>\u2013 Natasha Thorpe, Designer<\/strong><\/p><\/blockquote>\n<p>[\/vc_column_text][vc_column_text el_class=&#8221;credits&#8221;]<u>Credits<\/u><br \/>\nProject management &amp; Construction : A+ | Architects &amp; Designers : Natasha Thorpe | Photographer : Maxime Brouillet[\/vc_column_text][\/vc_column][vc_column column_width_percent=&#8221;100&#8243; position_vertical=&#8221;middle&#8221; expand_height=&#8221;yes&#8221; overlay_alpha=&#8221;50&#8243; gutter_size=&#8221;3&#8243; medium_width=&#8221;0&#8243; shift_x=&#8221;0&#8243; shift_y=&#8221;0&#8243; z_index=&#8221;0&#8243; width=&#8221;1\/4&#8243; el_class=&#8221;col-realisation-extra-info&#8221;][vc_column_text]<strong>Type :<br \/>\n<\/strong>Office<\/p>\n<p><strong>Surface area :<br \/>\n<\/strong>2,500 ft<sup>2<\/sup>[\/vc_column_text][\/vc_column][\/vc_row][vc_row unlock_row_content=&#8221;yes&#8221; row_height_percent=&#8221;0&#8243; overlay_alpha=&#8221;50&#8243; gutter_size=&#8221;3&#8243; shift_y=&#8221;0&#8243;][vc_column width=&#8221;1\/1&#8243;][vc_column_text]<link rel=\"preload\" as=\"image\" href=\"https:\/\/eadn-wc05-5238924.nxedge.io\/wp-content\/uploads\/2017\/10\/GO_Drummond-8-1024x683.jpg\">\n<link rel=\"preload\" as=\"image\" href=\"https:\/\/eadn-wc05-5238924.nxedge.io\/wp-content\/uploads\/2017\/10\/GO_Drummond-14-683x1024.jpg\">\n<link rel=\"preload\" as=\"image\" href=\"https:\/\/eadn-wc05-5238924.nxedge.io\/wp-content\/uploads\/2017\/10\/GO_Drummond-22-683x1024.jpg\">\n<link rel=\"preload\" as=\"image\" href=\"https:\/\/eadn-wc05-5238924.nxedge.io\/wp-content\/uploads\/2021\/11\/55320-main3252-255320scv2com-1024x683.jpg\">\n<link rel=\"preload\" as=\"image\" href=\"https:\/\/eadn-wc05-5238924.nxedge.io\/wp-content\/uploads\/2021\/11\/55316-main3252-255316scv2com-683x1024.jpg\">\n<link rel=\"preload\" as=\"image\" href=\"https:\/\/eadn-wc05-5238924.nxedge.io\/wp-content\/uploads\/2017\/10\/GO_Drummond-21-683x1024.jpg\">\n<link rel=\"preload\" as=\"image\" href=\"https:\/\/eadn-wc05-5238924.nxedge.io\/wp-content\/uploads\/2017\/10\/GO_Drummond-19-683x1024.jpg\">\n<link rel=\"preload\" as=\"image\" href=\"https:\/\/eadn-wc05-5238924.nxedge.io\/wp-content\/uploads\/2017\/10\/GO_Drummond-2-683x1024.jpg\">\n<link rel=\"preload\" as=\"image\" href=\"https:\/\/eadn-wc05-5238924.nxedge.io\/wp-content\/uploads\/2017\/10\/GO_Drummond-17-683x1024.jpg\">\n<div class=\"image-gallery\" id=\"myImageGallery_69d9211c1dfae\"><\/div>[\/vc_column_text][\/vc_column][\/vc_row]<\/p>\n<\/div>","protected":false},"excerpt":{"rendered":"<p>[vc_row unlock_row_content=&#8221;yes&#8221; row_height_percent=&#8221;0&#8243; back_image=&#8221;26047&#8243; overlay_alpha=&#8221;50&#8243; gutter_size=&#8221;3&#8243; shift_y=&#8221;0&#8243; row_name=&#8221;row-full-realisation-bg&#8221;][vc_column width=&#8221;1\/1&#8243;][\/vc_column][\/vc_row][vc_row row_height_percent=&#8221;0&#8243; overlay_alpha=&#8221;50&#8243; gutter_size=&#8221;3&#8243; shift_y=&#8221;0&#8243; el_class=&#8221;row-title&#8221; row_name=&#8221;row-title&#8221;][vc_column width=&#8221;1\/1&#8243;][vc_column_text] Clinique Go Orthodontistes &#8211;<a class=\"moretag\" href=\"https:\/\/www.avantage-plus.com\/en\/projects\/clinic\/clinique-go-orthodontistes-montreal\/\"> Read the full article patate&#8230;<\/a><\/p>\n","protected":false},"author":14,"featured_media":0,"parent":29358,"menu_order":0,"comment_status":"closed","ping_status":"closed","template":"","meta":{"_acf_changed":false,"footnotes":""},"class_list":["post-29937","page","type-page","status-publish","hentry"],"acf":[],"yoast_head":"<!-- This site is optimized with the Yoast SEO plugin v26.9 - https:\/\/yoast.com\/product\/yoast-seo-wordpress\/ -->\n<title>Clinique Go Orthodontistes - Montr\u00e9al - Une clinique au design exceptionnelle<\/title>\n<meta name=\"description\" content=\"En misant sur notre approche cl\u00e9 en main, nous avons travaill\u00e9 de pr\u00e8s avec la designer afin de r\u00e9aliser une clinique exceptionnelle.\" \/>\n<meta name=\"robots\" content=\"index, follow, max-snippet:-1, max-image-preview:large, max-video-preview:-1\" \/>\n<link rel=\"canonical\" href=\"https:\/\/www.avantage-plus.com\/en\/projects\/clinic\/clinique-go-orthodontistes-montreal\/\" \/>\n<meta property=\"og:locale\" content=\"en_US\" \/>\n<meta property=\"og:type\" content=\"article\" \/>\n<meta property=\"og:title\" content=\"Clinique Go Orthodontistes - Montr\u00e9al - Une clinique au design exceptionnelle\" \/>\n<meta property=\"og:description\" content=\"En misant sur notre approche cl\u00e9 en main, nous avons travaill\u00e9 de pr\u00e8s avec la designer afin de r\u00e9aliser une clinique exceptionnelle.\" \/>\n<meta property=\"og:url\" content=\"https:\/\/www.avantage-plus.com\/en\/projects\/clinic\/clinique-go-orthodontistes-montreal\/\" \/>\n<meta property=\"og:site_name\" content=\"A+\" \/>\n<meta property=\"article:publisher\" content=\"https:\/\/www.facebook.com\/avantageplus\/\" \/>\n<meta property=\"article:modified_time\" content=\"2023-05-19T19:56:46+00:00\" \/>\n<meta name=\"twitter:card\" content=\"summary_large_image\" \/>\n<meta name=\"twitter:label1\" content=\"Est. reading time\" \/>\n\t<meta name=\"twitter:data1\" content=\"2 minutes\" \/>\n<script type=\"application\/ld+json\" class=\"yoast-schema-graph\">{\"@context\":\"https:\/\/schema.org\",\"@graph\":[{\"@type\":\"WebPage\",\"@id\":\"https:\/\/www.avantage-plus.com\/en\/projects\/clinic\/clinique-go-orthodontistes-montreal\/\",\"url\":\"https:\/\/www.avantage-plus.com\/en\/projects\/clinic\/clinique-go-orthodontistes-montreal\/\",\"name\":\"Clinique Go Orthodontistes - Montr\u00e9al - Une clinique au design exceptionnelle\",\"isPartOf\":{\"@id\":\"https:\/\/www.avantage-plus.com\/en\/#website\"},\"datePublished\":\"2021-11-16T01:52:39+00:00\",\"dateModified\":\"2023-05-19T19:56:46+00:00\",\"description\":\"En misant sur notre approche cl\u00e9 en main, nous avons travaill\u00e9 de pr\u00e8s avec la designer afin de r\u00e9aliser une clinique exceptionnelle.\",\"breadcrumb\":{\"@id\":\"https:\/\/www.avantage-plus.com\/en\/projects\/clinic\/clinique-go-orthodontistes-montreal\/#breadcrumb\"},\"inLanguage\":\"en-US\",\"potentialAction\":[{\"@type\":\"ReadAction\",\"target\":[\"https:\/\/www.avantage-plus.com\/en\/projects\/clinic\/clinique-go-orthodontistes-montreal\/\"]}]},{\"@type\":\"BreadcrumbList\",\"@id\":\"https:\/\/www.avantage-plus.com\/en\/projects\/clinic\/clinique-go-orthodontistes-montreal\/#breadcrumb\",\"itemListElement\":[{\"@type\":\"ListItem\",\"position\":1,\"name\":\"Home\",\"item\":\"https:\/\/www.avantage-plus.com\/en\/\"},{\"@type\":\"ListItem\",\"position\":2,\"name\":\"Projects\",\"item\":\"https:\/\/www.avantage-plus.com\/en\/projects\/\"},{\"@type\":\"ListItem\",\"position\":3,\"name\":\"clinic\",\"item\":\"https:\/\/www.avantage-plus.com\/realisations\/medical\/\"},{\"@type\":\"ListItem\",\"position\":4,\"name\":\"Clinique Go Orthodontistes &#8211; Montr\u00e9al\"}]},{\"@type\":\"WebSite\",\"@id\":\"https:\/\/www.avantage-plus.com\/en\/#website\",\"url\":\"https:\/\/www.avantage-plus.com\/en\/\",\"name\":\"A+\",\"description\":\"Entreprise en construction\",\"potentialAction\":[{\"@type\":\"SearchAction\",\"target\":{\"@type\":\"EntryPoint\",\"urlTemplate\":\"https:\/\/www.avantage-plus.com\/en\/?s={search_term_string}\"},\"query-input\":{\"@type\":\"PropertyValueSpecification\",\"valueRequired\":true,\"valueName\":\"search_term_string\"}}],\"inLanguage\":\"en-US\"}]}<\/script>\n<!-- \/ Yoast SEO plugin. -->","yoast_head_json":{"title":"Clinique Go Orthodontistes - Montr\u00e9al - Une clinique au design exceptionnelle","description":"En misant sur notre approche cl\u00e9 en main, nous avons travaill\u00e9 de pr\u00e8s avec la designer afin de r\u00e9aliser une clinique exceptionnelle.","robots":{"index":"index","follow":"follow","max-snippet":"max-snippet:-1","max-image-preview":"max-image-preview:large","max-video-preview":"max-video-preview:-1"},"canonical":"https:\/\/www.avantage-plus.com\/en\/projects\/clinic\/clinique-go-orthodontistes-montreal\/","og_locale":"en_US","og_type":"article","og_title":"Clinique Go Orthodontistes - Montr\u00e9al - Une clinique au design exceptionnelle","og_description":"En misant sur notre approche cl\u00e9 en main, nous avons travaill\u00e9 de pr\u00e8s avec la designer afin de r\u00e9aliser une clinique exceptionnelle.","og_url":"https:\/\/www.avantage-plus.com\/en\/projects\/clinic\/clinique-go-orthodontistes-montreal\/","og_site_name":"A+","article_publisher":"https:\/\/www.facebook.com\/avantageplus\/","article_modified_time":"2023-05-19T19:56:46+00:00","twitter_card":"summary_large_image","twitter_misc":{"Est. reading time":"2 minutes"},"schema":{"@context":"https:\/\/schema.org","@graph":[{"@type":"WebPage","@id":"https:\/\/www.avantage-plus.com\/en\/projects\/clinic\/clinique-go-orthodontistes-montreal\/","url":"https:\/\/www.avantage-plus.com\/en\/projects\/clinic\/clinique-go-orthodontistes-montreal\/","name":"Clinique Go Orthodontistes - Montr\u00e9al - Une clinique au design exceptionnelle","isPartOf":{"@id":"https:\/\/www.avantage-plus.com\/en\/#website"},"datePublished":"2021-11-16T01:52:39+00:00","dateModified":"2023-05-19T19:56:46+00:00","description":"En misant sur notre approche cl\u00e9 en main, nous avons travaill\u00e9 de pr\u00e8s avec la designer afin de r\u00e9aliser une clinique exceptionnelle.","breadcrumb":{"@id":"https:\/\/www.avantage-plus.com\/en\/projects\/clinic\/clinique-go-orthodontistes-montreal\/#breadcrumb"},"inLanguage":"en-US","potentialAction":[{"@type":"ReadAction","target":["https:\/\/www.avantage-plus.com\/en\/projects\/clinic\/clinique-go-orthodontistes-montreal\/"]}]},{"@type":"BreadcrumbList","@id":"https:\/\/www.avantage-plus.com\/en\/projects\/clinic\/clinique-go-orthodontistes-montreal\/#breadcrumb","itemListElement":[{"@type":"ListItem","position":1,"name":"Home","item":"https:\/\/www.avantage-plus.com\/en\/"},{"@type":"ListItem","position":2,"name":"Projects","item":"https:\/\/www.avantage-plus.com\/en\/projects\/"},{"@type":"ListItem","position":3,"name":"clinic","item":"https:\/\/www.avantage-plus.com\/realisations\/medical\/"},{"@type":"ListItem","position":4,"name":"Clinique Go Orthodontistes &#8211; Montr\u00e9al"}]},{"@type":"WebSite","@id":"https:\/\/www.avantage-plus.com\/en\/#website","url":"https:\/\/www.avantage-plus.com\/en\/","name":"A+","description":"Entreprise en construction","potentialAction":[{"@type":"SearchAction","target":{"@type":"EntryPoint","urlTemplate":"https:\/\/www.avantage-plus.com\/en\/?s={search_term_string}"},"query-input":{"@type":"PropertyValueSpecification","valueRequired":true,"valueName":"search_term_string"}}],"inLanguage":"en-US"}]}},"_links":{"self":[{"href":"https:\/\/www.avantage-plus.com\/en\/wp-json\/wp\/v2\/pages\/29937","targetHints":{"allow":["GET"]}}],"collection":[{"href":"https:\/\/www.avantage-plus.com\/en\/wp-json\/wp\/v2\/pages"}],"about":[{"href":"https:\/\/www.avantage-plus.com\/en\/wp-json\/wp\/v2\/types\/page"}],"author":[{"embeddable":true,"href":"https:\/\/www.avantage-plus.com\/en\/wp-json\/wp\/v2\/users\/14"}],"replies":[{"embeddable":true,"href":"https:\/\/www.avantage-plus.com\/en\/wp-json\/wp\/v2\/comments?post=29937"}],"version-history":[{"count":8,"href":"https:\/\/www.avantage-plus.com\/en\/wp-json\/wp\/v2\/pages\/29937\/revisions"}],"predecessor-version":[{"id":38572,"href":"https:\/\/www.avantage-plus.com\/en\/wp-json\/wp\/v2\/pages\/29937\/revisions\/38572"}],"up":[{"embeddable":true,"href":"https:\/\/www.avantage-plus.com\/en\/wp-json\/wp\/v2\/pages\/29358"}],"wp:attachment":[{"href":"https:\/\/www.avantage-plus.com\/en\/wp-json\/wp\/v2\/media?parent=29937"}],"curies":[{"name":"wp","href":"https:\/\/api.w.org\/{rel}","templated":true}]}}