{"id":29939,"date":"2021-11-15T21:52:39","date_gmt":"2021-11-16T01:52:39","guid":{"rendered":"https:\/\/www.avantage-plus.com\/achievements\/industrial-space\/bernard-et-fils-traiteur\/"},"modified":"2023-03-09T15:00:10","modified_gmt":"2023-03-09T19:00:10","slug":"bernard-et-fils-traiteur","status":"publish","type":"page","link":"https:\/\/www.avantage-plus.com\/en\/projects\/industrial-space\/bernard-et-fils-traiteur\/","title":{"rendered":"Bernard &#038; Fils Traiteur"},"content":{"rendered":"<div class=\"wpb-content-wrapper\"><p>[vc_row unlock_row_content=&#8221;yes&#8221; row_height_percent=&#8221;0&#8243; back_image=&#8221;27942&#8243; overlay_alpha=&#8221;50&#8243; gutter_size=&#8221;3&#8243; shift_y=&#8221;0&#8243; row_name=&#8221;row-full-realisation-bg&#8221;][vc_column width=&#8221;1\/1&#8243;][\/vc_column][\/vc_row][vc_row row_height_percent=&#8221;0&#8243; overlay_alpha=&#8221;50&#8243; gutter_size=&#8221;3&#8243; shift_y=&#8221;0&#8243; el_class=&#8221;row-title&#8221; row_name=&#8221;row-title&#8221;][vc_column width=&#8221;1\/1&#8243;][vc_column_text]<\/p>\n<h1>Bernard &amp; Fils Traiteur<\/h1>\n<hr class=\"relalisation-separator\" \/>\n<p>[\/vc_column_text][\/vc_column][\/vc_row][vc_row row_height_percent=&#8221;0&#8243; overlay_alpha=&#8221;50&#8243; equal_height=&#8221;yes&#8221; gutter_size=&#8221;4&#8243; shift_y=&#8221;0&#8243; row_name=&#8221;row-realisation-content&#8221;][vc_column column_width_percent=&#8221;100&#8243; override_padding=&#8221;yes&#8221; column_padding=&#8221;3&#8243; overlay_alpha=&#8221;50&#8243; gutter_size=&#8221;3&#8243; medium_width=&#8221;0&#8243; shift_x=&#8221;0&#8243; shift_y=&#8221;0&#8243; z_index=&#8221;0&#8243; width=&#8221;3\/4&#8243; el_class=&#8221;realisation-col-content&#8221;][vc_column_text]<strong>Building the largest HACCP kitchen in Canada<\/strong><\/p>\n<p>To refurbish and renovate this disused building, which is over 11,000 ft2 in size, we had to overcome a huge technical challenge within a very short period of time. In just 4 months, A+ not only delivered the entire design and construction of the electromechanical engineering, but also built the largest commercial HACCP kitchen in the country as well as offices in the building. We succeeded in this project thanks to rigorous planning of each step and healthy collaboration between the A+ team and all the other professionals involved.[\/vc_column_text][vc_column_text css=&#8221;.vc_custom_1642192083656{padding-top: 20px !important;}&#8221;]<\/p>\n<blockquote><p><i>\u00ab A+ has a team that is truly focused on results and solutions. \u00bb <\/i><strong>&#8211; Bernard Jr Saurette, CEO<\/strong><\/p><\/blockquote>\n<p>[\/vc_column_text][vc_column_text el_class=&#8221;credits&#8221;]<u>Credits<\/u><br \/>\nProject management design and construction : A+ | Architects &amp; Designers : <span class=\"detail-container\"><span class=\"detail-value\">Maxime Brault Architecte and A+ | Photographer : Maxime Brouillet<\/span><\/span>[\/vc_column_text][\/vc_column][vc_column column_width_percent=&#8221;100&#8243; position_vertical=&#8221;middle&#8221; expand_height=&#8221;yes&#8221; overlay_alpha=&#8221;50&#8243; gutter_size=&#8221;3&#8243; medium_width=&#8221;0&#8243; shift_x=&#8221;0&#8243; shift_y=&#8221;0&#8243; z_index=&#8221;0&#8243; width=&#8221;1\/4&#8243; el_class=&#8221;col-realisation-extra-info&#8221;][vc_column_text]<strong>Type :<br \/>\n<\/strong>Industrial<\/p>\n<p><strong>Surface area :<br \/>\n<\/strong>11,000 ft<sup>2<\/sup>[\/vc_column_text][\/vc_column][\/vc_row][vc_row row_height_percent=&#8221;0&#8243; overlay_alpha=&#8221;50&#8243; gutter_size=&#8221;3&#8243; shift_y=&#8221;0&#8243; el_class=&#8221;row-video-controls&#8221; row_name=&#8221;row-video-controls&#8221;][vc_column column_width_percent=&#8221;100&#8243; align_horizontal=&#8221;align_center&#8221; overlay_alpha=&#8221;50&#8243; gutter_size=&#8221;3&#8243; medium_width=&#8221;0&#8243; shift_x=&#8221;0&#8243; shift_y=&#8221;0&#8243; z_index=&#8221;0&#8243; width=&#8221;1\/1&#8243;][vc_column_text el_class=&#8221;cta-youtube&#8221;]<a id=\"display-row-video\" href=\"https:\/\/www.youtube.com\" target=\"_blank\" rel=\"noopener\">Click here to watch the video<\/a>[\/vc_column_text][\/vc_column][\/vc_row][vc_row row_height_percent=&#8221;0&#8243; overlay_alpha=&#8221;50&#8243; gutter_size=&#8221;3&#8243; shift_y=&#8221;0&#8243; row_name=&#8221;row-video&#8221;][vc_column width=&#8221;1\/1&#8243;][vc_column_text]<iframe width=\"560\" height=\"315\" src=\"https:\/\/www.youtube.com\/embed\/RjppJl7Y1oc\" title=\"YouTube video player\" frameborder=\"0\" allow=\"accelerometer; autoplay; clipboard-write; encrypted-media; gyroscope; picture-in-picture\" allowfullscreen><\/iframe>[\/vc_column_text][\/vc_column][\/vc_row][vc_row unlock_row_content=&#8221;yes&#8221; row_height_percent=&#8221;0&#8243; overlay_alpha=&#8221;50&#8243; gutter_size=&#8221;3&#8243; shift_y=&#8221;0&#8243;][vc_column width=&#8221;1\/1&#8243;][vc_column_text]<link rel=\"preload\" as=\"image\" href=\"https:\/\/eadn-wc05-5238924.nxedge.io\/wp-content\/uploads\/2018\/10\/Bernard-12-2-1024x683.jpg\">\n<link rel=\"preload\" as=\"image\" href=\"https:\/\/eadn-wc05-5238924.nxedge.io\/wp-content\/uploads\/2018\/10\/Bernard-10-2-1024x683.jpg\">\n<link rel=\"preload\" as=\"image\" href=\"https:\/\/eadn-wc05-5238924.nxedge.io\/wp-content\/uploads\/2019\/01\/Bernard-7-1-1024x683.jpg\">\n<link rel=\"preload\" as=\"image\" href=\"https:\/\/eadn-wc05-5238924.nxedge.io\/wp-content\/uploads\/2019\/01\/Bernard-8-1-1-1024x683.jpg\">\n<link rel=\"preload\" as=\"image\" href=\"https:\/\/eadn-wc05-5238924.nxedge.io\/wp-content\/uploads\/2019\/01\/Bernard-2-1-1024x683.jpg\">\n<link rel=\"preload\" as=\"image\" href=\"https:\/\/eadn-wc05-5238924.nxedge.io\/wp-content\/uploads\/2019\/01\/Bernard-4-1-1024x683.jpg\">\n<link rel=\"preload\" as=\"image\" href=\"https:\/\/eadn-wc05-5238924.nxedge.io\/wp-content\/uploads\/2018\/10\/Bernard-5b-1-2-1024x683.jpg\">\n<link rel=\"preload\" as=\"image\" href=\"https:\/\/eadn-wc05-5238924.nxedge.io\/wp-content\/uploads\/2018\/10\/Bernard-13-2-1024x683.jpg\">\n<link rel=\"preload\" as=\"image\" href=\"https:\/\/eadn-wc05-5238924.nxedge.io\/wp-content\/uploads\/2019\/01\/Bernard-1-1-1024x683.jpg\">\n<div class=\"image-gallery\" id=\"myImageGallery_69d921618c499\"><\/div>[\/vc_column_text][\/vc_column][\/vc_row]<\/p>\n<\/div>","protected":false},"excerpt":{"rendered":"<p>[vc_row unlock_row_content=&#8221;yes&#8221; row_height_percent=&#8221;0&#8243; back_image=&#8221;27942&#8243; overlay_alpha=&#8221;50&#8243; gutter_size=&#8221;3&#8243; shift_y=&#8221;0&#8243; row_name=&#8221;row-full-realisation-bg&#8221;][vc_column width=&#8221;1\/1&#8243;][\/vc_column][\/vc_row][vc_row row_height_percent=&#8221;0&#8243; overlay_alpha=&#8221;50&#8243; gutter_size=&#8221;3&#8243; shift_y=&#8221;0&#8243; el_class=&#8221;row-title&#8221; row_name=&#8221;row-title&#8221;][vc_column width=&#8221;1\/1&#8243;][vc_column_text] Bernard &amp; Fils Traiteur<a class=\"moretag\" href=\"https:\/\/www.avantage-plus.com\/en\/projects\/industrial-space\/bernard-et-fils-traiteur\/\"> Read the full article patate&#8230;<\/a><\/p>\n","protected":false},"author":14,"featured_media":0,"parent":29360,"menu_order":0,"comment_status":"closed","ping_status":"closed","template":"","meta":{"_acf_changed":false,"footnotes":""},"class_list":["post-29939","page","type-page","status-publish","hentry"],"acf":[],"yoast_head":"<!-- This site is optimized with the Yoast SEO plugin v26.9 - https:\/\/yoast.com\/product\/yoast-seo-wordpress\/ -->\n<title>Bernard &amp; Fils Traiteur - Construire la plus importante cuisine HACCP au Canada<\/title>\n<meta name=\"description\" content=\"Pour r\u00e9habiliter et am\u00e9nager ce b\u00e2timent d\u00e9saffect\u00e9 de 11 000 pi2, il a fallu relever un d\u00e9fi technique d\u2019envergure dans un laps de temps tr\u00e8s serr\u00e9.\" \/>\n<meta name=\"robots\" content=\"index, follow, max-snippet:-1, max-image-preview:large, max-video-preview:-1\" \/>\n<link rel=\"canonical\" href=\"https:\/\/www.avantage-plus.com\/en\/projects\/industrial-space\/bernard-et-fils-traiteur\/\" \/>\n<meta property=\"og:locale\" content=\"en_US\" \/>\n<meta property=\"og:type\" content=\"article\" \/>\n<meta property=\"og:title\" content=\"Bernard &amp; Fils Traiteur - Construire la plus importante cuisine HACCP au Canada\" \/>\n<meta property=\"og:description\" content=\"Pour r\u00e9habiliter et am\u00e9nager ce b\u00e2timent d\u00e9saffect\u00e9 de 11 000 pi2, il a fallu relever un d\u00e9fi technique d\u2019envergure dans un laps de temps tr\u00e8s serr\u00e9.\" \/>\n<meta property=\"og:url\" content=\"https:\/\/www.avantage-plus.com\/en\/projects\/industrial-space\/bernard-et-fils-traiteur\/\" \/>\n<meta property=\"og:site_name\" content=\"A+\" \/>\n<meta property=\"article:publisher\" content=\"https:\/\/www.facebook.com\/avantageplus\/\" \/>\n<meta property=\"article:modified_time\" content=\"2023-03-09T19:00:10+00:00\" \/>\n<meta name=\"twitter:card\" content=\"summary_large_image\" \/>\n<meta name=\"twitter:label1\" content=\"Est. reading time\" \/>\n\t<meta name=\"twitter:data1\" content=\"2 minutes\" \/>\n<script type=\"application\/ld+json\" class=\"yoast-schema-graph\">{\"@context\":\"https:\/\/schema.org\",\"@graph\":[{\"@type\":\"WebPage\",\"@id\":\"https:\/\/www.avantage-plus.com\/en\/projects\/industrial-space\/bernard-et-fils-traiteur\/\",\"url\":\"https:\/\/www.avantage-plus.com\/en\/projects\/industrial-space\/bernard-et-fils-traiteur\/\",\"name\":\"Bernard & Fils Traiteur - Construire la plus importante cuisine HACCP au Canada\",\"isPartOf\":{\"@id\":\"https:\/\/www.avantage-plus.com\/en\/#website\"},\"datePublished\":\"2021-11-16T01:52:39+00:00\",\"dateModified\":\"2023-03-09T19:00:10+00:00\",\"description\":\"Pour r\u00e9habiliter et am\u00e9nager ce b\u00e2timent d\u00e9saffect\u00e9 de 11 000 pi2, il a fallu relever un d\u00e9fi technique d\u2019envergure dans un laps de temps tr\u00e8s serr\u00e9.\",\"breadcrumb\":{\"@id\":\"https:\/\/www.avantage-plus.com\/en\/projects\/industrial-space\/bernard-et-fils-traiteur\/#breadcrumb\"},\"inLanguage\":\"en-US\",\"potentialAction\":[{\"@type\":\"ReadAction\",\"target\":[\"https:\/\/www.avantage-plus.com\/en\/projects\/industrial-space\/bernard-et-fils-traiteur\/\"]}]},{\"@type\":\"BreadcrumbList\",\"@id\":\"https:\/\/www.avantage-plus.com\/en\/projects\/industrial-space\/bernard-et-fils-traiteur\/#breadcrumb\",\"itemListElement\":[{\"@type\":\"ListItem\",\"position\":1,\"name\":\"Home\",\"item\":\"https:\/\/www.avantage-plus.com\/en\/\"},{\"@type\":\"ListItem\",\"position\":2,\"name\":\"Projects\",\"item\":\"https:\/\/www.avantage-plus.com\/en\/projects\/\"},{\"@type\":\"ListItem\",\"position\":3,\"name\":\"Industrial space\",\"item\":\"https:\/\/www.avantage-plus.com\/en\/projects\/industrial-space\/\"},{\"@type\":\"ListItem\",\"position\":4,\"name\":\"Bernard &#038; Fils Traiteur\"}]},{\"@type\":\"WebSite\",\"@id\":\"https:\/\/www.avantage-plus.com\/en\/#website\",\"url\":\"https:\/\/www.avantage-plus.com\/en\/\",\"name\":\"A+\",\"description\":\"Entreprise en construction\",\"potentialAction\":[{\"@type\":\"SearchAction\",\"target\":{\"@type\":\"EntryPoint\",\"urlTemplate\":\"https:\/\/www.avantage-plus.com\/en\/?s={search_term_string}\"},\"query-input\":{\"@type\":\"PropertyValueSpecification\",\"valueRequired\":true,\"valueName\":\"search_term_string\"}}],\"inLanguage\":\"en-US\"}]}<\/script>\n<!-- \/ Yoast SEO plugin. -->","yoast_head_json":{"title":"Bernard & Fils Traiteur - Construire la plus importante cuisine HACCP au Canada","description":"Pour r\u00e9habiliter et am\u00e9nager ce b\u00e2timent d\u00e9saffect\u00e9 de 11 000 pi2, il a fallu relever un d\u00e9fi technique d\u2019envergure dans un laps de temps tr\u00e8s serr\u00e9.","robots":{"index":"index","follow":"follow","max-snippet":"max-snippet:-1","max-image-preview":"max-image-preview:large","max-video-preview":"max-video-preview:-1"},"canonical":"https:\/\/www.avantage-plus.com\/en\/projects\/industrial-space\/bernard-et-fils-traiteur\/","og_locale":"en_US","og_type":"article","og_title":"Bernard & Fils Traiteur - Construire la plus importante cuisine HACCP au Canada","og_description":"Pour r\u00e9habiliter et am\u00e9nager ce b\u00e2timent d\u00e9saffect\u00e9 de 11 000 pi2, il a fallu relever un d\u00e9fi technique d\u2019envergure dans un laps de temps tr\u00e8s serr\u00e9.","og_url":"https:\/\/www.avantage-plus.com\/en\/projects\/industrial-space\/bernard-et-fils-traiteur\/","og_site_name":"A+","article_publisher":"https:\/\/www.facebook.com\/avantageplus\/","article_modified_time":"2023-03-09T19:00:10+00:00","twitter_card":"summary_large_image","twitter_misc":{"Est. reading time":"2 minutes"},"schema":{"@context":"https:\/\/schema.org","@graph":[{"@type":"WebPage","@id":"https:\/\/www.avantage-plus.com\/en\/projects\/industrial-space\/bernard-et-fils-traiteur\/","url":"https:\/\/www.avantage-plus.com\/en\/projects\/industrial-space\/bernard-et-fils-traiteur\/","name":"Bernard & Fils Traiteur - Construire la plus importante cuisine HACCP au Canada","isPartOf":{"@id":"https:\/\/www.avantage-plus.com\/en\/#website"},"datePublished":"2021-11-16T01:52:39+00:00","dateModified":"2023-03-09T19:00:10+00:00","description":"Pour r\u00e9habiliter et am\u00e9nager ce b\u00e2timent d\u00e9saffect\u00e9 de 11 000 pi2, il a fallu relever un d\u00e9fi technique d\u2019envergure dans un laps de temps tr\u00e8s serr\u00e9.","breadcrumb":{"@id":"https:\/\/www.avantage-plus.com\/en\/projects\/industrial-space\/bernard-et-fils-traiteur\/#breadcrumb"},"inLanguage":"en-US","potentialAction":[{"@type":"ReadAction","target":["https:\/\/www.avantage-plus.com\/en\/projects\/industrial-space\/bernard-et-fils-traiteur\/"]}]},{"@type":"BreadcrumbList","@id":"https:\/\/www.avantage-plus.com\/en\/projects\/industrial-space\/bernard-et-fils-traiteur\/#breadcrumb","itemListElement":[{"@type":"ListItem","position":1,"name":"Home","item":"https:\/\/www.avantage-plus.com\/en\/"},{"@type":"ListItem","position":2,"name":"Projects","item":"https:\/\/www.avantage-plus.com\/en\/projects\/"},{"@type":"ListItem","position":3,"name":"Industrial space","item":"https:\/\/www.avantage-plus.com\/en\/projects\/industrial-space\/"},{"@type":"ListItem","position":4,"name":"Bernard &#038; Fils Traiteur"}]},{"@type":"WebSite","@id":"https:\/\/www.avantage-plus.com\/en\/#website","url":"https:\/\/www.avantage-plus.com\/en\/","name":"A+","description":"Entreprise en construction","potentialAction":[{"@type":"SearchAction","target":{"@type":"EntryPoint","urlTemplate":"https:\/\/www.avantage-plus.com\/en\/?s={search_term_string}"},"query-input":{"@type":"PropertyValueSpecification","valueRequired":true,"valueName":"search_term_string"}}],"inLanguage":"en-US"}]}},"_links":{"self":[{"href":"https:\/\/www.avantage-plus.com\/en\/wp-json\/wp\/v2\/pages\/29939","targetHints":{"allow":["GET"]}}],"collection":[{"href":"https:\/\/www.avantage-plus.com\/en\/wp-json\/wp\/v2\/pages"}],"about":[{"href":"https:\/\/www.avantage-plus.com\/en\/wp-json\/wp\/v2\/types\/page"}],"author":[{"embeddable":true,"href":"https:\/\/www.avantage-plus.com\/en\/wp-json\/wp\/v2\/users\/14"}],"replies":[{"embeddable":true,"href":"https:\/\/www.avantage-plus.com\/en\/wp-json\/wp\/v2\/comments?post=29939"}],"version-history":[{"count":7,"href":"https:\/\/www.avantage-plus.com\/en\/wp-json\/wp\/v2\/pages\/29939\/revisions"}],"predecessor-version":[{"id":36313,"href":"https:\/\/www.avantage-plus.com\/en\/wp-json\/wp\/v2\/pages\/29939\/revisions\/36313"}],"up":[{"embeddable":true,"href":"https:\/\/www.avantage-plus.com\/en\/wp-json\/wp\/v2\/pages\/29360"}],"wp:attachment":[{"href":"https:\/\/www.avantage-plus.com\/en\/wp-json\/wp\/v2\/media?parent=29939"}],"curies":[{"name":"wp","href":"https:\/\/api.w.org\/{rel}","templated":true}]}}