{"id":29941,"date":"2021-11-15T21:52:39","date_gmt":"2021-11-16T01:52:39","guid":{"rendered":"https:\/\/www.avantage-plus.com\/achievements\/repositionnement-immobilier\/projet-hutchison\/"},"modified":"2023-04-05T11:04:42","modified_gmt":"2023-04-05T15:04:42","slug":"hutchison-project","status":"publish","type":"page","link":"https:\/\/www.avantage-plus.com\/en\/projects\/assetrepositioning\/hutchison-project\/","title":{"rendered":"Projet Hutchison"},"content":{"rendered":"<div class=\"wpb-content-wrapper\"><p>[vc_row unlock_row_content=&#8221;yes&#8221; row_height_percent=&#8221;0&#8243; back_image=&#8221;27406&#8243; overlay_alpha=&#8221;50&#8243; gutter_size=&#8221;3&#8243; shift_y=&#8221;0&#8243; row_name=&#8221;row-full-realisation-bg&#8221;][vc_column width=&#8221;1\/1&#8243;][\/vc_column][\/vc_row][vc_row row_height_percent=&#8221;0&#8243; overlay_alpha=&#8221;50&#8243; gutter_size=&#8221;3&#8243; shift_y=&#8221;0&#8243; el_class=&#8221;row-title&#8221; row_name=&#8221;row-title&#8221;][vc_column width=&#8221;1\/1&#8243;][vc_column_text]<\/p>\n<h1>Hutchison project<\/h1>\n<hr class=\"relalisation-separator\" \/>\n<p>[\/vc_column_text][\/vc_column][\/vc_row][vc_row row_height_percent=&#8221;0&#8243; overlay_alpha=&#8221;50&#8243; equal_height=&#8221;yes&#8221; gutter_size=&#8221;4&#8243; shift_y=&#8221;0&#8243; row_name=&#8221;row-realisation-content&#8221;][vc_column column_width_percent=&#8221;100&#8243; override_padding=&#8221;yes&#8221; column_padding=&#8221;3&#8243; overlay_alpha=&#8221;50&#8243; gutter_size=&#8221;3&#8243; medium_width=&#8221;0&#8243; shift_x=&#8221;0&#8243; shift_y=&#8221;0&#8243; z_index=&#8221;0&#8243; width=&#8221;3\/4&#8243; el_class=&#8221;realisation-col-content&#8221;][vc_column_text]<strong>Giving a major face lift to a commercial building in Mile End<\/strong><\/p>\n<p>This 5-storey, 90,000-square-foot former industrial building was renovated and refurbished to attract premium commercial tenants! Working with a $10 million budget, we used our expertise to not only renovate the exterior building shell, all interior and electromechanical systems and the common spaces, but also convert the abandoned warehouse next door into offices.[\/vc_column_text][vc_column_text css=&#8221;.vc_custom_1642191121230{padding-top: 20px !important;}&#8221;]<\/p>\n<blockquote><p><em>\u00ab The A+ team likes to challenge the status quo and makes every effort to create value for its client in everything they do. We could tell this was their approach from the very beginning of the project! They also renovated our building within the promised budgets and time periods, which made everyone happy\u2026\u00bb <\/em><strong>\u2013\u00a0<\/strong><strong>J\u00e9r\u00e9my KornBluth, commercial building owner.<\/strong><\/p><\/blockquote>\n<p>[\/vc_column_text][vc_column_text el_class=&#8221;credits&#8221;]<u>Credits<\/u><br \/>\nProject management design and construction : A+[\/vc_column_text][\/vc_column][vc_column column_width_percent=&#8221;100&#8243; position_vertical=&#8221;middle&#8221; expand_height=&#8221;yes&#8221; overlay_alpha=&#8221;50&#8243; gutter_size=&#8221;3&#8243; medium_width=&#8221;0&#8243; shift_x=&#8221;0&#8243; shift_y=&#8221;0&#8243; z_index=&#8221;0&#8243; width=&#8221;1\/4&#8243; el_class=&#8221;col-realisation-extra-info&#8221;][vc_column_text]<strong>Type :<br \/>\n<\/strong>Asset repositioning<\/p>\n<p><strong>Surface area :<br \/>\n<\/strong>90,000 ft<sup>2<\/sup>[\/vc_column_text][\/vc_column][\/vc_row][vc_row unlock_row_content=&#8221;yes&#8221; row_height_percent=&#8221;0&#8243; overlay_alpha=&#8221;50&#8243; gutter_size=&#8221;3&#8243; shift_y=&#8221;0&#8243;][vc_column width=&#8221;1\/1&#8243;][vc_column_text]<link rel=\"preload\" as=\"image\" href=\"https:\/\/eadn-wc05-5238924.nxedge.io\/wp-content\/uploads\/2020\/12\/Hutchison-3.jpg\">\n<link rel=\"preload\" as=\"image\" href=\"https:\/\/eadn-wc05-5238924.nxedge.io\/wp-content\/uploads\/2020\/12\/Hutchison-facade.jpg\">\n<link rel=\"preload\" as=\"image\" href=\"https:\/\/eadn-wc05-5238924.nxedge.io\/wp-content\/uploads\/2020\/12\/IMG_05451-1024x689.jpg\">\n<link rel=\"preload\" as=\"image\" href=\"https:\/\/eadn-wc05-5238924.nxedge.io\/wp-content\/uploads\/2020\/12\/IMG_05311-1024x647.jpg\">\n<link rel=\"preload\" as=\"image\" href=\"https:\/\/eadn-wc05-5238924.nxedge.io\/wp-content\/uploads\/2020\/12\/hutchison-web-3-1024x682.jpg\">\n<link rel=\"preload\" as=\"image\" href=\"https:\/\/eadn-wc05-5238924.nxedge.io\/wp-content\/uploads\/2020\/12\/hutchison-web-4-1024x682.jpg\">\n<link rel=\"preload\" as=\"image\" href=\"https:\/\/eadn-wc05-5238924.nxedge.io\/wp-content\/uploads\/2020\/12\/hutchison-web-12-1024x682.jpg\">\n<div class=\"image-gallery\" id=\"myImageGallery_69d90fd382b46\"><\/div>[\/vc_column_text][\/vc_column][\/vc_row]<\/p>\n<\/div>","protected":false},"excerpt":{"rendered":"<p>[vc_row unlock_row_content=&#8221;yes&#8221; row_height_percent=&#8221;0&#8243; back_image=&#8221;27406&#8243; overlay_alpha=&#8221;50&#8243; gutter_size=&#8221;3&#8243; shift_y=&#8221;0&#8243; row_name=&#8221;row-full-realisation-bg&#8221;][vc_column width=&#8221;1\/1&#8243;][\/vc_column][\/vc_row][vc_row row_height_percent=&#8221;0&#8243; overlay_alpha=&#8221;50&#8243; gutter_size=&#8221;3&#8243; shift_y=&#8221;0&#8243; el_class=&#8221;row-title&#8221; row_name=&#8221;row-title&#8221;][vc_column width=&#8221;1\/1&#8243;][vc_column_text] Hutchison project [\/vc_column_text][\/vc_column][\/vc_row][vc_row row_height_percent=&#8221;0&#8243;<a class=\"moretag\" href=\"https:\/\/www.avantage-plus.com\/en\/projects\/assetrepositioning\/hutchison-project\/\"> Read the full article patate&#8230;<\/a><\/p>\n","protected":false},"author":14,"featured_media":0,"parent":34993,"menu_order":0,"comment_status":"closed","ping_status":"closed","template":"","meta":{"_acf_changed":false,"footnotes":""},"class_list":["post-29941","page","type-page","status-publish","hentry"],"acf":[],"yoast_head":"<!-- This site is optimized with the Yoast SEO plugin v26.9 - https:\/\/yoast.com\/product\/yoast-seo-wordpress\/ -->\n<title>Projet Hutchison - Repositionnement immobilier commercial<\/title>\n<meta name=\"description\" content=\"Cure de rajeunissement majeure d\u2019un immeuble commercial dans le Mile-End - Cet ancien immeuble industriel de 90 000 pieds carr\u00e9s a \u00e9t\u00e9 revaloris\u00e9 et modernis\u00e9 afin d\u2019attirer des locataires commerciaux de choix!\" \/>\n<meta name=\"robots\" content=\"index, follow, max-snippet:-1, max-image-preview:large, max-video-preview:-1\" \/>\n<link rel=\"canonical\" href=\"https:\/\/www.avantage-plus.com\/en\/projects\/assetrepositioning\/hutchison-project\/\" \/>\n<meta property=\"og:locale\" content=\"en_US\" \/>\n<meta property=\"og:type\" content=\"article\" \/>\n<meta property=\"og:title\" content=\"Projet Hutchison - Repositionnement immobilier commercial\" \/>\n<meta property=\"og:description\" content=\"Cure de rajeunissement majeure d\u2019un immeuble commercial dans le Mile-End - Cet ancien immeuble industriel de 90 000 pieds carr\u00e9s a \u00e9t\u00e9 revaloris\u00e9 et modernis\u00e9 afin d\u2019attirer des locataires commerciaux de choix!\" \/>\n<meta property=\"og:url\" content=\"https:\/\/www.avantage-plus.com\/en\/projects\/assetrepositioning\/hutchison-project\/\" \/>\n<meta property=\"og:site_name\" content=\"A+\" \/>\n<meta property=\"article:publisher\" content=\"https:\/\/www.facebook.com\/avantageplus\/\" \/>\n<meta property=\"article:modified_time\" content=\"2023-04-05T15:04:42+00:00\" \/>\n<meta name=\"twitter:card\" content=\"summary_large_image\" \/>\n<meta name=\"twitter:label1\" content=\"Est. reading time\" \/>\n\t<meta name=\"twitter:data1\" content=\"1 minute\" \/>\n<script type=\"application\/ld+json\" class=\"yoast-schema-graph\">{\"@context\":\"https:\/\/schema.org\",\"@graph\":[{\"@type\":\"WebPage\",\"@id\":\"https:\/\/www.avantage-plus.com\/en\/projects\/assetrepositioning\/hutchison-project\/\",\"url\":\"https:\/\/www.avantage-plus.com\/en\/projects\/assetrepositioning\/hutchison-project\/\",\"name\":\"Projet Hutchison - Repositionnement immobilier commercial\",\"isPartOf\":{\"@id\":\"https:\/\/www.avantage-plus.com\/en\/#website\"},\"datePublished\":\"2021-11-16T01:52:39+00:00\",\"dateModified\":\"2023-04-05T15:04:42+00:00\",\"description\":\"Cure de rajeunissement majeure d\u2019un immeuble commercial dans le Mile-End - Cet ancien immeuble industriel de 90 000 pieds carr\u00e9s a \u00e9t\u00e9 revaloris\u00e9 et modernis\u00e9 afin d\u2019attirer des locataires commerciaux de choix!\",\"breadcrumb\":{\"@id\":\"https:\/\/www.avantage-plus.com\/en\/projects\/assetrepositioning\/hutchison-project\/#breadcrumb\"},\"inLanguage\":\"en-US\",\"potentialAction\":[{\"@type\":\"ReadAction\",\"target\":[\"https:\/\/www.avantage-plus.com\/en\/projects\/assetrepositioning\/hutchison-project\/\"]}]},{\"@type\":\"BreadcrumbList\",\"@id\":\"https:\/\/www.avantage-plus.com\/en\/projects\/assetrepositioning\/hutchison-project\/#breadcrumb\",\"itemListElement\":[{\"@type\":\"ListItem\",\"position\":1,\"name\":\"Home\",\"item\":\"https:\/\/www.avantage-plus.com\/en\/\"},{\"@type\":\"ListItem\",\"position\":2,\"name\":\"Projects\",\"item\":\"https:\/\/www.avantage-plus.com\/en\/projects\/\"},{\"@type\":\"ListItem\",\"position\":3,\"name\":\"Asset Repositioning\",\"item\":\"https:\/\/www.avantage-plus.com\/en\/projects\/assetrepositioning\/\"},{\"@type\":\"ListItem\",\"position\":4,\"name\":\"Projet Hutchison\"}]},{\"@type\":\"WebSite\",\"@id\":\"https:\/\/www.avantage-plus.com\/en\/#website\",\"url\":\"https:\/\/www.avantage-plus.com\/en\/\",\"name\":\"A+\",\"description\":\"Entreprise en construction\",\"potentialAction\":[{\"@type\":\"SearchAction\",\"target\":{\"@type\":\"EntryPoint\",\"urlTemplate\":\"https:\/\/www.avantage-plus.com\/en\/?s={search_term_string}\"},\"query-input\":{\"@type\":\"PropertyValueSpecification\",\"valueRequired\":true,\"valueName\":\"search_term_string\"}}],\"inLanguage\":\"en-US\"}]}<\/script>\n<!-- \/ Yoast SEO plugin. -->","yoast_head_json":{"title":"Projet Hutchison - Repositionnement immobilier commercial","description":"Cure de rajeunissement majeure d\u2019un immeuble commercial dans le Mile-End - Cet ancien immeuble industriel de 90 000 pieds carr\u00e9s a \u00e9t\u00e9 revaloris\u00e9 et modernis\u00e9 afin d\u2019attirer des locataires commerciaux de choix!","robots":{"index":"index","follow":"follow","max-snippet":"max-snippet:-1","max-image-preview":"max-image-preview:large","max-video-preview":"max-video-preview:-1"},"canonical":"https:\/\/www.avantage-plus.com\/en\/projects\/assetrepositioning\/hutchison-project\/","og_locale":"en_US","og_type":"article","og_title":"Projet Hutchison - Repositionnement immobilier commercial","og_description":"Cure de rajeunissement majeure d\u2019un immeuble commercial dans le Mile-End - Cet ancien immeuble industriel de 90 000 pieds carr\u00e9s a \u00e9t\u00e9 revaloris\u00e9 et modernis\u00e9 afin d\u2019attirer des locataires commerciaux de choix!","og_url":"https:\/\/www.avantage-plus.com\/en\/projects\/assetrepositioning\/hutchison-project\/","og_site_name":"A+","article_publisher":"https:\/\/www.facebook.com\/avantageplus\/","article_modified_time":"2023-04-05T15:04:42+00:00","twitter_card":"summary_large_image","twitter_misc":{"Est. reading time":"1 minute"},"schema":{"@context":"https:\/\/schema.org","@graph":[{"@type":"WebPage","@id":"https:\/\/www.avantage-plus.com\/en\/projects\/assetrepositioning\/hutchison-project\/","url":"https:\/\/www.avantage-plus.com\/en\/projects\/assetrepositioning\/hutchison-project\/","name":"Projet Hutchison - Repositionnement immobilier commercial","isPartOf":{"@id":"https:\/\/www.avantage-plus.com\/en\/#website"},"datePublished":"2021-11-16T01:52:39+00:00","dateModified":"2023-04-05T15:04:42+00:00","description":"Cure de rajeunissement majeure d\u2019un immeuble commercial dans le Mile-End - Cet ancien immeuble industriel de 90 000 pieds carr\u00e9s a \u00e9t\u00e9 revaloris\u00e9 et modernis\u00e9 afin d\u2019attirer des locataires commerciaux de choix!","breadcrumb":{"@id":"https:\/\/www.avantage-plus.com\/en\/projects\/assetrepositioning\/hutchison-project\/#breadcrumb"},"inLanguage":"en-US","potentialAction":[{"@type":"ReadAction","target":["https:\/\/www.avantage-plus.com\/en\/projects\/assetrepositioning\/hutchison-project\/"]}]},{"@type":"BreadcrumbList","@id":"https:\/\/www.avantage-plus.com\/en\/projects\/assetrepositioning\/hutchison-project\/#breadcrumb","itemListElement":[{"@type":"ListItem","position":1,"name":"Home","item":"https:\/\/www.avantage-plus.com\/en\/"},{"@type":"ListItem","position":2,"name":"Projects","item":"https:\/\/www.avantage-plus.com\/en\/projects\/"},{"@type":"ListItem","position":3,"name":"Asset Repositioning","item":"https:\/\/www.avantage-plus.com\/en\/projects\/assetrepositioning\/"},{"@type":"ListItem","position":4,"name":"Projet Hutchison"}]},{"@type":"WebSite","@id":"https:\/\/www.avantage-plus.com\/en\/#website","url":"https:\/\/www.avantage-plus.com\/en\/","name":"A+","description":"Entreprise en construction","potentialAction":[{"@type":"SearchAction","target":{"@type":"EntryPoint","urlTemplate":"https:\/\/www.avantage-plus.com\/en\/?s={search_term_string}"},"query-input":{"@type":"PropertyValueSpecification","valueRequired":true,"valueName":"search_term_string"}}],"inLanguage":"en-US"}]}},"_links":{"self":[{"href":"https:\/\/www.avantage-plus.com\/en\/wp-json\/wp\/v2\/pages\/29941","targetHints":{"allow":["GET"]}}],"collection":[{"href":"https:\/\/www.avantage-plus.com\/en\/wp-json\/wp\/v2\/pages"}],"about":[{"href":"https:\/\/www.avantage-plus.com\/en\/wp-json\/wp\/v2\/types\/page"}],"author":[{"embeddable":true,"href":"https:\/\/www.avantage-plus.com\/en\/wp-json\/wp\/v2\/users\/14"}],"replies":[{"embeddable":true,"href":"https:\/\/www.avantage-plus.com\/en\/wp-json\/wp\/v2\/comments?post=29941"}],"version-history":[{"count":9,"href":"https:\/\/www.avantage-plus.com\/en\/wp-json\/wp\/v2\/pages\/29941\/revisions"}],"predecessor-version":[{"id":37896,"href":"https:\/\/www.avantage-plus.com\/en\/wp-json\/wp\/v2\/pages\/29941\/revisions\/37896"}],"up":[{"embeddable":true,"href":"https:\/\/www.avantage-plus.com\/en\/wp-json\/wp\/v2\/pages\/34993"}],"wp:attachment":[{"href":"https:\/\/www.avantage-plus.com\/en\/wp-json\/wp\/v2\/media?parent=29941"}],"curies":[{"name":"wp","href":"https:\/\/api.w.org\/{rel}","templated":true}]}}