{"id":56266,"date":"2024-11-15T21:52:39","date_gmt":"2024-11-16T01:52:39","guid":{"rendered":"https:\/\/www.avantage-plus.com\/?page_id=56266"},"modified":"2025-11-24T13:53:41","modified_gmt":"2025-11-24T17:53:41","slug":"aplus-office","status":"publish","type":"page","link":"https:\/\/www.avantage-plus.com\/en\/projects\/office\/aplus-office\/","title":{"rendered":"A+ office"},"content":{"rendered":"<div class=\"wpb-content-wrapper\"><p>[vc_row unlock_row_content=&#8221;yes&#8221; row_height_percent=&#8221;0&#8243; back_image=&#8221;55717&#8243; overlay_alpha=&#8221;50&#8243; gutter_size=&#8221;3&#8243; shift_y=&#8221;0&#8243; row_name=&#8221;row-full-realisation-bg&#8221;][vc_column width=&#8221;1\/1&#8243;][\/vc_column][\/vc_row][vc_row row_height_percent=&#8221;0&#8243; overlay_alpha=&#8221;50&#8243; gutter_size=&#8221;3&#8243; shift_y=&#8221;0&#8243; el_class=&#8221;row-title&#8221; row_name=&#8221;row-title&#8221;][vc_column width=&#8221;1\/1&#8243;][vc_column_text]<\/p>\n<h1>A+ office<\/h1>\n<hr class=\"relalisation-separator\" \/>\n<p>[\/vc_column_text][\/vc_column][\/vc_row][vc_row row_height_percent=&#8221;0&#8243; overlay_alpha=&#8221;50&#8243; equal_height=&#8221;yes&#8221; gutter_size=&#8221;4&#8243; shift_y=&#8221;0&#8243; row_name=&#8221;row-realisation-content&#8221;][vc_column column_width_percent=&#8221;100&#8243; override_padding=&#8221;yes&#8221; column_padding=&#8221;3&#8243; overlay_alpha=&#8221;50&#8243; gutter_size=&#8221;3&#8243; medium_width=&#8221;0&#8243; shift_x=&#8221;0&#8243; shift_y=&#8221;0&#8243; z_index=&#8221;0&#8243; width=&#8221;3\/4&#8243; el_class=&#8221;realisation-col-content&#8221;][vc_column_text]<\/p>\n<h1 data-start=\"0\" data-end=\"53\"><strong data-start=\"0\" data-end=\"53\">Our Office: A Reflection of Our Vision and Values<\/strong><\/h1>\n<p data-start=\"55\" data-end=\"708\">Always driven by the mission to offer a simplified, positive and human experience guided by design, A+ has come a long way since its beginnings in 2005. From a student painting company to a general contractor, from the residential to the commercial sector, and from a project management firm to an integrated design firm, its evolution has been remarkable! It was therefore only natural to continue on this path by investing in a place that better reflects our identity, our capabilities and our range of services. Located in the heart of Rosemont, our new office is much more than a simple workspace; it is a true incubator for our ideas and ambitions.<\/p>\n<p data-start=\"710\" data-end=\"1346\">We acquired the building next to our former office in order to expand and refresh our work environment. With an area of 8,000 sq. ft., our offices occupy part of the building, while seven rental units are located on the top floor. Our space is refined, where white surfaces and wood finishes coexist harmoniously. Rounded corners, the central island and the curved metal staircase make the space unique. We have two meeting rooms, a large collaborative area, three informal zones, several private offices and a large kitchen. In addition, we have a rooftop terrace and a gym, offering our employees extra spaces to relax and get moving.<\/p>\n<p data-start=\"1348\" data-end=\"1704\">What sets our offices apart is their welcoming feel; several artworks on the walls evoke a sense of home and create a warm atmosphere. The concrete structure and the garage doors have been preserved to maintain the building\u2019s authenticity. Every detail has been carefully selected to create an environment that inspires creativity and fosters productivity.<\/p>\n<p data-start=\"1706\" data-end=\"1866\" data-is-last-node=\"\" data-is-only-node=\"\">We are proud to have an office that lives up to the projects we deliver, a space where we can welcome our clients and suppliers in the best possible conditions.<\/p>\n<p>[\/vc_column_text][vc_column_text css=&#8221;.vc_custom_1764006433529{padding-top: 20px !important;}&#8221;]<\/p>\n<blockquote><p>\u201cOur new space marks a key milestone in our journey. Now that we\u2019ve moved in, we can feel a true renewal within the team. As an integrated design firm, we are convinced that this decision was crucial to maintaining our momentum and our competitiveness in the market. This new environment boosts our creativity and strengthens our cohesion; it is a major investment not only in our team, but also in the future of our projects and in our clients\u2019 satisfaction.\u201d \u2013 Louis Lachapelle, President and Founder of A+<\/p><\/blockquote>\n<p>[\/vc_column_text][vc_column_text css=&#8221;.vc_custom_1764006485967{padding-top: 20px !important;}&#8221;]<\/p>\n<blockquote><p>\u201cNow that we are working in this new space, it is our way of showing our team how much their well-being matters to us. We wanted a place where they feel good, where they can thrive and let their full talent shine.\u201d \u2013 Louis-Philippe Ch\u00e9nier, Vice President and Partner.<\/p><\/blockquote>\n<p>[\/vc_column_text][vc_column_text el_class=&#8221;credits&#8221;]Credits<br data-start=\"7\" data-end=\"10\" \/>Project management, design and construction: A+ | Architects &amp; Designers: A+ &amp; ISSADESIGN | Electromechanical and structural engineering: Pageau Morel et associ\u00e9s, Navada, Plomberie Richard Jubinville, NCK, Climatisation Bativac | Structure and interior staircase: Fer Forg\u00e9 Montr\u00e9al | Cabinetmaking: \u00c9b\u00e9nisterie St-Patrick | Furniture: Burovision | Lighting: Homier Luminaire | Photographer: Maxime Brouillet[\/vc_column_text][\/vc_column][vc_column column_width_percent=&#8221;100&#8243; position_vertical=&#8221;middle&#8221; expand_height=&#8221;yes&#8221; overlay_alpha=&#8221;50&#8243; gutter_size=&#8221;3&#8243; medium_width=&#8221;0&#8243; shift_x=&#8221;0&#8243; shift_y=&#8221;0&#8243; z_index=&#8221;0&#8243; width=&#8221;1\/4&#8243; el_class=&#8221;col-realisation-extra-info&#8221;][vc_column_text]<strong>Type :<br \/>\n<\/strong>Office<\/p>\n<p><strong>Surface Area :<br \/>\n<\/strong>8,000 ft2[\/vc_column_text][\/vc_column][\/vc_row][vc_row unlock_row_content=&#8221;yes&#8221; row_height_percent=&#8221;0&#8243; overlay_alpha=&#8221;50&#8243; gutter_size=&#8221;3&#8243; shift_y=&#8221;0&#8243;][vc_column width=&#8221;1\/1&#8243;][vc_column_text]<link rel=\"preload\" as=\"image\" href=\"https:\/\/eadn-wc05-5238924.nxedge.io\/wp-content\/uploads\/2024\/08\/A_Bureaux-244-1024x768.jpg\">\n<link rel=\"preload\" as=\"image\" href=\"https:\/\/eadn-wc05-5238924.nxedge.io\/wp-content\/uploads\/2024\/08\/A_Bureaux-156-1-768x1024.jpg\">\n<link rel=\"preload\" as=\"image\" href=\"https:\/\/eadn-wc05-5238924.nxedge.io\/wp-content\/uploads\/2024\/08\/A_Bureaux-621-768x1024.jpg\">\n<link rel=\"preload\" as=\"image\" href=\"https:\/\/eadn-wc05-5238924.nxedge.io\/wp-content\/uploads\/2024\/08\/A_Bureaux-597-768x1024.jpg\">\n<link rel=\"preload\" as=\"image\" href=\"https:\/\/eadn-wc05-5238924.nxedge.io\/wp-content\/uploads\/2025\/01\/A_Bureaux-309-768x1024.jpg\">\n<link rel=\"preload\" as=\"image\" href=\"https:\/\/eadn-wc05-5238924.nxedge.io\/wp-content\/uploads\/2024\/08\/A_Bureaux-140-1-768x1024.jpg\">\n<link rel=\"preload\" as=\"image\" href=\"https:\/\/eadn-wc05-5238924.nxedge.io\/wp-content\/uploads\/2024\/08\/A_Bureaux-315-1-768x1024.jpg\">\n<link rel=\"preload\" as=\"image\" href=\"https:\/\/eadn-wc05-5238924.nxedge.io\/wp-content\/uploads\/2024\/08\/A_Bureaux-228-1-1024x768.jpg\">\n<link rel=\"preload\" as=\"image\" href=\"https:\/\/eadn-wc05-5238924.nxedge.io\/wp-content\/uploads\/2024\/08\/A_Bureaux-672-3-1024x768.jpg\">\n<div class=\"image-gallery\" id=\"myImageGallery_69d8f950af4d3\"><\/div>[\/vc_column_text][\/vc_column][\/vc_row][vc_row][vc_column][\/vc_column][\/vc_row]<\/p>\n<\/div>","protected":false},"excerpt":{"rendered":"<p>[vc_row unlock_row_content=&#8221;yes&#8221; row_height_percent=&#8221;0&#8243; back_image=&#8221;55717&#8243; overlay_alpha=&#8221;50&#8243; gutter_size=&#8221;3&#8243; shift_y=&#8221;0&#8243; row_name=&#8221;row-full-realisation-bg&#8221;][vc_column width=&#8221;1\/1&#8243;][\/vc_column][\/vc_row][vc_row row_height_percent=&#8221;0&#8243; overlay_alpha=&#8221;50&#8243; gutter_size=&#8221;3&#8243; shift_y=&#8221;0&#8243; el_class=&#8221;row-title&#8221; row_name=&#8221;row-title&#8221;][vc_column width=&#8221;1\/1&#8243;][vc_column_text] A+ office [\/vc_column_text][\/vc_column][\/vc_row][vc_row row_height_percent=&#8221;0&#8243;<a class=\"moretag\" href=\"https:\/\/www.avantage-plus.com\/en\/projects\/office\/aplus-office\/\"> Read the full article patate&#8230;<\/a><\/p>\n","protected":false},"author":14,"featured_media":56227,"parent":29356,"menu_order":0,"comment_status":"closed","ping_status":"closed","template":"","meta":{"_acf_changed":false,"footnotes":""},"class_list":["post-56266","page","type-page","status-publish","has-post-thumbnail","hentry"],"acf":[],"yoast_head":"<!-- This site is optimized with the Yoast SEO plugin v26.9 - https:\/\/yoast.com\/product\/yoast-seo-wordpress\/ -->\n<title>A+ office - Our Office: A Reflection of Our Vision and Values<\/title>\n<meta name=\"description\" content=\"We are proud to have an office that lives up to the projects we deliver, a space where we can welcome our clients and suppliers in the best possible conditions.\" \/>\n<meta name=\"robots\" content=\"index, follow, max-snippet:-1, max-image-preview:large, max-video-preview:-1\" \/>\n<link rel=\"canonical\" href=\"https:\/\/www.avantage-plus.com\/en\/projects\/office\/aplus-office\/\" \/>\n<meta property=\"og:locale\" content=\"en_US\" \/>\n<meta property=\"og:type\" content=\"article\" \/>\n<meta property=\"og:title\" content=\"A+ office - Our Office: A Reflection of Our Vision and Values\" \/>\n<meta property=\"og:description\" content=\"We are proud to have an office that lives up to the projects we deliver, a space where we can welcome our clients and suppliers in the best possible conditions.\" \/>\n<meta property=\"og:url\" content=\"https:\/\/www.avantage-plus.com\/en\/projects\/office\/aplus-office\/\" \/>\n<meta property=\"og:site_name\" content=\"A+\" \/>\n<meta property=\"article:publisher\" content=\"https:\/\/www.facebook.com\/avantageplus\/\" \/>\n<meta property=\"article:modified_time\" content=\"2025-11-24T17:53:41+00:00\" \/>\n<meta property=\"og:image\" content=\"https:\/\/eadn-wc05-5238924.nxedge.io\/wp-content\/uploads\/2024\/08\/A_Bureaux-244-1-1024x768.jpg\" \/>\n\t<meta property=\"og:image:width\" content=\"1024\" \/>\n\t<meta property=\"og:image:height\" content=\"768\" \/>\n\t<meta property=\"og:image:type\" content=\"image\/jpeg\" \/>\n<meta name=\"twitter:card\" content=\"summary_large_image\" \/>\n<meta name=\"twitter:label1\" content=\"Est. reading time\" \/>\n\t<meta name=\"twitter:data1\" content=\"3 minutes\" \/>\n<script type=\"application\/ld+json\" class=\"yoast-schema-graph\">{\"@context\":\"https:\/\/schema.org\",\"@graph\":[{\"@type\":\"WebPage\",\"@id\":\"https:\/\/www.avantage-plus.com\/en\/projects\/office\/aplus-office\/\",\"url\":\"https:\/\/www.avantage-plus.com\/en\/projects\/office\/aplus-office\/\",\"name\":\"A+ office - Our Office: A Reflection of Our Vision and Values\",\"isPartOf\":{\"@id\":\"https:\/\/www.avantage-plus.com\/en\/#website\"},\"primaryImageOfPage\":{\"@id\":\"https:\/\/www.avantage-plus.com\/en\/projects\/office\/aplus-office\/#primaryimage\"},\"image\":{\"@id\":\"https:\/\/www.avantage-plus.com\/en\/projects\/office\/aplus-office\/#primaryimage\"},\"thumbnailUrl\":\"https:\/\/eadn-wc05-5238924.nxedge.io\/wp-content\/uploads\/2024\/08\/A_Bureaux-244-1.jpg\",\"datePublished\":\"2024-11-16T01:52:39+00:00\",\"dateModified\":\"2025-11-24T17:53:41+00:00\",\"description\":\"We are proud to have an office that lives up to the projects we deliver, a space where we can welcome our clients and suppliers in the best possible conditions.\",\"breadcrumb\":{\"@id\":\"https:\/\/www.avantage-plus.com\/en\/projects\/office\/aplus-office\/#breadcrumb\"},\"inLanguage\":\"en-US\",\"potentialAction\":[{\"@type\":\"ReadAction\",\"target\":[\"https:\/\/www.avantage-plus.com\/en\/projects\/office\/aplus-office\/\"]}]},{\"@type\":\"ImageObject\",\"inLanguage\":\"en-US\",\"@id\":\"https:\/\/www.avantage-plus.com\/en\/projects\/office\/aplus-office\/#primaryimage\",\"url\":\"https:\/\/eadn-wc05-5238924.nxedge.io\/wp-content\/uploads\/2024\/08\/A_Bureaux-244-1.jpg\",\"contentUrl\":\"https:\/\/eadn-wc05-5238924.nxedge.io\/wp-content\/uploads\/2024\/08\/A_Bureaux-244-1.jpg\",\"width\":2400,\"height\":1800},{\"@type\":\"BreadcrumbList\",\"@id\":\"https:\/\/www.avantage-plus.com\/en\/projects\/office\/aplus-office\/#breadcrumb\",\"itemListElement\":[{\"@type\":\"ListItem\",\"position\":1,\"name\":\"Home\",\"item\":\"https:\/\/www.avantage-plus.com\/en\/\"},{\"@type\":\"ListItem\",\"position\":2,\"name\":\"Projects\",\"item\":\"https:\/\/www.avantage-plus.com\/en\/projects\/\"},{\"@type\":\"ListItem\",\"position\":3,\"name\":\"Office\",\"item\":\"https:\/\/www.avantage-plus.com\/en\/projects\/office\/\"},{\"@type\":\"ListItem\",\"position\":4,\"name\":\"A+ office\"}]},{\"@type\":\"WebSite\",\"@id\":\"https:\/\/www.avantage-plus.com\/en\/#website\",\"url\":\"https:\/\/www.avantage-plus.com\/en\/\",\"name\":\"A+\",\"description\":\"Entreprise en construction\",\"potentialAction\":[{\"@type\":\"SearchAction\",\"target\":{\"@type\":\"EntryPoint\",\"urlTemplate\":\"https:\/\/www.avantage-plus.com\/en\/?s={search_term_string}\"},\"query-input\":{\"@type\":\"PropertyValueSpecification\",\"valueRequired\":true,\"valueName\":\"search_term_string\"}}],\"inLanguage\":\"en-US\"}]}<\/script>\n<!-- \/ Yoast SEO plugin. -->","yoast_head_json":{"title":"A+ office - Our Office: A Reflection of Our Vision and Values","description":"We are proud to have an office that lives up to the projects we deliver, a space where we can welcome our clients and suppliers in the best possible conditions.","robots":{"index":"index","follow":"follow","max-snippet":"max-snippet:-1","max-image-preview":"max-image-preview:large","max-video-preview":"max-video-preview:-1"},"canonical":"https:\/\/www.avantage-plus.com\/en\/projects\/office\/aplus-office\/","og_locale":"en_US","og_type":"article","og_title":"A+ office - Our Office: A Reflection of Our Vision and Values","og_description":"We are proud to have an office that lives up to the projects we deliver, a space where we can welcome our clients and suppliers in the best possible conditions.","og_url":"https:\/\/www.avantage-plus.com\/en\/projects\/office\/aplus-office\/","og_site_name":"A+","article_publisher":"https:\/\/www.facebook.com\/avantageplus\/","article_modified_time":"2025-11-24T17:53:41+00:00","og_image":[{"width":1024,"height":768,"url":"https:\/\/eadn-wc05-5238924.nxedge.io\/wp-content\/uploads\/2024\/08\/A_Bureaux-244-1-1024x768.jpg","type":"image\/jpeg"}],"twitter_card":"summary_large_image","twitter_misc":{"Est. reading time":"3 minutes"},"schema":{"@context":"https:\/\/schema.org","@graph":[{"@type":"WebPage","@id":"https:\/\/www.avantage-plus.com\/en\/projects\/office\/aplus-office\/","url":"https:\/\/www.avantage-plus.com\/en\/projects\/office\/aplus-office\/","name":"A+ office - Our Office: A Reflection of Our Vision and Values","isPartOf":{"@id":"https:\/\/www.avantage-plus.com\/en\/#website"},"primaryImageOfPage":{"@id":"https:\/\/www.avantage-plus.com\/en\/projects\/office\/aplus-office\/#primaryimage"},"image":{"@id":"https:\/\/www.avantage-plus.com\/en\/projects\/office\/aplus-office\/#primaryimage"},"thumbnailUrl":"https:\/\/eadn-wc05-5238924.nxedge.io\/wp-content\/uploads\/2024\/08\/A_Bureaux-244-1.jpg","datePublished":"2024-11-16T01:52:39+00:00","dateModified":"2025-11-24T17:53:41+00:00","description":"We are proud to have an office that lives up to the projects we deliver, a space where we can welcome our clients and suppliers in the best possible conditions.","breadcrumb":{"@id":"https:\/\/www.avantage-plus.com\/en\/projects\/office\/aplus-office\/#breadcrumb"},"inLanguage":"en-US","potentialAction":[{"@type":"ReadAction","target":["https:\/\/www.avantage-plus.com\/en\/projects\/office\/aplus-office\/"]}]},{"@type":"ImageObject","inLanguage":"en-US","@id":"https:\/\/www.avantage-plus.com\/en\/projects\/office\/aplus-office\/#primaryimage","url":"https:\/\/eadn-wc05-5238924.nxedge.io\/wp-content\/uploads\/2024\/08\/A_Bureaux-244-1.jpg","contentUrl":"https:\/\/eadn-wc05-5238924.nxedge.io\/wp-content\/uploads\/2024\/08\/A_Bureaux-244-1.jpg","width":2400,"height":1800},{"@type":"BreadcrumbList","@id":"https:\/\/www.avantage-plus.com\/en\/projects\/office\/aplus-office\/#breadcrumb","itemListElement":[{"@type":"ListItem","position":1,"name":"Home","item":"https:\/\/www.avantage-plus.com\/en\/"},{"@type":"ListItem","position":2,"name":"Projects","item":"https:\/\/www.avantage-plus.com\/en\/projects\/"},{"@type":"ListItem","position":3,"name":"Office","item":"https:\/\/www.avantage-plus.com\/en\/projects\/office\/"},{"@type":"ListItem","position":4,"name":"A+ office"}]},{"@type":"WebSite","@id":"https:\/\/www.avantage-plus.com\/en\/#website","url":"https:\/\/www.avantage-plus.com\/en\/","name":"A+","description":"Entreprise en construction","potentialAction":[{"@type":"SearchAction","target":{"@type":"EntryPoint","urlTemplate":"https:\/\/www.avantage-plus.com\/en\/?s={search_term_string}"},"query-input":{"@type":"PropertyValueSpecification","valueRequired":true,"valueName":"search_term_string"}}],"inLanguage":"en-US"}]}},"_links":{"self":[{"href":"https:\/\/www.avantage-plus.com\/en\/wp-json\/wp\/v2\/pages\/56266","targetHints":{"allow":["GET"]}}],"collection":[{"href":"https:\/\/www.avantage-plus.com\/en\/wp-json\/wp\/v2\/pages"}],"about":[{"href":"https:\/\/www.avantage-plus.com\/en\/wp-json\/wp\/v2\/types\/page"}],"author":[{"embeddable":true,"href":"https:\/\/www.avantage-plus.com\/en\/wp-json\/wp\/v2\/users\/14"}],"replies":[{"embeddable":true,"href":"https:\/\/www.avantage-plus.com\/en\/wp-json\/wp\/v2\/comments?post=56266"}],"version-history":[{"count":3,"href":"https:\/\/www.avantage-plus.com\/en\/wp-json\/wp\/v2\/pages\/56266\/revisions"}],"predecessor-version":[{"id":72296,"href":"https:\/\/www.avantage-plus.com\/en\/wp-json\/wp\/v2\/pages\/56266\/revisions\/72296"}],"up":[{"embeddable":true,"href":"https:\/\/www.avantage-plus.com\/en\/wp-json\/wp\/v2\/pages\/29356"}],"wp:featuredmedia":[{"embeddable":true,"href":"https:\/\/www.avantage-plus.com\/en\/wp-json\/wp\/v2\/media\/56227"}],"wp:attachment":[{"href":"https:\/\/www.avantage-plus.com\/en\/wp-json\/wp\/v2\/media?parent=56266"}],"curies":[{"name":"wp","href":"https:\/\/api.w.org\/{rel}","templated":true}]}}