{"id":56336,"date":"2021-11-15T21:52:39","date_gmt":"2021-11-16T01:52:39","guid":{"rendered":"https:\/\/www.avantage-plus.com\/?page_id=56336"},"modified":"2026-01-23T12:34:58","modified_gmt":"2026-01-23T16:34:58","slug":"mistplay-ang","status":"publish","type":"page","link":"https:\/\/www.avantage-plus.com\/en\/projects\/office\/mistplay-ang\/","title":{"rendered":"Mistplay"},"content":{"rendered":"<div class=\"wpb-content-wrapper\"><p>[vc_row unlock_row_content=&#8221;yes&#8221; row_height_percent=&#8221;0&#8243; back_image=&#8221;56664&#8243; overlay_alpha=&#8221;50&#8243; gutter_size=&#8221;3&#8243; shift_y=&#8221;0&#8243; row_name=&#8221;row-full-realisation-bg&#8221;][vc_column width=&#8221;1\/1&#8243;][\/vc_column][\/vc_row][vc_row row_height_percent=&#8221;0&#8243; overlay_alpha=&#8221;50&#8243; gutter_size=&#8221;3&#8243; shift_y=&#8221;0&#8243; el_class=&#8221;row-title&#8221; row_name=&#8221;row-title&#8221;][vc_column width=&#8221;1\/1&#8243;][vc_column_text]<\/p>\n<h1>Mistplay<\/h1>\n<hr class=\"relalisation-separator\" \/>\n<p>[\/vc_column_text][\/vc_column][\/vc_row][vc_row row_height_percent=&#8221;0&#8243; overlay_alpha=&#8221;50&#8243; equal_height=&#8221;yes&#8221; gutter_size=&#8221;4&#8243; shift_y=&#8221;0&#8243; row_name=&#8221;row-realisation-content&#8221;][vc_column column_width_percent=&#8221;100&#8243; override_padding=&#8221;yes&#8221; column_padding=&#8221;3&#8243; overlay_alpha=&#8221;50&#8243; gutter_size=&#8221;3&#8243; medium_width=&#8221;0&#8243; shift_x=&#8221;0&#8243; shift_y=&#8221;0&#8243; z_index=&#8221;0&#8243; width=&#8221;3\/4&#8243; el_class=&#8221;realisation-col-content&#8221;][vc_column_text]<\/p>\n<p data-start=\"36\" data-end=\"96\"><strong data-start=\"36\" data-end=\"96\">Delivering a project inspired by the essence of Montreal<\/strong><\/p>\n<p data-start=\"98\" data-end=\"317\">We\u2019re proud to have delivered a bold, playful project for a rapidly growing tech company in the downtown core. To support their expansion and ambition, we designed an environment where collaboration and creativity meet.<\/p>\n<p data-start=\"319\" data-end=\"575\">The design encourages dynamic interaction with a mix of conference rooms, open work areas, focus zones, and informal collaboration spaces. A dedicated video-game lounge helps the team unwind, while a versatile cafeteria is ready to host large-scale events.<\/p>\n<p data-start=\"577\" data-end=\"724\">Montreal\u2019s essence is everywhere: red-brick walls, metal structures nodding to the \u201cFarine Five Roses\u201d sign, and murals by local artist whatisadam.<\/p>\n<p data-start=\"726\" data-end=\"936\" data-is-last-node=\"\" data-is-only-node=\"\">Thanks to our <strong data-start=\"740\" data-end=\"794\">Integrated Collaborative Project Management (GPCI)<\/strong> approach, we guided the client in creating an inspiring environment for their employees\u2014optimizing budgets and keeping the schedule on track.<\/p>\n<p>[\/vc_column_text][vc_column_text css=&#8221;.vc_custom_1762884380480{padding-top: 20px !important;}&#8221;]<\/p>\n<blockquote><p><i>\u201cThis project was an opportunity to capture the essence of Montreal through architecture and design, integrating the city\u2019s rich and diverse cultural influences. Every detail, from raw materials to green spaces, was carefully considered to reflect Montreal\u2019s urban, creative, and warm energy. I\u2019m particularly proud of the result, with a special soft spot for the red metal structures which, beyond adding character, evoke the boldness and dynamism at the heart of Montreal\u2019s spirit.\u201d- <\/i><span style=\"font-weight: 500;\"> F\u00e9lix-Antoine Rajotte, Designer at A+<\/span><\/p><\/blockquote>\n<p>[\/vc_column_text][vc_column_text el_class=&#8221;credits&#8221;]Credits<br data-start=\"7\" data-end=\"10\" \/>Project management, design &amp; construction: A+ | Designer: A+ | Architecture: BLTA | Electromechanical &amp; structural engineering: Navada, Navada \u00c9lectricit\u00e9 | Decorative metal structure: Madyson M\u00e9tal | Millwork: Blitz | Furniture: Cime Environnements d\u2019Affaires, Trium Mobilier de Bureau, Major Design, \u00c9l\u00e9ment de Base | Lighting: Homier Luminaire, LUXTEC | Wood flooring: MIRAGE | Murals &amp; mural artist: Art Murale + WhatisAdam | Photographer: Maxime Brouillet[\/vc_column_text][\/vc_column][vc_column column_width_percent=&#8221;100&#8243; position_vertical=&#8221;middle&#8221; expand_height=&#8221;yes&#8221; overlay_alpha=&#8221;50&#8243; gutter_size=&#8221;3&#8243; medium_width=&#8221;0&#8243; shift_x=&#8221;0&#8243; shift_y=&#8221;0&#8243; z_index=&#8221;0&#8243; width=&#8221;1\/4&#8243; el_class=&#8221;col-realisation-extra-info&#8221;][vc_column_text]<strong>Type :<br \/>\n<\/strong>Office<\/p>\n<p><strong>Surface Area :<br \/>\n<\/strong>35 000 ft2[\/vc_column_text][\/vc_column][\/vc_row][vc_row][vc_column width=&#8221;1\/1&#8243;][\/vc_column][\/vc_row][vc_row row_height_percent=&#8221;0&#8243; overlay_alpha=&#8221;50&#8243; gutter_size=&#8221;3&#8243; shift_y=&#8221;0&#8243; row_name=&#8221;row-video&#8221;][vc_column width=&#8221;1\/1&#8243;][vc_column_text]<iframe width=\"560\" height=\"560\" src=\"https:\/\/www.youtube.com\/embed\/wsqRy0f8gWs\" title=\"YouTube video player\" frameborder=\"0\" allow=\"accelerometer; autoplay; clipboard-write; encrypted-media; gyroscope; picture-in-picture\" allowfullscreen><\/iframe>[\/vc_column_text][\/vc_column][\/vc_row][vc_row unlock_row_content=&#8221;yes&#8221; row_height_percent=&#8221;0&#8243; overlay_alpha=&#8221;50&#8243; gutter_size=&#8221;3&#8243; shift_y=&#8221;0&#8243;][vc_column width=&#8221;1\/1&#8243;][vc_column_text]<link rel=\"preload\" as=\"image\" href=\"https:\/\/eadn-wc05-5238924.nxedge.io\/wp-content\/uploads\/2024\/09\/Mistplay_MaximeBrouillet-007-1024x768.jpg\">\n<link rel=\"preload\" as=\"image\" href=\"https:\/\/eadn-wc05-5238924.nxedge.io\/wp-content\/uploads\/2024\/09\/Mistplay_MaximeBrouillet-004-1024x768.jpg\">\n<link rel=\"preload\" as=\"image\" href=\"https:\/\/eadn-wc05-5238924.nxedge.io\/wp-content\/uploads\/2025\/02\/Mistplay_MaximeBrouillet-066-1024x768.jpg\">\n<link rel=\"preload\" as=\"image\" href=\"https:\/\/eadn-wc05-5238924.nxedge.io\/wp-content\/uploads\/2024\/09\/Mistplay_MaximeBrouillet-108-1024x768.jpg\">\n<link rel=\"preload\" as=\"image\" href=\"https:\/\/eadn-wc05-5238924.nxedge.io\/wp-content\/uploads\/2024\/09\/Mistplay_MaximeBrouillet-088-768x1024.jpg\">\n<link rel=\"preload\" as=\"image\" href=\"https:\/\/eadn-wc05-5238924.nxedge.io\/wp-content\/uploads\/2024\/09\/Mistplay_MaximeBrouillet-069-1024x768.jpg\">\n<link rel=\"preload\" as=\"image\" href=\"https:\/\/eadn-wc05-5238924.nxedge.io\/wp-content\/uploads\/2024\/09\/Mistplay_MaximeBrouillet-245-1024x768.jpg\">\n<link rel=\"preload\" as=\"image\" href=\"https:\/\/eadn-wc05-5238924.nxedge.io\/wp-content\/uploads\/2024\/09\/Mistplay_MaximeBrouillet-022-1024x768.jpg\">\n<link rel=\"preload\" as=\"image\" href=\"https:\/\/eadn-wc05-5238924.nxedge.io\/wp-content\/uploads\/2024\/09\/Mistplay_MaximeBrouillet-045-768x1024.jpg\">\n<div class=\"image-gallery\" id=\"myImageGallery_69d8f6d3bf5bc\"><\/div>[\/vc_column_text][\/vc_column][\/vc_row][vc_row][vc_column][vc_column_text]<\/p>\n<p>[\/vc_column_text][\/vc_column][\/vc_row]<\/p>\n<\/div>","protected":false},"excerpt":{"rendered":"<p>[vc_row unlock_row_content=&#8221;yes&#8221; row_height_percent=&#8221;0&#8243; back_image=&#8221;56664&#8243; overlay_alpha=&#8221;50&#8243; gutter_size=&#8221;3&#8243; shift_y=&#8221;0&#8243; row_name=&#8221;row-full-realisation-bg&#8221;][vc_column width=&#8221;1\/1&#8243;][\/vc_column][\/vc_row][vc_row row_height_percent=&#8221;0&#8243; overlay_alpha=&#8221;50&#8243; gutter_size=&#8221;3&#8243; shift_y=&#8221;0&#8243; el_class=&#8221;row-title&#8221; row_name=&#8221;row-title&#8221;][vc_column width=&#8221;1\/1&#8243;][vc_column_text] Mistplay [\/vc_column_text][\/vc_column][\/vc_row][vc_row row_height_percent=&#8221;0&#8243; overlay_alpha=&#8221;50&#8243;<a class=\"moretag\" href=\"https:\/\/www.avantage-plus.com\/en\/projects\/office\/mistplay-ang\/\"> Read the full article patate&#8230;<\/a><\/p>\n","protected":false},"author":14,"featured_media":56664,"parent":29356,"menu_order":0,"comment_status":"closed","ping_status":"closed","template":"","meta":{"_acf_changed":false,"footnotes":""},"class_list":["post-56336","page","type-page","status-publish","has-post-thumbnail","hentry"],"acf":[],"yoast_head":"<!-- This site is optimized with the Yoast SEO plugin v26.9 - https:\/\/yoast.com\/product\/yoast-seo-wordpress\/ -->\n<title>Mistplay | Collaborative space for a downtown tech company | A+<\/title>\n<meta name=\"description\" content=\"We are proud to have delivered a bold project for a rapidly growing technology company in the downtown core.\" \/>\n<meta name=\"robots\" content=\"index, follow, max-snippet:-1, max-image-preview:large, max-video-preview:-1\" \/>\n<link rel=\"canonical\" href=\"https:\/\/www.avantage-plus.com\/en\/projects\/office\/mistplay-ang\/\" \/>\n<meta property=\"og:locale\" content=\"en_US\" \/>\n<meta property=\"og:type\" content=\"article\" \/>\n<meta property=\"og:title\" content=\"Mistplay | Collaborative space for a downtown tech company | A+\" \/>\n<meta property=\"og:description\" content=\"We are proud to have delivered a bold project for a rapidly growing technology company in the downtown core.\" \/>\n<meta property=\"og:url\" content=\"https:\/\/www.avantage-plus.com\/en\/projects\/office\/mistplay-ang\/\" \/>\n<meta property=\"og:site_name\" content=\"A+\" \/>\n<meta property=\"article:publisher\" content=\"https:\/\/www.facebook.com\/avantageplus\/\" \/>\n<meta property=\"article:modified_time\" content=\"2026-01-23T16:34:58+00:00\" \/>\n<meta property=\"og:image\" content=\"https:\/\/eadn-wc05-5238924.nxedge.io\/wp-content\/uploads\/2024\/10\/Mistplay_MaximeBrouillet-007-scaled.jpg\" \/>\n\t<meta property=\"og:image:width\" content=\"2560\" \/>\n\t<meta property=\"og:image:height\" content=\"1920\" \/>\n\t<meta property=\"og:image:type\" content=\"image\/jpeg\" \/>\n<meta name=\"twitter:card\" content=\"summary_large_image\" \/>\n<meta name=\"twitter:label1\" content=\"Est. reading time\" \/>\n\t<meta name=\"twitter:data1\" content=\"2 minutes\" \/>\n<script type=\"application\/ld+json\" class=\"yoast-schema-graph\">{\"@context\":\"https:\/\/schema.org\",\"@graph\":[{\"@type\":\"WebPage\",\"@id\":\"https:\/\/www.avantage-plus.com\/en\/projects\/office\/mistplay-ang\/\",\"url\":\"https:\/\/www.avantage-plus.com\/en\/projects\/office\/mistplay-ang\/\",\"name\":\"Mistplay | Collaborative space for a downtown tech company | A+\",\"isPartOf\":{\"@id\":\"https:\/\/www.avantage-plus.com\/en\/#website\"},\"primaryImageOfPage\":{\"@id\":\"https:\/\/www.avantage-plus.com\/en\/projects\/office\/mistplay-ang\/#primaryimage\"},\"image\":{\"@id\":\"https:\/\/www.avantage-plus.com\/en\/projects\/office\/mistplay-ang\/#primaryimage\"},\"thumbnailUrl\":\"https:\/\/eadn-wc05-5238924.nxedge.io\/wp-content\/uploads\/2024\/10\/Mistplay_MaximeBrouillet-007-scaled.jpg\",\"datePublished\":\"2021-11-16T01:52:39+00:00\",\"dateModified\":\"2026-01-23T16:34:58+00:00\",\"description\":\"We are proud to have delivered a bold project for a rapidly growing technology company in the downtown core.\",\"breadcrumb\":{\"@id\":\"https:\/\/www.avantage-plus.com\/en\/projects\/office\/mistplay-ang\/#breadcrumb\"},\"inLanguage\":\"en-US\",\"potentialAction\":[{\"@type\":\"ReadAction\",\"target\":[\"https:\/\/www.avantage-plus.com\/en\/projects\/office\/mistplay-ang\/\"]}]},{\"@type\":\"ImageObject\",\"inLanguage\":\"en-US\",\"@id\":\"https:\/\/www.avantage-plus.com\/en\/projects\/office\/mistplay-ang\/#primaryimage\",\"url\":\"https:\/\/eadn-wc05-5238924.nxedge.io\/wp-content\/uploads\/2024\/10\/Mistplay_MaximeBrouillet-007-scaled.jpg\",\"contentUrl\":\"https:\/\/eadn-wc05-5238924.nxedge.io\/wp-content\/uploads\/2024\/10\/Mistplay_MaximeBrouillet-007-scaled.jpg\",\"width\":2560,\"height\":1920},{\"@type\":\"BreadcrumbList\",\"@id\":\"https:\/\/www.avantage-plus.com\/en\/projects\/office\/mistplay-ang\/#breadcrumb\",\"itemListElement\":[{\"@type\":\"ListItem\",\"position\":1,\"name\":\"Home\",\"item\":\"https:\/\/www.avantage-plus.com\/en\/\"},{\"@type\":\"ListItem\",\"position\":2,\"name\":\"Projects\",\"item\":\"https:\/\/www.avantage-plus.com\/en\/projects\/\"},{\"@type\":\"ListItem\",\"position\":3,\"name\":\"Office\",\"item\":\"https:\/\/www.avantage-plus.com\/en\/projects\/office\/\"},{\"@type\":\"ListItem\",\"position\":4,\"name\":\"Mistplay\"}]},{\"@type\":\"WebSite\",\"@id\":\"https:\/\/www.avantage-plus.com\/en\/#website\",\"url\":\"https:\/\/www.avantage-plus.com\/en\/\",\"name\":\"A+\",\"description\":\"Entreprise en construction\",\"potentialAction\":[{\"@type\":\"SearchAction\",\"target\":{\"@type\":\"EntryPoint\",\"urlTemplate\":\"https:\/\/www.avantage-plus.com\/en\/?s={search_term_string}\"},\"query-input\":{\"@type\":\"PropertyValueSpecification\",\"valueRequired\":true,\"valueName\":\"search_term_string\"}}],\"inLanguage\":\"en-US\"}]}<\/script>\n<!-- \/ Yoast SEO plugin. -->","yoast_head_json":{"title":"Mistplay | Collaborative space for a downtown tech company | A+","description":"We are proud to have delivered a bold project for a rapidly growing technology company in the downtown core.","robots":{"index":"index","follow":"follow","max-snippet":"max-snippet:-1","max-image-preview":"max-image-preview:large","max-video-preview":"max-video-preview:-1"},"canonical":"https:\/\/www.avantage-plus.com\/en\/projects\/office\/mistplay-ang\/","og_locale":"en_US","og_type":"article","og_title":"Mistplay | Collaborative space for a downtown tech company | A+","og_description":"We are proud to have delivered a bold project for a rapidly growing technology company in the downtown core.","og_url":"https:\/\/www.avantage-plus.com\/en\/projects\/office\/mistplay-ang\/","og_site_name":"A+","article_publisher":"https:\/\/www.facebook.com\/avantageplus\/","article_modified_time":"2026-01-23T16:34:58+00:00","og_image":[{"width":2560,"height":1920,"url":"https:\/\/eadn-wc05-5238924.nxedge.io\/wp-content\/uploads\/2024\/10\/Mistplay_MaximeBrouillet-007-scaled.jpg","type":"image\/jpeg"}],"twitter_card":"summary_large_image","twitter_misc":{"Est. reading time":"2 minutes"},"schema":{"@context":"https:\/\/schema.org","@graph":[{"@type":"WebPage","@id":"https:\/\/www.avantage-plus.com\/en\/projects\/office\/mistplay-ang\/","url":"https:\/\/www.avantage-plus.com\/en\/projects\/office\/mistplay-ang\/","name":"Mistplay | Collaborative space for a downtown tech company | A+","isPartOf":{"@id":"https:\/\/www.avantage-plus.com\/en\/#website"},"primaryImageOfPage":{"@id":"https:\/\/www.avantage-plus.com\/en\/projects\/office\/mistplay-ang\/#primaryimage"},"image":{"@id":"https:\/\/www.avantage-plus.com\/en\/projects\/office\/mistplay-ang\/#primaryimage"},"thumbnailUrl":"https:\/\/eadn-wc05-5238924.nxedge.io\/wp-content\/uploads\/2024\/10\/Mistplay_MaximeBrouillet-007-scaled.jpg","datePublished":"2021-11-16T01:52:39+00:00","dateModified":"2026-01-23T16:34:58+00:00","description":"We are proud to have delivered a bold project for a rapidly growing technology company in the downtown core.","breadcrumb":{"@id":"https:\/\/www.avantage-plus.com\/en\/projects\/office\/mistplay-ang\/#breadcrumb"},"inLanguage":"en-US","potentialAction":[{"@type":"ReadAction","target":["https:\/\/www.avantage-plus.com\/en\/projects\/office\/mistplay-ang\/"]}]},{"@type":"ImageObject","inLanguage":"en-US","@id":"https:\/\/www.avantage-plus.com\/en\/projects\/office\/mistplay-ang\/#primaryimage","url":"https:\/\/eadn-wc05-5238924.nxedge.io\/wp-content\/uploads\/2024\/10\/Mistplay_MaximeBrouillet-007-scaled.jpg","contentUrl":"https:\/\/eadn-wc05-5238924.nxedge.io\/wp-content\/uploads\/2024\/10\/Mistplay_MaximeBrouillet-007-scaled.jpg","width":2560,"height":1920},{"@type":"BreadcrumbList","@id":"https:\/\/www.avantage-plus.com\/en\/projects\/office\/mistplay-ang\/#breadcrumb","itemListElement":[{"@type":"ListItem","position":1,"name":"Home","item":"https:\/\/www.avantage-plus.com\/en\/"},{"@type":"ListItem","position":2,"name":"Projects","item":"https:\/\/www.avantage-plus.com\/en\/projects\/"},{"@type":"ListItem","position":3,"name":"Office","item":"https:\/\/www.avantage-plus.com\/en\/projects\/office\/"},{"@type":"ListItem","position":4,"name":"Mistplay"}]},{"@type":"WebSite","@id":"https:\/\/www.avantage-plus.com\/en\/#website","url":"https:\/\/www.avantage-plus.com\/en\/","name":"A+","description":"Entreprise en construction","potentialAction":[{"@type":"SearchAction","target":{"@type":"EntryPoint","urlTemplate":"https:\/\/www.avantage-plus.com\/en\/?s={search_term_string}"},"query-input":{"@type":"PropertyValueSpecification","valueRequired":true,"valueName":"search_term_string"}}],"inLanguage":"en-US"}]}},"_links":{"self":[{"href":"https:\/\/www.avantage-plus.com\/en\/wp-json\/wp\/v2\/pages\/56336","targetHints":{"allow":["GET"]}}],"collection":[{"href":"https:\/\/www.avantage-plus.com\/en\/wp-json\/wp\/v2\/pages"}],"about":[{"href":"https:\/\/www.avantage-plus.com\/en\/wp-json\/wp\/v2\/types\/page"}],"author":[{"embeddable":true,"href":"https:\/\/www.avantage-plus.com\/en\/wp-json\/wp\/v2\/users\/14"}],"replies":[{"embeddable":true,"href":"https:\/\/www.avantage-plus.com\/en\/wp-json\/wp\/v2\/comments?post=56336"}],"version-history":[{"count":8,"href":"https:\/\/www.avantage-plus.com\/en\/wp-json\/wp\/v2\/pages\/56336\/revisions"}],"predecessor-version":[{"id":77404,"href":"https:\/\/www.avantage-plus.com\/en\/wp-json\/wp\/v2\/pages\/56336\/revisions\/77404"}],"up":[{"embeddable":true,"href":"https:\/\/www.avantage-plus.com\/en\/wp-json\/wp\/v2\/pages\/29356"}],"wp:featuredmedia":[{"embeddable":true,"href":"https:\/\/www.avantage-plus.com\/en\/wp-json\/wp\/v2\/media\/56664"}],"wp:attachment":[{"href":"https:\/\/www.avantage-plus.com\/en\/wp-json\/wp\/v2\/media?parent=56336"}],"curies":[{"name":"wp","href":"https:\/\/api.w.org\/{rel}","templated":true}]}}